{"id":11,"date":"2022-12-22T19:47:17","date_gmt":"2022-12-22T18:47:17","guid":{"rendered":"https:\/\/gliwice.wordcamp.org\/2023\/location\/"},"modified":"2023-05-08T08:53:25","modified_gmt":"2023-05-08T06:53:25","slug":"lokalizacja","status":"publish","type":"page","link":"https:\/\/gliwice.wordcamp.org\/2023\/lokalizacja\/","title":{"rendered":"Lokalizacja"},"content":{"rendered":"\n<hr class=\"wp-block-separator has-text-color has-custom-color-12-color has-alpha-channel-opacity has-custom-color-12-background-color has-background is-style-wide\" \/>\n\n\n\n<div class=\"wp-block-group alignfull has-custom-alice-blue-background-color has-background is-content-justification-center is-layout-constrained wp-block-group-is-layout-constrained\">\n<div style=\"height:5px\" aria-hidden=\"true\" class=\"wp-block-spacer\"><\/div>\n\n\n\n<h4 class=\"wp-block-heading has-text-align-left\" style=\"font-size:1.5rem;font-style:normal;font-weight:600;text-transform:uppercase\"><strong><strong>Centrum Edukacyjno-Kongresowe <\/strong><\/strong><br><strong><strong>Politechniki \u015al\u0105skiej<\/strong><\/strong><\/h4>\n\n\n\n<p class=\"has-text-align-left has-medium-font-size\">ul. Stanis\u0142awa Konarskiego 18 B<br>44-100 Gliwice<\/p>\n\n\n\n<p class=\"has-text-align-left\"><strong>Wsp\u00f3\u0142rz\u0119dne:<\/strong> 50.29274370435712, 18.68204833993407<\/p>\n\n\n\n<div style=\"height:10px\" aria-hidden=\"true\" class=\"wp-block-spacer\"><\/div>\n<\/div>\n\n\n\n<div class=\"googlemaps\">\n\t\t\t\t<iframe loading=\"lazy\" width=\"900\" height=\"480\" frameborder=\"0\" scrolling=\"no\" marginheight=\"0\" marginwidth=\"0\"  src=\"https:\/\/www.google.com\/maps\/d\/u\/0\/embed?mid=15SRoMVESkfvSPkSeJWJ1gflH6VOkRpg&#038;ehbc=2E312F\"><\/iframe>\n\t\t\t<\/div>\n\n\n\n<h3 class=\"wp-block-heading\" id=\"jak-dojechac\">Jak dotrze\u0107 do Centrum?<\/h3>\n\n\n\n<h5 class=\"wp-block-heading\">Komunikacja miejska<\/h5>\n\n\n\n<div class=\"wp-block-columns is-layout-flex wp-container-core-columns-is-layout-28f84493 wp-block-columns-is-layout-flex\">\n<div class=\"wp-block-column is-layout-flow wp-block-column-is-layout-flow\" style=\"flex-basis:10%\">\n<i class=\"fa-solid fa-bus-simple\"><\/i>\n<\/div>\n\n\n\n<div class=\"wp-block-column is-layout-flow wp-block-column-is-layout-flow\">\n<p>Przy Centrum Edukacyjno-Kongresowym nie ma bezpo\u015bredniego przystanku. Decyduj\u0105c si\u0119 na podjechanie autobusem nale\u017cy liczy\u0107 si\u0119 z kilkuminutowym spacerem (ca\u0142a trasa pieszo z dworca PKP to oko\u0142o 16 minut). Ze wzgl\u0119du na intensywne roboty drogowe, przyje\u017cd\u017caj\u0105c <span style=\"text-decoration: underline\">poci\u0105giem<\/span> trzeba zjecha\u0107 z peronu ruchomymi schodami i kieruj\u0105c si\u0119 za peron 4. i\u015b\u0107 <span style=\"text-decoration: underline\">podziemnym tunelem do Centrum Przesiadkowego<\/span> (CP). Tam wsi\u0105\u015b\u0107 w autobus i wysi\u0105\u015b\u0107 na przystanku <strong>Gliwice Dworcowa<\/strong> (32, 197, 224, 702, M100), <strong>Gliwice Plac Piast\u00f3w <\/strong>(8, 41, 59, 669, 694, M18, M104, M105) lub <strong>Gliwice Jagiello\u0144ska<\/strong> (A4, 197).<\/p>\n<\/div>\n<\/div>\n\n\n\n<div class=\"wp-block-columns is-layout-flex wp-container-core-columns-is-layout-28f84493 wp-block-columns-is-layout-flex\">\n<div class=\"wp-block-column is-layout-flow wp-block-column-is-layout-flow\" style=\"flex-basis:10%\">\n<i class=\"fa-solid fa-ticket\"><\/i>\n<\/div>\n\n\n\n<div class=\"wp-block-column is-layout-flow wp-block-column-is-layout-flow\">\n<p><strong>Bilety<\/strong> na najkr\u00f3tszy czas mo\u017cna naby\u0107 w g\u0142\u00f3wnym budynku CP, w automatach, u kierowcy (nie polecamy &#8211; najdro\u017cej i trzeba mie\u0107 got\u00f3wk\u0119) lub zainstalowa\u0107 jedn\u0105 z aplikacji, np. moBilet (po zainstalowaniu nale\u017cy do\u0142adowa\u0107 konto, wybra\u0107 &#8222;Komunikacja miejska&#8221;, nast\u0119pnie dodaj\u0105c miasto wybra\u0107 &#8222;Metropolia GZM (ZTM)&#8221;).<\/p>\n<\/div>\n<\/div>\n\n\n\n<div style=\"height:10px\" aria-hidden=\"true\" class=\"wp-block-spacer\"><\/div>\n\n\n\n<h5 class=\"wp-block-heading\">Transport indywidualny<\/h5>\n\n\n\n<div class=\"wp-block-columns is-layout-flex wp-container-core-columns-is-layout-28f84493 wp-block-columns-is-layout-flex\">\n<div class=\"wp-block-column is-layout-flow wp-block-column-is-layout-flow\" style=\"flex-basis:10%\">\n<figure class=\"wp-block-image size-full\"><img loading=\"lazy\" decoding=\"async\" width=\"318\" height=\"159\" src=\"https:\/\/gliwice.wordcamp.org\/2023\/files\/2023\/01\/autoHOP-logo.png\" alt=\"\" class=\"wp-image-1055\" srcset=\"https:\/\/gliwice.wordcamp.org\/2023\/files\/2023\/01\/autoHOP-logo.png 318w, https:\/\/gliwice.wordcamp.org\/2023\/files\/2023\/01\/autoHOP-logo-300x150.png 300w\" sizes=\"auto, (max-width: 318px) 100vw, 318px\" \/><\/figure>\n<\/div>\n\n\n\n<div class=\"wp-block-column is-layout-flow wp-block-column-is-layout-flow\">\n<p><strong>AutoHop<\/strong> &#8211; \u015bwietna alternatywa dla taks\u00f3wek, bardzo polecamy! Przejazd kosztuje 4 z\u0142 (3 z\u0142 za drug\u0105 i kolejn\u0105 osob\u0119) niezale\u017cnie od d\u0142ugo\u015bci trasy. Dzia\u0142a od poniedzia\u0142ku do pi\u0105tku w godzinach 6:00-19:00. Trzeba zainstalowa\u0107 aplikacj\u0119, szczeg\u00f3\u0142y doczytaj tu: <a rel=\"noreferrer noopener\" href=\"https:\/\/autohop.pl\/\" target=\"_blank\">autohop.pl<\/a>.<\/p>\n<\/div>\n<\/div>\n\n\n\n<div class=\"wp-block-columns is-layout-flex wp-container-core-columns-is-layout-28f84493 wp-block-columns-is-layout-flex\">\n<div class=\"wp-block-column is-layout-flow wp-block-column-is-layout-flow\" style=\"flex-basis:10%\">\n<i class=\"fa-brands fa-uber\"><\/i>\n<\/div>\n\n\n\n<div class=\"wp-block-column is-layout-flow wp-block-column-is-layout-flow\">\n<p><strong>Uber<\/strong><\/p>\n<\/div>\n<\/div>\n\n\n\n<div style=\"height:10px\" aria-hidden=\"true\" class=\"wp-block-spacer\"><\/div>\n\n\n\n<h5 class=\"wp-block-heading\">Taxi<\/h5>\n\n\n\n<div class=\"wp-block-columns is-layout-flex wp-container-core-columns-is-layout-28f84493 wp-block-columns-is-layout-flex\">\n<div class=\"wp-block-column is-layout-flow wp-block-column-is-layout-flow\" style=\"flex-basis:10%\">\n<i class=\"fa-solid fa-taxi\"><\/i>\n<\/div>\n\n\n\n<div class=\"wp-block-column is-layout-flow wp-block-column-is-layout-flow\">\n<p><strong>Dragon (Lux)<\/strong> tel. 32 238 91 99<br><strong>Lider Taxi<\/strong> tel. 32 506 56 56<\/p>\n<\/div>\n<\/div>\n\n\n\n<div style=\"height:10px\" aria-hidden=\"true\" class=\"wp-block-spacer\"><\/div>\n\n\n\n<h5 class=\"wp-block-heading\">Hulajnogi elektryczne<\/h5>\n\n\n\n<div class=\"wp-block-columns is-layout-flex wp-container-core-columns-is-layout-28f84493 wp-block-columns-is-layout-flex\">\n<div class=\"wp-block-column is-layout-flow wp-block-column-is-layout-flow\" style=\"flex-basis:10%\">\n<i class=\"fa-solid fa-moped\"><\/i>\n<\/div>\n\n\n\n<div class=\"wp-block-column is-layout-flow wp-block-column-is-layout-flow\">\n<p>Porozstawiane w bardziej lub mniej losowych miejscach. Najlepiej \u015bci\u0105gn\u0105\u0107 aplikacj\u0119 i sprawdzi\u0107, gdzie znajduj\u0105 si\u0119 obecnie. S\u0105 4 rodzaje hulajn\u00f3g i ka\u017cdy ma swoj\u0105 apk\u0119:<br>Bolt <a rel=\"noreferrer noopener\" href=\"https:\/\/play.google.com\/store\/apps\/details?id=ee.mtakso.client\" target=\"_blank\">Google Play (bolt)<\/a><br>Blinkee <a rel=\"noreferrer noopener\" href=\"https:\/\/play.google.com\/store\/apps\/details?id=pl.blinkee.mobile\" target=\"_blank\">Google Play (blinkee)<\/a><br>Hopp <a rel=\"noreferrer noopener\" href=\"https:\/\/play.google.com\/store\/apps\/details?id=bike.hopp\" target=\"_blank\">Google Play (bike.hopp)<\/a><br>Lime <a href=\"https:\/\/play.google.com\/store\/apps\/details?id=com.limebike\" target=\"_blank\" rel=\"noreferrer noopener\">Google Play (limebike)<\/a><\/p>\n<\/div>\n<\/div>\n\n\n\n<div style=\"height:10px\" aria-hidden=\"true\" class=\"wp-block-spacer\"><\/div>\n\n\n\n<h5 class=\"wp-block-heading\">Samoch\u00f3d<\/h5>\n\n\n\n<div class=\"wp-block-columns is-layout-flex wp-container-core-columns-is-layout-28f84493 wp-block-columns-is-layout-flex\">\n<div class=\"wp-block-column is-layout-flow wp-block-column-is-layout-flow\" style=\"flex-basis:10%\">\n<i class=\"fa-solid fa-car\"><\/i>\n<\/div>\n\n\n\n<div class=\"wp-block-column is-layout-flow wp-block-column-is-layout-flow\">\n<p>CEK mie\u015bci si\u0119 w idealnej lokalizacji &#8211; tu\u017c przy zje\u017adzie z autostrad A1\/A4, DT\u015a (tzw. \u015brednic\u00f3wki), w pobli\u017cu dworca PKP.<\/p>\n<\/div>\n<\/div>\n\n\n\n<div class=\"wp-block-columns is-layout-flex wp-container-core-columns-is-layout-28f84493 wp-block-columns-is-layout-flex\">\n<div class=\"wp-block-column is-layout-flow wp-block-column-is-layout-flow\" style=\"flex-basis:10%\">\n<i class=\"fa-solid fa-square-parking\"><\/i>\n<\/div>\n\n\n\n<div class=\"wp-block-column is-layout-flow wp-block-column-is-layout-flow\">\n<p>Przy Centrum oraz w okolicy Politechniki jest sporo bezp\u0142atnych miejsc parkingowych, auto mo\u017cna r\u00f3wnie\u017c zostawi\u0107 przy ulicy (akurat ul. Konarskiego jest poza Stref\u0105 P\u0142atnego Parkowania, ale parkuj\u0105c bli\u017cej Rynku p\u0142aci si\u0119 w parkomatach lub aplikacji (np. wy\u017cej wspomniany moBilet lub inne apki \u2013 zerknij tu: <a rel=\"noreferrer noopener\" href=\"https:\/\/parkowaniegliwice.pl\/oplaty\/platnosci-mobilne\/\" target=\"_blank\">parkowaniegliwice.pl\/oplaty\/platnosci-mobilne<\/a>) od poniedzia\u0142ku do pi\u0105tku w godzinach 9:00-17:00).<\/p>\n<\/div>\n<\/div>\n\n\n\n<div style=\"height:10px\" aria-hidden=\"true\" class=\"wp-block-spacer\"><\/div>\n\n\n\n<h5 class=\"wp-block-heading\">Samolot<\/h5>\n\n\n\n<div class=\"wp-block-columns is-layout-flex wp-container-core-columns-is-layout-28f84493 wp-block-columns-is-layout-flex\">\n<div class=\"wp-block-column is-layout-flow wp-block-column-is-layout-flow\" style=\"flex-basis:10%\">\n<i class=\"fa-solid fa-plane\"><\/i>\n<\/div>\n\n\n\n<div class=\"wp-block-column is-layout-flow wp-block-column-is-layout-flow\">\n<p>Najbli\u017csze lotnisko to Katowice-Pyrzowice. Do Centrum Przesiadkowego w Gliwicach (CP) dojedziesz autobusem M14.<\/p>\n<\/div>\n<\/div>\n\n\n\n<div style=\"height:10px\" aria-hidden=\"true\" class=\"wp-block-spacer\"><\/div>\n\n\n\n<div class=\"wp-block-columns is-layout-flex wp-container-core-columns-is-layout-28f84493 wp-block-columns-is-layout-flex\">\n<div class=\"wp-block-column is-layout-flow wp-block-column-is-layout-flow\">\n<figure class=\"wp-block-image size-large\"><img loading=\"lazy\" decoding=\"async\" width=\"1024\" height=\"530\" src=\"https:\/\/gliwice.wordcamp.org\/2023\/files\/2023\/01\/CEK-1-1024x530.jpeg\" alt=\"\" class=\"wp-image-1021\" srcset=\"https:\/\/gliwice.wordcamp.org\/2023\/files\/2023\/01\/CEK-1-1024x530.jpeg 1024w, https:\/\/gliwice.wordcamp.org\/2023\/files\/2023\/01\/CEK-1-300x155.jpeg 300w, https:\/\/gliwice.wordcamp.org\/2023\/files\/2023\/01\/CEK-1-768x397.jpeg 768w, https:\/\/gliwice.wordcamp.org\/2023\/files\/2023\/01\/CEK-1-500x259.jpeg 500w, https:\/\/gliwice.wordcamp.org\/2023\/files\/2023\/01\/CEK-1-1536x795.jpeg 1536w, https:\/\/gliwice.wordcamp.org\/2023\/files\/2023\/01\/CEK-1-2048x1060.jpeg 2048w\" sizes=\"auto, (max-width: 1024px) 100vw, 1024px\" \/><\/figure>\n<\/div>\n<\/div>\n","protected":false},"excerpt":{"rendered":"<p>Centrum Edukacyjno-Kongresowe Politechniki \u015al\u0105skiej ul. Stanis\u0142awa Konarskiego 18 B44-100 Gliwice Wsp\u00f3\u0142rz\u0119dne: 50.29274370435712, 18.68204833993407 Jak dotrze\u0107 do Centrum? Komunikacja miejska Przy Centrum Edukacyjno-Kongresowym nie ma bezpo\u015bredniego przystanku. Decyduj\u0105c si\u0119 na podjechanie autobusem nale\u017cy liczy\u0107 si\u0119 z kilkuminutowym spacerem (ca\u0142a trasa pieszo z dworca PKP to oko\u0142o 16 minut). Ze wzgl\u0119du na intensywne roboty drogowe, przyje\u017cd\u017caj\u0105c poci\u0105giem [&hellip;]<\/p>\n","protected":false},"author":15457458,"featured_media":0,"parent":0,"menu_order":0,"comment_status":"closed","ping_status":"closed","template":"page-large-header","meta":{"jetpack_post_was_ever_published":false,"footnotes":""},"class_list":["post-11","page","type-page","status-publish","hentry"],"jetpack_sharing_enabled":true,"_links":{"self":[{"href":"https:\/\/gliwice.wordcamp.org\/2023\/wp-json\/wp\/v2\/pages\/11","targetHints":{"allow":["GET"]}}],"collection":[{"href":"https:\/\/gliwice.wordcamp.org\/2023\/wp-json\/wp\/v2\/pages"}],"about":[{"href":"https:\/\/gliwice.wordcamp.org\/2023\/wp-json\/wp\/v2\/types\/page"}],"author":[{"embeddable":true,"href":"https:\/\/gliwice.wordcamp.org\/2023\/wp-json\/wp\/v2\/users\/15457458"}],"replies":[{"embeddable":true,"href":"https:\/\/gliwice.wordcamp.org\/2023\/wp-json\/wp\/v2\/comments?post=11"}],"version-history":[{"count":70,"href":"https:\/\/gliwice.wordcamp.org\/2023\/wp-json\/wp\/v2\/pages\/11\/revisions"}],"predecessor-version":[{"id":4301,"href":"https:\/\/gliwice.wordcamp.org\/2023\/wp-json\/wp\/v2\/pages\/11\/revisions\/4301"}],"wp:attachment":[{"href":"https:\/\/gliwice.wordcamp.org\/2023\/wp-json\/wp\/v2\/media?parent=11"}],"curies":[{"name":"wp","href":"https:\/\/api.w.org\/{rel}","templated":true}]}}