{"id":17,"date":"2022-12-22T19:47:17","date_gmt":"2022-12-22T18:47:17","guid":{"rendered":"https:\/\/gliwice.wordcamp.org\/2023\/contact\/"},"modified":"2023-03-31T18:02:34","modified_gmt":"2023-03-31T16:02:34","slug":"kontakt","status":"publish","type":"page","link":"https:\/\/gliwice.wordcamp.org\/2023\/kontakt\/","title":{"rendered":"Kontakt"},"content":{"rendered":"\n<div class=\"wp-block-group is-layout-constrained wp-block-group-is-layout-constrained\"><div data-test='contact-form'\n\t\t\tid='contact-form-17'\n\t\t\tclass='wp-block-jetpack-contact-form-container '\n\t\t\tdata-wp-interactive='jetpack\/form' data-wp-context='{\"formId\":\"17\",\"formHash\":\"ae0761b6797ac337cfdd1deac3650cefeb218b68\",\"showErrors\":false,\"errors\":[],\"fields\":[],\"isMultiStep\":false,\"useAjax\":true,\"submissionData\":null,\"formattedSubmissionData\":[],\"submissionSuccess\":false,\"submissionError\":null,\"elementId\":\"jp-form-ae0761b6797ac337cfdd1deac3650cefeb218b68\",\"isSingleInputForm\":false}'\n\t\t\tdata-wp-watch--scroll-to-wrapper=\"callbacks.scrollToWrapper\"\n\t\t>\n<div class=\"contact-form-submission contact-form-ajax-submission\" data-wp-bind--aria-hidden=\"state.isSuccessMessageAriaHidden\" data-wp-class--submission-success=\"context.submissionSuccess\" id=\"contact-form-success-ae0761b6797ac337cfdd1deac3650cefeb218b68\" tabindex=\"-1\" aria-labelledby=\"contact-form-success-header-ae0761b6797ac337cfdd1deac3650cefeb218b68\"><p class=\"go-back-message\"><a class=\"link\" role=\"button\" tabindex=\"0\" data-wp-on--click=\"actions.goBack\" href=\"\/2023\/wp-json\/wp\/v2\/pages\/17\">\u2190 Back<\/a><\/p><h4 data-wp-bind--aria-hidden=\"state.isSuccessMessageAriaHidden\" id=\"contact-form-success-header-ae0761b6797ac337cfdd1deac3650cefeb218b68\">Twoja wiadomo\u015b\u0107 zosta\u0142a wys\u0142ana<\/h4>\n\n<div class=\"jetpack_forms_contact-form-custom-success-message\"> <\/div><\/div><form action='https:\/\/gliwice.wordcamp.org\/2023\/kontakt\/'\n\t\t\t\tid='jp-form-ae0761b6797ac337cfdd1deac3650cefeb218b68'\n\t\t\t\tmethod='post'\n\t\t\t\tclass='contact-form commentsblock wp-block-jetpack-contact-form' aria-label=\"Kontakt\"\n\t\t\t\tdata-wp-on--submit=\"actions.onFormSubmit\"\n\t\t\t\tdata-wp-on--reset=\"actions.onFormReset\"\n\t\t\t\tdata-wp-class--submission-success=\"context.submissionSuccess\"\n\t\t\t\tdata-wp-class--is-first-step=\"state.isFirstStep\"\n\t\t\t\tdata-wp-class--is-last-step=\"state.isLastStep\"\n\t\t\t\tdata-wp-class--is-ajax-form=\"context.useAjax\"\n\t\t\t\tnovalidate >\n<input type='hidden' name='jetpack_contact_form_jwt' value='eyJ0eXAiOiJKV1QiLCJhbGciOiJIUzI1NiJ9.eyJlbmNyeXB0ZWRfYXR0cmlidXRlcyI6IndUVUdGNmlCblJSNzY4eDlYcXRoaTlpZ05pTEhOdTFmM2RybEJOZEVKcHNHelI5Z280cllEam1OVFYwUHNoN1AxckU0L25WcElwMXI4SU9SK282YXJGQldFZEF3SGI4alJ6d1ZvT242bVNQZWpWRGRZMDJlU0NOMHlsL1lDVXBVMTVaaFZqZllZdlJ5eWFTRSt0S2RwWVVGckNXd2hjMm5MNG9zUEVyZmRRZmdvN0dhbW0vTHNkNHlsVDdzUFlQWkJBY1l2MkhDYVJqWHFmSzR1bXJ5YWZ0cDFFT1BWSUNaNmZXU3pQemUzTCs5L3d2V042WUQzK2ZFdGdZZmhRVDZWZUN4aitVN0hHZ0R0ZlVDR2hYaGxYR1FSUDBiODh4V0hwa25OVmdXRXpnYzBnSkNEbG5ack1LWFIwWDB4L1hsM0oveEpJT0ZJYnhmUzJWQ283dDNuWXp4VkhrencvZVJDeDdQMUFpQ3p2cG5lQkVVUUJ5S0M5MUI1M0x6ZkFzUlpBd1NZSWV2NVFMc1JaaGJMZElJeUxJaXFGVVlFRkprd3ZMdmNyV1VMZnc5RThBVUVEd3Y4a0FTOWFwY0JaT3dIVVJJUVUydm1IeW9nU1VDTmFoaVpkKzNQMW03NGREYXFST3pYd0Y1dXVnRlBXbk83WUhpNmx5NU4rdVUxNUNCKzVxNnJXdWwvVHh4QmR3RXQ3c0ozYThvS1QraXBLZzVsQzV4UVdTMytINlJCT2p5cmpzNUZlaDN5a1I1blFncndOSkhyV3Q1V1RHNVRZUjBGRjBPcnBBTGR6c2dMUlJRaExDeC9KZHI0TWVYanFIMlY0WFVmbnBvb0xGMzZITzI0L1E5QlBrdWw5RTMrZEpGUGxmSWp0RGdOU0ZEd3BMbUN2RWNWMzUzMlBOWGQ1My9iMVFPWWk0YmJTbE04YTZLZEduWXRodFpJY2wwU241emRQaUdTWXNpUERaSzVrY3ZVNmkvL0U4K2UyQ3RVZHpXUTd3dldYeWpQdlgxQ21SZGczNDhNNmFObldGWHI4TmlueXl5UVBJZ1c5eWUzSEJDdmpQbmF6UlpNZkRBdWU1S2xVVXhOd1VHRloyeDlHSGtLZ3FWRUdSZlpldFZHUHdESW8wUXJpZ3grUW9GU2xSQVY3M25DaUkrWkxXOTNpeGJsL3NUclk5M2dpdkc3aStYUVJYZURzd1ljKytsWjlvTnlWTEZxUWM2dDJ4SWRCTE80V015ZVVZOTkrZFg3RmFlb3gyUHl3PT0iLCJjb250ZW50IjoiXG48ZGl2IGNsYXNzPVwid3AtYmxvY2stamV0cGFjay1jb250YWN0LWZvcm1cIiBzdHlsZT1cIm1hcmdpbi10b3A6MDtwYWRkaW5nLXRvcDowO3BhZGRpbmctYm90dG9tOjBcIj5cbjxwPkplXHUwMTVibGkgbWFzeiBweXRhbmlhLCBuYSBrdFx1MDBmM3JlIG5pZSB6bmFsYXpcdTAxNDJlXHUwMTViIG9kcG93aWVkemkgbmEgc3Ryb25pZSBsdWIgdyBuYXN6eWNoIGthbmFcdTAxNDJhY2ggc29jaWFsIG1lZGlhLCBuYXBpc3ogZG8gbmFzITxicj48YnI-UHl0YW5pYSBwcm9zaW15IHByemVzeVx1MDE0MmFcdTAxMDcgemEgcG9tb2NcdTAxMDUgcG9uaVx1MDE3Y3N6ZWdvIGZvcm11bGFyemEsIGplZG5hIHogb3NcdTAwZjNiIHogbmFzemVnbyB6ZXNwb1x1MDE0MnUgc2tvbnRha3R1amUgc2lcdTAxMTkgeiBUb2JcdTAxMDUuPC9wPlxuXG5cbltjb250YWN0LWZpZWxkIGxhYmVsPVwiSW1pXHUwMTE5XCIgcmVxdWlyZWQ9XCIxXCIgcmVxdWlyZWRUZXh0PVwiKHJlcXVpcmVkKVwiIHR5cGU9XCJuYW1lXCIvXVxuXG5bY29udGFjdC1maWVsZCByZXF1aXJlZD1cIjFcIiByZXF1aXJlZFRleHQ9XCIocmVxdWlyZWQpXCIgdHlwZT1cImVtYWlsXCIgbGFiZWw9XCJFbWFpbFwiL11cblxuW2NvbnRhY3QtZmllbGQgbGFiZWw9XCJDemVnbyBkb3R5Y3p5IFR3b2phIHdpYWRvbW9cdTAxNWJcdTAxMDc_XCIgcmVxdWlyZWQ9XCIxXCIgcmVxdWlyZWRUZXh0PVwiKHJlcXVpcmVkKVwiIG9wdGlvbnM9XCJTcG9uc29yaW5nLFdvbG9udGFyaWF0LFBhdHJvbmF0IG1lZGlhbG55LEluZm9ybWFjamUgcHJha3R5Y3puZSxJbm5lXCIgcGxhY2Vob2xkZXI9XCItLSB3eWJpZXJ6IHRlbWF0IC0tXCIgdG9nZ2xlTGFiZWw9XCJTZWxlY3Qgb25lIG9wdGlvblwiIHR5cGU9XCJzZWxlY3RcIi9dXG5cbltjb250YWN0LWZpZWxkIGxhYmVsPVwiV2lhZG9tb1x1MDE1Ylx1MDEwN1wiIHJlcXVpcmVkPVwiMVwiIHJlcXVpcmVkVGV4dD1cIihyZXF1aXJlZClcIiB0eXBlPVwidGV4dGFyZWFcIi9dXG5cbltjb250YWN0LWZpZWxkIGxhYmVsPVwiV3lyYVx1MDE3Y2FtIHpnb2RcdTAxMTkgbmEgcHJ6ZXR3YXJ6YW5pZSBwcnpleiBvcmdhbml6YXRvclx1MDBmM3cgV29yZENhbXAgR2xpd2ljZSAyMDIzIGRhbnljaCBvc29ib3d5Y2ggemF3YXJ0eWNoIHcgZm9ybXVsYXJ6dSBrb250YWt0b3d5bSB3IGNlbHUgdWR6aWVsZW5pYSBvZHBvd2llZHppIG5hIHByemVzXHUwMTQyYW5cdTAxMDUgd2lhZG9tb1x1MDE1Ylx1MDEwNy5cIiByZXF1aXJlZD1cIjFcIiByZXF1aXJlZFRleHQ9XCIocmVxdWlyZWQpXCIgdHlwZT1cImNoZWNrYm94XCIvXVxuXG48ZGl2IGNsYXNzPVwid3AtYmxvY2stamV0cGFjay1idXR0b24gYWxpZ25jZW50ZXIgd3AtYmxvY2stYnV0dG9uXCIgc3R5bGU9XCJ3aWR0aDogNTAlO1wiPjxidXR0b24gY2xhc3M9XCJ3cC1ibG9jay1idXR0b25fX2xpbmsgaGFzLWJhY2tncm91bmQgaGFzLWN1c3RvbS1vcmFuZ2UtYmFja2dyb3VuZC1jb2xvclwiIHN0eWxlPVwiXCIgZGF0YS1pZC1hdHRyPVwicGxhY2Vob2xkZXJcIiB0eXBlPVwic3VibWl0XCIgZGF0YS13cC1jbGFzcy0taXMtc3VibWl0dGluZz1cInN0YXRlLmlzU3VibWl0dGluZ1wiIGRhdGEtd3AtYmluZC0tYXJpYS1kaXNhYmxlZD1cInN0YXRlLmlzQXJpYURpc2FibGVkXCI-V3lcdTAxNWJsaWo8c3BhbiBjbGFzcz1cInNwaW5uZXJcIiBhcmlhLWhpZGRlbj1cInRydWVcIj48c3ZnIHdpZHRoPVwiMjRcIiBoZWlnaHQ9XCIyNFwiIHZpZXdCb3g9XCIwIDAgMjQgMjRcIiB4bWxucz1cImh0dHA6Ly93d3cudzMub3JnLzIwMDAvc3ZnXCI-PHBhdGggZD1cIk0xMiwxQTExLDExLDAsMSwwLDIzLDEyLDExLDExLDAsMCwwLDEyLDFabTAsMTlhOCw4LDAsMSwxLDgtOEE4LDgsMCwwLDEsMTIsMjBaXCIgb3BhY2l0eT1cIi4yNVwiLz48cGF0aCBkPVwiTTEwLjE0LDEuMTZhMTEsMTEsMCwwLDAtOSw4LjkyQTEuNTksMS41OSwwLDAsMCwyLjQ2LDEyLDEuNTIsMS41MiwwLDAsMCw0LjExLDEwLjdhOCw4LDAsMCwxLDYuNjYtNi42MUExLjQyLDEuNDIsMCwwLDAsMTIsMi42OWgwQTEuNTcsMS41NywwLDAsMCwxMC4xNCwxLjE2WlwiPjxhbmltYXRlVHJhbnNmb3JtIGF0dHJpYnV0ZU5hbWU9XCJ0cmFuc2Zvcm1cIiB0eXBlPVwicm90YXRlXCIgZHVyPVwiMC43NXNcIiB2YWx1ZXM9XCIwIDEyIDEyOzM2MCAxMiAxMlwiIHJlcGVhdENvdW50PVwiaW5kZWZpbml0ZVwiLz48L3BhdGg-PC9zdmc-PHNwYW4gY2xhc3M9XCJpcy12aXN1YWxseS1oaWRkZW5cIj5TdWJtaXR0aW5nIGZvcm08L3NwYW4-PC9zcGFuPjwvYnV0dG9uPjwvZGl2PjwvZGl2PlxuIiwiaGFzaCI6ImFlMDc2MWI2Nzk3YWMzMzdjZmRkMWRlYWMzNjUwY2VmZWIyMThiNjgiLCJzb3VyY2UiOnsiZW50cnlfdGl0bGUiOiJLb250YWt0IiwiZW50cnlfcGFnZSI6MSwic291cmNlX2lkIjoxNywic291cmNlX3R5cGUiOiJzaW5nbGUiLCJyZXF1ZXN0X3VybCI6Imh0dHBzOi8vZ2xpd2ljZS53b3JkY2FtcC5vcmcvMjAyMy93cC1qc29uL3dwL3YyL3BhZ2VzLzE3In0sInZlcnNpb24iOjIsImNpcGhlciI6ImFlcy0yNTYtZ2NtIn0.0S19U5VmW1_thpekX-yT1vzZD9ScKAT6IktlVKHpxqE' \/>\n\n<div class=\"wp-block-jetpack-contact-form\" style=\"margin-top:0;padding-top:0;padding-bottom:0\">\n<p>Je\u015bli masz pytania, na kt\u00f3re nie znalaz\u0142e\u015b odpowiedzi na stronie lub w naszych kana\u0142ach social media, napisz do nas!<br><br>Pytania prosimy przesy\u0142a\u0107 za pomoc\u0105 poni\u017cszego formularza, jedna z os\u00f3b z naszego zespo\u0142u skontaktuje si\u0119 z Tob\u0105.<\/p>\n\n\n\n<div style=\"\"  data-wp-interactive=\"jetpack\/form\" data-wp-context='{\"fieldId\":\"g17-imi\",\"fieldType\":\"name\",\"fieldLabel\":\"Imi\\u0119\",\"fieldValue\":\"\",\"fieldPlaceholder\":\"\",\"fieldIsRequired\":\"1\",\"fieldErrorMessage\":\"\",\"fieldExtra\":[],\"formHash\":\"ae0761b6797ac337cfdd1deac3650cefeb218b68\"}'  class='grunion-field-name-wrap grunion-field-wrap'  data-wp-init='callbacks.initializeField' data-wp-on--jetpack-form-reset='callbacks.initializeField' >\n<label\n\t\t\t\tfor='g17-imi' class=\"grunion-field-label name\" >Imi\u0119<span class=\"grunion-label-required\" aria-hidden=\"true\">(required)<\/span><\/label>\n<input\n\t\t\t\t\ttype='text'\n\t\t\t\t\tname='g17-imi'\n\t\t\t\t\tid='g17-imi'\n\t\t\t\t\tvalue=''\n\n\t\t\t\t\tdata-wp-bind--aria-invalid='state.fieldAriaInvalid'\n\t\t\t\t\tdata-wp-bind--value='state.getFieldValue'\n\t\t\t\t\taria-describedby='g17-imi-text-error-message'\n\t\t\t\t\tdata-wp-on--input='actions.onFieldChange'\n\t\t\t\t\tdata-wp-on--blur='actions.onFieldBlur'\n\t\t\t\t\tdata-wp-class--has-value='state.hasFieldValue'\n\n\t\t\t\t\tclass='name  grunion-field' \n\t\t\t\t\trequired='true' aria-required='true'  \/>\n \n\t\t\t<div id=\"g17-imi-text-error\" class=\"contact-form__input-error\" data-wp-class--has-errors=\"state.fieldHasErrors\">\n\t\t\t\t<span class=\"contact-form__warning-icon\" aria-hidden=\"true\">\n\t\t\t\t\t<svg width=\"16\" height=\"16\" viewBox=\"0 0 16 16\" fill=\"none\" xmlns=\"http:\/\/www.w3.org\/2000\/svg\">\n\t\t\t\t\t\t<path d=\"M8.50015 11.6402H7.50015V10.6402H8.50015V11.6402Z\" \/>\n\t\t\t\t\t\t<path d=\"M7.50015 9.64018H8.50015V6.30684H7.50015V9.64018Z\" \/>\n\t\t\t\t\t\t<path fill-rule=\"evenodd\" clip-rule=\"evenodd\" d=\"M6.98331 3.0947C7.42933 2.30177 8.57096 2.30177 9.01698 3.09469L13.8771 11.7349C14.3145 12.5126 13.7525 13.4735 12.8602 13.4735H3.14004C2.24774 13.4735 1.68575 12.5126 2.12321 11.7349L6.98331 3.0947ZM8.14541 3.58496C8.08169 3.47168 7.9186 3.47168 7.85488 3.58496L2.99478 12.2251C2.93229 12.3362 3.01257 12.4735 3.14004 12.4735H12.8602C12.9877 12.4735 13.068 12.3362 13.0055 12.2251L8.14541 3.58496Z\" \/>\n\t\t\t\t\t<\/svg>\n\t\t\t\t<\/span>\n\t\t\t\t<span data-wp-text=\"state.errorMessage\" id=\"g17-imi-text-error-message\"><\/span>\n\t\t\t<\/div> \n\t<\/div>\n\n\n\n<div style=\"\"  data-wp-interactive=\"jetpack\/form\" data-wp-context='{\"fieldId\":\"g17-email\",\"fieldType\":\"email\",\"fieldLabel\":\"Email\",\"fieldValue\":\"\",\"fieldPlaceholder\":\"\",\"fieldIsRequired\":\"1\",\"fieldErrorMessage\":\"\",\"fieldExtra\":[],\"formHash\":\"ae0761b6797ac337cfdd1deac3650cefeb218b68\"}'  class='grunion-field-email-wrap grunion-field-wrap'  data-wp-init='callbacks.initializeField' data-wp-on--jetpack-form-reset='callbacks.initializeField' >\n<label\n\t\t\t\tfor='g17-email' class=\"grunion-field-label email\" >Email<span class=\"grunion-label-required\" aria-hidden=\"true\">(required)<\/span><\/label>\n<input\n\t\t\t\t\ttype='email'\n\t\t\t\t\tname='g17-email'\n\t\t\t\t\tid='g17-email'\n\t\t\t\t\tvalue=''\n\n\t\t\t\t\tdata-wp-bind--aria-invalid='state.fieldAriaInvalid'\n\t\t\t\t\tdata-wp-bind--value='state.getFieldValue'\n\t\t\t\t\taria-describedby='g17-email-email-error-message'\n\t\t\t\t\tdata-wp-on--input='actions.onFieldChange'\n\t\t\t\t\tdata-wp-on--blur='actions.onFieldBlur'\n\t\t\t\t\tdata-wp-class--has-value='state.hasFieldValue'\n\n\t\t\t\t\tclass='email  grunion-field' \n\t\t\t\t\trequired='true' aria-required='true'  \/>\n \n\t\t\t<div id=\"g17-email-email-error\" class=\"contact-form__input-error\" data-wp-class--has-errors=\"state.fieldHasErrors\">\n\t\t\t\t<span class=\"contact-form__warning-icon\" aria-hidden=\"true\">\n\t\t\t\t\t<svg width=\"16\" height=\"16\" viewBox=\"0 0 16 16\" fill=\"none\" xmlns=\"http:\/\/www.w3.org\/2000\/svg\">\n\t\t\t\t\t\t<path d=\"M8.50015 11.6402H7.50015V10.6402H8.50015V11.6402Z\" \/>\n\t\t\t\t\t\t<path d=\"M7.50015 9.64018H8.50015V6.30684H7.50015V9.64018Z\" \/>\n\t\t\t\t\t\t<path fill-rule=\"evenodd\" clip-rule=\"evenodd\" d=\"M6.98331 3.0947C7.42933 2.30177 8.57096 2.30177 9.01698 3.09469L13.8771 11.7349C14.3145 12.5126 13.7525 13.4735 12.8602 13.4735H3.14004C2.24774 13.4735 1.68575 12.5126 2.12321 11.7349L6.98331 3.0947ZM8.14541 3.58496C8.08169 3.47168 7.9186 3.47168 7.85488 3.58496L2.99478 12.2251C2.93229 12.3362 3.01257 12.4735 3.14004 12.4735H12.8602C12.9877 12.4735 13.068 12.3362 13.0055 12.2251L8.14541 3.58496Z\" \/>\n\t\t\t\t\t<\/svg>\n\t\t\t\t<\/span>\n\t\t\t\t<span data-wp-text=\"state.errorMessage\" id=\"g17-email-email-error-message\"><\/span>\n\t\t\t<\/div> \n\t<\/div>\n\n\n\n<div style=\"\"  data-wp-interactive=\"jetpack\/form\" data-wp-context='{\"fieldId\":\"g17-czegodotyczytwojawiadomo\",\"fieldType\":\"select\",\"fieldLabel\":\"Czego dotyczy Twoja wiadomo\\u015b\\u0107?\",\"fieldValue\":\"\",\"fieldPlaceholder\":\"-- wybierz temat --\",\"fieldIsRequired\":\"1\",\"fieldErrorMessage\":\"\",\"fieldExtra\":[],\"formHash\":\"ae0761b6797ac337cfdd1deac3650cefeb218b68\"}'  class='grunion-field-select-wrap grunion-field-wrap'  data-wp-init='callbacks.initializeField' data-wp-on--jetpack-form-reset='callbacks.initializeField' >\n<label\n\t\t\t\tfor='g17-czegodotyczytwojawiadomo' class=\"grunion-field-label select\" >Czego dotyczy Twoja wiadomo\u015b\u0107?<span class=\"grunion-label-required\" aria-hidden=\"true\">(required)<\/span><\/label>\n<div class=\"contact-form__select-wrapper select  grunion-field\"  style=''>\t<span class='contact-form__select-element-wrapper'><select name='g17-czegodotyczytwojawiadomo' id='g17-czegodotyczytwojawiadomo' required aria-required='true' data-wp-on--change='actions.onFieldChange' data-wp-bind--aria-invalid='state.fieldAriaInvalid' >\n\t\t<option value=''>Select one option<\/option>\n\t\t<option value='Sponsoring'>Sponsoring<\/option>\n\t\t<option value='Wolontariat'>Wolontariat<\/option>\n\t\t<option value='Patronat medialny'>Patronat medialny<\/option>\n\t\t<option value='Informacje praktyczne'>Informacje praktyczne<\/option>\n\t\t<option value='Inne'>Inne<\/option>\n\t<\/select><span class='jetpack-field-dropdown__icon'><\/span><\/span>\n<\/div>\n\n\t\t\t<div id=\"g17-czegodotyczytwojawiadomo-select-error\" class=\"contact-form__input-error\" data-wp-class--has-errors=\"state.fieldHasErrors\">\n\t\t\t\t<span class=\"contact-form__warning-icon\" aria-hidden=\"true\">\n\t\t\t\t\t<svg width=\"16\" height=\"16\" viewBox=\"0 0 16 16\" fill=\"none\" xmlns=\"http:\/\/www.w3.org\/2000\/svg\">\n\t\t\t\t\t\t<path d=\"M8.50015 11.6402H7.50015V10.6402H8.50015V11.6402Z\" \/>\n\t\t\t\t\t\t<path d=\"M7.50015 9.64018H8.50015V6.30684H7.50015V9.64018Z\" \/>\n\t\t\t\t\t\t<path fill-rule=\"evenodd\" clip-rule=\"evenodd\" d=\"M6.98331 3.0947C7.42933 2.30177 8.57096 2.30177 9.01698 3.09469L13.8771 11.7349C14.3145 12.5126 13.7525 13.4735 12.8602 13.4735H3.14004C2.24774 13.4735 1.68575 12.5126 2.12321 11.7349L6.98331 3.0947ZM8.14541 3.58496C8.08169 3.47168 7.9186 3.47168 7.85488 3.58496L2.99478 12.2251C2.93229 12.3362 3.01257 12.4735 3.14004 12.4735H12.8602C12.9877 12.4735 13.068 12.3362 13.0055 12.2251L8.14541 3.58496Z\" \/>\n\t\t\t\t\t<\/svg>\n\t\t\t\t<\/span>\n\t\t\t\t<span data-wp-text=\"state.errorMessage\" id=\"g17-czegodotyczytwojawiadomo-select-error-message\"><\/span>\n\t\t\t<\/div>\t<\/div>\n\n\n\n<div style=\"\"  data-wp-interactive=\"jetpack\/form\" data-wp-context='{\"fieldId\":\"g17-wiadomo\",\"fieldType\":\"textarea\",\"fieldLabel\":\"Wiadomo\\u015b\\u0107\",\"fieldValue\":\"\",\"fieldPlaceholder\":\"\",\"fieldIsRequired\":\"1\",\"fieldErrorMessage\":\"\",\"fieldExtra\":[],\"formHash\":\"ae0761b6797ac337cfdd1deac3650cefeb218b68\"}'  class='grunion-field-textarea-wrap grunion-field-wrap'  data-wp-init='callbacks.initializeField' data-wp-on--jetpack-form-reset='callbacks.initializeField' >\n<label\n\t\t\t\tfor='contact-form-comment-g17-wiadomo' class=\"grunion-field-label textarea\" >Wiadomo\u015b\u0107<span class=\"grunion-label-required\" aria-hidden=\"true\">(required)<\/span><\/label>\n<textarea\n\t\t                style=''\n\t\t                name='g17-wiadomo'\n\t\t                id='contact-form-comment-g17-wiadomo'\n\t\t                rows='20'\n\t\t\t\t\t\tdata-wp-text='state.getFieldValue'\n\t\t\t\t\t\tdata-wp-on--input='actions.onFieldChange'\n\t\t\t\t\t\tdata-wp-on--blur='actions.onFieldBlur'\n\t\t\t\t\t\tdata-wp-class--has-value='state.hasFieldValue'\n\t\t\t\t\t\taria-describedby='g17-wiadomo-textarea-error-message'\n\t\t\t\t\t\tdata-wp-bind--aria-invalid='state.fieldAriaInvalid'\n\t\t\t\t\t\tclass='textarea  grunion-field'  required aria-required='true'><\/textarea>\n \n\t\t\t<div id=\"g17-wiadomo-textarea-error\" class=\"contact-form__input-error\" data-wp-class--has-errors=\"state.fieldHasErrors\">\n\t\t\t\t<span class=\"contact-form__warning-icon\" aria-hidden=\"true\">\n\t\t\t\t\t<svg width=\"16\" height=\"16\" viewBox=\"0 0 16 16\" fill=\"none\" xmlns=\"http:\/\/www.w3.org\/2000\/svg\">\n\t\t\t\t\t\t<path d=\"M8.50015 11.6402H7.50015V10.6402H8.50015V11.6402Z\" \/>\n\t\t\t\t\t\t<path d=\"M7.50015 9.64018H8.50015V6.30684H7.50015V9.64018Z\" \/>\n\t\t\t\t\t\t<path fill-rule=\"evenodd\" clip-rule=\"evenodd\" d=\"M6.98331 3.0947C7.42933 2.30177 8.57096 2.30177 9.01698 3.09469L13.8771 11.7349C14.3145 12.5126 13.7525 13.4735 12.8602 13.4735H3.14004C2.24774 13.4735 1.68575 12.5126 2.12321 11.7349L6.98331 3.0947ZM8.14541 3.58496C8.08169 3.47168 7.9186 3.47168 7.85488 3.58496L2.99478 12.2251C2.93229 12.3362 3.01257 12.4735 3.14004 12.4735H12.8602C12.9877 12.4735 13.068 12.3362 13.0055 12.2251L8.14541 3.58496Z\" \/>\n\t\t\t\t\t<\/svg>\n\t\t\t\t<\/span>\n\t\t\t\t<span data-wp-text=\"state.errorMessage\" id=\"g17-wiadomo-textarea-error-message\"><\/span>\n\t\t\t<\/div>\n\t<\/div>\n\n\n\n<div style=\"\"  data-wp-interactive=\"jetpack\/form\" data-wp-context='{\"fieldId\":\"g17-wyraamzgodnaprzetwarzanieprzezorganizatorwwordcampgliwice2023danychosobowychzawartychwformularzukontaktowymwceluudzieleniaodpowiedzinaprzesanwiadomo\",\"fieldType\":\"checkbox\",\"fieldLabel\":\"Wyra\\u017cam zgod\\u0119 na przetwarzanie przez organizator\\u00f3w WordCamp Gliwice 2023 danych osobowych zawartych w formularzu kontaktowym w celu udzielenia odpowiedzi na przes\\u0142an\\u0105 wiadomo\\u015b\\u0107.\",\"fieldValue\":\"\",\"fieldPlaceholder\":\"\",\"fieldIsRequired\":\"1\",\"fieldErrorMessage\":\"\",\"fieldExtra\":[],\"formHash\":\"ae0761b6797ac337cfdd1deac3650cefeb218b68\"}'  class='grunion-field-checkbox-wrap grunion-field-wrap'  data-wp-init='callbacks.initializeField' data-wp-on--jetpack-form-reset='callbacks.initializeField' >\n<div class='contact-form__checkbox-wrap' style='' ><input id='g17-wyraamzgodnaprzetwarzanieprzezorganizatorwwordcampgliwice2023danychosobowychzawartychwformularzukontaktowymwceluudzieleniaodpowiedzinaprzesanwiadomo' type='checkbox' data-wp-on--change='actions.onFieldChange' name='g17-wyraamzgodnaprzetwarzanieprzezorganizatorwwordcampgliwice2023danychosobowychzawartychwformularzukontaktowymwceluudzieleniaodpowiedzinaprzesanwiadomo' value='Yes' class='checkbox  grunion-field'  required aria-required='true'\/> \n<label for='g17-wyraamzgodnaprzetwarzanieprzezorganizatorwwordcampgliwice2023danychosobowychzawartychwformularzukontaktowymwceluudzieleniaodpowiedzinaprzesanwiadomo' class='grunion-field-label checkbox' style=''>Wyra\u017cam zgod\u0119 na przetwarzanie przez organizator\u00f3w WordCamp Gliwice 2023 danych osobowych zawartych w formularzu kontaktowym w celu udzielenia odpowiedzi na przes\u0142an\u0105 wiadomo\u015b\u0107.<span class=\"grunion-label-required\" aria-hidden=\"true\">(required)<\/span><\/label>\n<div class='clear-form'><\/div>\n<\/div>\n\t\t\t<div id=\"g17-wyraamzgodnaprzetwarzanieprzezorganizatorwwordcampgliwice2023danychosobowychzawartychwformularzukontaktowymwceluudzieleniaodpowiedzinaprzesanwiadomo-checkbox-error\" class=\"contact-form__input-error\" data-wp-class--has-errors=\"state.fieldHasErrors\">\n\t\t\t\t<span class=\"contact-form__warning-icon\" aria-hidden=\"true\">\n\t\t\t\t\t<svg width=\"16\" height=\"16\" viewBox=\"0 0 16 16\" fill=\"none\" xmlns=\"http:\/\/www.w3.org\/2000\/svg\">\n\t\t\t\t\t\t<path d=\"M8.50015 11.6402H7.50015V10.6402H8.50015V11.6402Z\" \/>\n\t\t\t\t\t\t<path d=\"M7.50015 9.64018H8.50015V6.30684H7.50015V9.64018Z\" \/>\n\t\t\t\t\t\t<path fill-rule=\"evenodd\" clip-rule=\"evenodd\" d=\"M6.98331 3.0947C7.42933 2.30177 8.57096 2.30177 9.01698 3.09469L13.8771 11.7349C14.3145 12.5126 13.7525 13.4735 12.8602 13.4735H3.14004C2.24774 13.4735 1.68575 12.5126 2.12321 11.7349L6.98331 3.0947ZM8.14541 3.58496C8.08169 3.47168 7.9186 3.47168 7.85488 3.58496L2.99478 12.2251C2.93229 12.3362 3.01257 12.4735 3.14004 12.4735H12.8602C12.9877 12.4735 13.068 12.3362 13.0055 12.2251L8.14541 3.58496Z\" \/>\n\t\t\t\t\t<\/svg>\n\t\t\t\t<\/span>\n\t\t\t\t<span data-wp-text=\"state.errorMessage\" id=\"g17-wyraamzgodnaprzetwarzanieprzezorganizatorwwordcampgliwice2023danychosobowychzawartychwformularzukontaktowymwceluudzieleniaodpowiedzinaprzesanwiadomo-checkbox-error-message\"><\/span>\n\t\t\t<\/div>\t<\/div>\n\n\n<div class=\"contact-form__error\" data-wp-class--show-errors=\"state.showFormErrors\"><span class=\"contact-form__warning-icon\" aria-hidden=\"true\"><i><\/i><\/span><span class=\"contact-form__error-message\" tabindex=\"-1\" data-wp-watch=\"callbacks.focusOnValidationError\" data-wp-text=\"state.getFormErrorMessage\"><\/span><ul aria-label=\"Form errors\">\n\t\t\t\t<template data-wp-each=\"state.getErrorList\" data-wp-key=\"context.item.id\">\n\t\t\t\t\t<li><a data-wp-bind--href=\"context.item.anchor\" data-wp-on--click=\"actions.scrollIntoView\" data-wp-text=\"context.item.label\"><\/a><\/li>\n\t\t\t\t<\/template>\n\t\t\t\t<\/ul><\/div><div class=\"contact-form__error\" data-wp-class--show-errors=\"state.showSubmissionError\" data-wp-text=\"context.submissionError\" tabindex=\"-1\" data-wp-watch=\"callbacks.focusOnSubmissionError\"><\/div> <div class=\"wp-block-jetpack-button aligncenter wp-block-button\" style=\"width: 50%;\"><button data-wp-bind--disabled=\"state.isAriaDisabled\" class=\"wp-block-button__link has-background has-custom-orange-background-color\" style=\"\" data-id-attr=\"placeholder\" type=\"submit\" data-wp-class--is-submitting=\"state.isSubmitting\" data-wp-bind--aria-disabled=\"state.isAriaDisabled\">Wy\u015blij<span class=\"spinner\" aria-hidden=\"true\"><svg width=\"24\" height=\"24\" viewBox=\"0 0 24 24\" xmlns=\"http:\/\/www.w3.org\/2000\/svg\"><path d=\"M12,1A11,11,0,1,0,23,12,11,11,0,0,0,12,1Zm0,19a8,8,0,1,1,8-8A8,8,0,0,1,12,20Z\" opacity=\".25\"\/><path d=\"M10.14,1.16a11,11,0,0,0-9,8.92A1.59,1.59,0,0,0,2.46,12,1.52,1.52,0,0,0,4.11,10.7a8,8,0,0,1,6.66-6.61A1.42,1.42,0,0,0,12,2.69h0A1.57,1.57,0,0,0,10.14,1.16Z\"><animateTransform attributeName=\"transform\" type=\"rotate\" dur=\"0.75s\" values=\"0 12 12;360 12 12\" repeatCount=\"indefinite\"\/><\/path><\/svg><span class=\"is-visually-hidden\">Submitting form<\/span><\/span><\/button><\/div><\/div>\n\t\t<input type='hidden' name='contact-form-id' value='17' \/>\n\t\t<input type='hidden' name='action' value='grunion-contact-form' \/>\n\t\t<input type='hidden' name='contact-form-hash' value='ae0761b6797ac337cfdd1deac3650cefeb218b68' \/>\n<p style=\"display: none !important;\" class=\"akismet-fields-container\" data-prefix=\"ak_\"><label>&#916;<textarea name=\"ak_hp_textarea\" cols=\"45\" rows=\"8\" maxlength=\"100\"><\/textarea><\/label><input type=\"hidden\" id=\"ak_js_1\" name=\"ak_js\" value=\"60\"\/><script>\ndocument.getElementById( \"ak_js_1\" ).setAttribute( \"value\", ( new Date() ).getTime() );\n<\/script>\n<\/p><\/form>\n<\/div><\/div>\n","protected":false},"excerpt":{"rendered":"","protected":false},"author":5600279,"featured_media":0,"parent":0,"menu_order":0,"comment_status":"closed","ping_status":"closed","template":"","meta":{"jetpack_post_was_ever_published":false,"footnotes":""},"class_list":["post-17","page","type-page","status-publish","hentry"],"jetpack_sharing_enabled":true,"_links":{"self":[{"href":"https:\/\/gliwice.wordcamp.org\/2023\/wp-json\/wp\/v2\/pages\/17","targetHints":{"allow":["GET"]}}],"collection":[{"href":"https:\/\/gliwice.wordcamp.org\/2023\/wp-json\/wp\/v2\/pages"}],"about":[{"href":"https:\/\/gliwice.wordcamp.org\/2023\/wp-json\/wp\/v2\/types\/page"}],"author":[{"embeddable":true,"href":"https:\/\/gliwice.wordcamp.org\/2023\/wp-json\/wp\/v2\/users\/5600279"}],"replies":[{"embeddable":true,"href":"https:\/\/gliwice.wordcamp.org\/2023\/wp-json\/wp\/v2\/comments?post=17"}],"version-history":[{"count":33,"href":"https:\/\/gliwice.wordcamp.org\/2023\/wp-json\/wp\/v2\/pages\/17\/revisions"}],"predecessor-version":[{"id":3050,"href":"https:\/\/gliwice.wordcamp.org\/2023\/wp-json\/wp\/v2\/pages\/17\/revisions\/3050"}],"wp:attachment":[{"href":"https:\/\/gliwice.wordcamp.org\/2023\/wp-json\/wp\/v2\/media?parent=17"}],"curies":[{"name":"wp","href":"https:\/\/api.w.org\/{rel}","templated":true}]}}