{"id":21,"date":"2022-12-22T19:47:17","date_gmt":"2022-12-22T18:47:17","guid":{"rendered":"https:\/\/gliwice.wordcamp.org\/2023\/code-of-conduct\/"},"modified":"2023-04-03T12:43:25","modified_gmt":"2023-04-03T10:43:25","slug":"code-of-conduct","status":"publish","type":"page","link":"https:\/\/gliwice.wordcamp.org\/2023\/code-of-conduct\/","title":{"rendered":"Zasady post\u0119powania"},"content":{"rendered":"\r\n<p id=\"block-d2ce35f4-3253-4e0c-8540-26a097e7123a\" class=\"has-medium-font-size\"><strong> 1. CEL <\/strong><\/p>\r\n<p class=\"has-medium-font-size\">\r\n\r\n<\/p>\r\n<p id=\"block-d2ce35f4-3253-4e0c-8540-26a097e7123a\">WordCamp Gliwice wierzy, \u017ce nasza spo\u0142eczno\u015b\u0107 powinna by\u0107 otwarta dla wszystkich. Dlatego jeste\u015bmy zobowi\u0105zani do zapewnienia przyjaznego, bezpiecznego i przyjemnego \u015brodowiska dla wszystkich, niezale\u017cnie od p\u0142ci, orientacji seksualnej, niepe\u0142nosprawno\u015bci, pochodzenia etnicznego, wyznawanej religii, preferowanego systemu operacyjnego, j\u0119zyka programowania, czy te\u017c edytora tekstowego.<\/p>\r\n<p>\r\n\r\n<\/p>\r\n<p id=\"block-d2ce35f4-3253-4e0c-8540-26a097e7123a\">Niniejszy kodeks post\u0119powania zarysowuje nasze oczekiwania wobec zachowania uczestnik\u00f3w, jak i\u00a0konsekwencje, kt\u00f3re b\u0119d\u0105 wyci\u0105gane w przypadku ewentualnego niepo\u017c\u0105danego zachowania.<\/p>\r\n<p>\r\n\r\n<\/p>\r\n<p id=\"block-d2ce35f4-3253-4e0c-8540-26a097e7123a\">Zapraszamy wszystkich sponsor\u00f3w, wolontariuszy, prelegent\u00f3w i\u00a0uczestnik\u00f3w aby pomogli nam zrealizowa\u0107 bezpieczn\u0105 i\u00a0pozytywn\u0105 konferencj\u0119.<\/p>\r\n<p>\r\n\r\n<\/p>\r\n<p id=\"block-d2ce35f4-3253-4e0c-8540-26a097e7123a\" class=\"has-medium-font-size\"><strong>2. OBYWATELSTWO OPEN SOURCE <\/strong><\/p>\r\n<p class=\"has-medium-font-size\">\r\n\r\n<\/p>\r\n<p id=\"block-d2ce35f4-3253-4e0c-8540-26a097e7123a\">Dodatkowym przeznaczeniem tego kodeksu jest zwi\u0119kszenie spo\u0142eczno\u015bci obywateli open source, poprzez zach\u0119cenie uczestnik\u00f3w do zapoznania si\u0119 i\u00a0wzmocnienia zale\u017cno\u015bci pomi\u0119dzy tym co robimy a og\u00f3\u0142em spo\u0142eczno\u015bci.<\/p>\r\n<p>\r\n\r\n<\/p>\r\n<p id=\"block-d2ce35f4-3253-4e0c-8540-26a097e7123a\">W tym celu, organizatorzy WordCamp Gliwice b\u0119d\u0105 przyjmowa\u0107 nominacje na cz\u0142onk\u00f3w spo\u0142eczno\u015bci WordPress godnych na\u015bladowania przez ca\u0142y czas wydarzenia i wyr\u00f3\u017cni\u0105 wybranych uczestnik\u00f3w specjalnym wpisem na stronie internetowej, zaraz po konferencji.<\/p>\r\n<p>\r\n\r\n<\/p>\r\n<p id=\"block-d2ce35f4-3253-4e0c-8540-26a097e7123a\">Je\u015bli widzisz kogo\u015b, kto wk\u0142ada dodatkowy wysi\u0142ek aby zapewni\u0107 otwarto\u015b\u0107, przyjazno\u015b\u0107 i\u00a0zach\u0119ca innych uczestnik\u00f3w do wsp\u00f3\u0142pracy, daj nam zna\u0107. Mo\u017cesz nominowa\u0107 kogo\u015b przy recepcji lub pod tym adresem: <a href=\"https:\/\/warsaw.wordcamp.org\/2022\/kontakt\/\">Kontakt<\/a><\/p>\r\n<p>\r\n\r\n<\/p>\r\n<p id=\"block-d2ce35f4-3253-4e0c-8540-26a097e7123a\" class=\"has-medium-font-size\"><strong>3. OCZEKIWANE ZACHOWANIE <\/strong><\/p>\r\n<p class=\"has-medium-font-size\">\r\n\r\n<\/p>\r\n<ul class=\"wp-block-list\">\r\n<li>B\u0105d\u017a rozwa\u017cny, pe\u0142en szacunku i wsp\u00f3\u0142pracuj.<\/li>\r\n\r\n\r\n\r\n<li>Wstrzymaj si\u0119 od poni\u017caj\u0105cych, dyskryminuj\u0105cych lub obra\u017aliwych zachowa\u0144 i wypowiedzi.<\/li>\r\n\r\n\r\n\r\n<li>B\u0105d\u017a \u015bwiadomy swojego otoczenia i innych uczestnik\u00f3w. Powiadom organizator\u00f3w konferencji je\u015bli zauwa\u017cysz niebezpieczn\u0105 sytuacj\u0119 lub kogo\u015b w potrzebie.<\/li>\r\n\r\n\r\n\r\n<li>Uczestnicz w autentyczny i aktywny spos\u00f3b. W ten spos\u00f3b pomagasz tworzy\u0107 i stajesz si\u0119 cz\u0119\u015bci\u0105 WordCamp Gliwice.<\/li>\r\n\r\n\r\n\r\n<li>Po prostu nie b\u0105d\u017a dupkiem.<\/li>\r\n<\/ul>\r\n<p class=\"has-medium-font-size\">\r\n\r\n<\/p>\r\n<p id=\"block-d2ce35f4-3253-4e0c-8540-26a097e7123a\" class=\"has-medium-font-size\"><strong>4. NIEDOPUSZCZALNE ZACHOWANIE<\/strong><\/p>\r\n<p class=\"has-medium-font-size\">\r\n\r\n<\/p>\r\n<p id=\"block-d2ce35f4-3253-4e0c-8540-26a097e7123a\">Za zachowanie niepo\u017c\u0105dane uwa\u017ca si\u0119: zastraszanie, n\u0119kanie, obra\u017canie, dyskryminacj\u0119, uw\u0142aczaj\u0105ce, czy poni\u017caj\u0105ce post\u0119powanie jakiegokolwiek uczestnika WordCamp Gliwice i powi\u0105zanych imprez. Wszystkie lokale wykorzystywane przez WordCamp Gliwice mog\u0105 by\u0107 dzielone z innymi osobami; prosimy szanowa\u0107 wszystkich opiekun\u00f3w tych lokacji.<\/p>\r\n<p>\r\n\r\n<\/p>\r\n<p id=\"block-d2ce35f4-3253-4e0c-8540-26a097e7123a\">N\u0119kanie obejmuje: obra\u017aliwe komentarze dotycz\u0105ce p\u0142ci, orientacji seksualnej, rasy, religii, niepe\u0142nosprawno\u015bci; niestosowne u\u017cycie nago\u015bci i\/lub obraz\u00f3w seksualnych w przestrzeniach publicznych (w\u0142\u0105czaj\u0105c w to slajdy prezentacji); celowe zastraszanie, stalking; fotografowanie lub nagrywanie bez pozwolenia; powtarzaj\u0105ce si\u0119 zak\u0142\u00f3canie prezentacji lub innych wydarze\u0144; niestosowny kontakt fizyczny i\u00a0niepo\u017c\u0105dane zainteresowanie seksualne.<\/p>\r\n<p>\r\n\r\n<\/p>\r\n<p id=\"block-d2ce35f4-3253-4e0c-8540-26a097e7123a\" class=\"has-medium-font-size\"><strong>5. KONSEKWENCJE NIEDOPUSZCZALNEGO ZACHOWANIA<\/strong><\/p>\r\n<p class=\"has-medium-font-size\">\r\n\r\n<\/p>\r\n<p id=\"block-d2ce35f4-3253-4e0c-8540-26a097e7123a\">Niedopuszczalne zachowanie nie b\u0119dzie tolerowane przez kt\u00f3regokolwiek uczestnika, organizatora, pracownik\u00f3w lokali, sponsor\u00f3w lub innych opiekun\u00f3w lokali WordCamp Gliwice.<\/p>\r\n<p>\r\n\r\n<\/p>\r\n<p id=\"block-d2ce35f4-3253-4e0c-8540-26a097e7123a\">Od ka\u017cdego oczekuje si\u0119 natychmiastowego zastosowania si\u0119 do pro\u015bby o\u00a0zaprzestanie niedopuszczalnego zachowania.<\/p>\r\n<p>\r\n\r\n<\/p>\r\n<p id=\"block-d2ce35f4-3253-4e0c-8540-26a097e7123a\">Je\u015bli uczestnik dopuszcza si\u0119 nieodpowiedniego zachowania, organizatorzy konferencji mog\u0105 podj\u0105\u0107 stosowne kroki, w\u0142\u0105cznie z\u00a0wydaleniem uczestnika z\u00a0konferencji bez uprzedzenia lub zwrotu pieni\u0119dzy.<\/p>\r\n<p>\r\n\r\n<\/p>\r\n<p id=\"block-d2ce35f4-3253-4e0c-8540-26a097e7123a\" class=\"has-medium-font-size\"><strong>6. CO ZROBI\u0106, JE\u015aLI JESTE\u015a \u015aWIADKIEM LUB PODLEGASZ NIEODPOWIEDNIEMU ZACHOWANIU<\/strong><\/p>\r\n<p class=\"has-medium-font-size\">\r\n\r\n<\/p>\r\n<p id=\"block-d2ce35f4-3253-4e0c-8540-26a097e7123a\">Je\u015bli podlegasz nieodpowiedniemu zachowaniu, zauwa\u017cysz \u017ce kto\u015b inny podlega nieodpowiedniemu zachowaniu lub masz inne obawy, prosimy o\u00a0niezw\u0142oczne poinformowanie organizatora konferencji.<\/p>\r\n<p>\r\n\r\n<\/p>\r\n<p id=\"block-d2ce35f4-3253-4e0c-8540-26a097e7123a\">Zesp\u00f3\u0142 WordCamp Gliwice b\u0119dzie dost\u0119pny do pomocy uczestnikom konferencji. Ka\u017cdy wolontariusz mo\u017ce skontaktowa\u0107 Ci\u0119 z organizatorem konferencji. Mo\u017cesz r\u00f3wnie\u017c przyj\u015b\u0107 do punktu rejestracji i poprosi\u0107 o kontakt z organizatorami.<\/p>\r\n<p>\r\n\r\n<\/p>\r\n<p id=\"block-d2ce35f4-3253-4e0c-8540-26a097e7123a\" class=\"has-medium-font-size\"><strong>7. ZAKRES<\/strong><\/p>\r\n<p class=\"has-medium-font-size\">\r\n\r\n<\/p>\r\n<p id=\"block-d2ce35f4-3253-4e0c-8540-26a097e7123a\">Od ka\u017cdego uczestnika konferencji (sponsor\u00f3w, wolontariuszy, prelegent\u00f3w, uczestnik\u00f3w i\u00a0innych go\u015bci) oczekujemy zastosowania si\u0119 do niniejszego kodeksu post\u0119powania w ka\u017cdym lokalu konferencji i\u00a0powi\u0105zanych wydarzeniach towarzyskich.<\/p>\r\n<p>Imprezy towarzysz\u0105ce maj\u0105 za zadanie zapewni\u0107 networking i dodatkowe mo\u017cliwo\u015bci edukacyjne, a tak\u017ce mo\u017cliwo\u015b\u0107 odpr\u0119\u017cenia si\u0119 po ca\u0142ym WordCampie. Powinny to by\u0107 r\u00f3wnie\u017c miejsca, w kt\u00f3rych uczestnicy mog\u0105 czu\u0107 si\u0119 bezpiecznie.<\/p>\r\n<p>Chcemy, \u017ceby\u015b dobrze si\u0119 bawi\u0142 na tych imprezach i \u017ceby\u015b robi\u0142 to bezpiecznie. Je\u015bli do\u015bwiadczysz naruszenia Kodeksu Post\u0119powania, zobaczysz naruszenie, masz obawy co do samopoczucia, bezpiecze\u0144stwa lub zachowania innego uczestnika lub masz og\u00f3lne pytanie (rozumiemy, \u017ce naruszenia nie zawsze s\u0105 oczywiste!), skontaktuj si\u0119 z nami natychmiast powiadamiaj\u0105c organizatora WordCampa lub wysy\u0142aj\u0105c e-mail na adres <a href=\"mailto:report@wordcamp.org\">report@wordcamp.org<\/a>. W przypadku wydarze\u0144 odbywaj\u0105cych si\u0119 osobi\u015bcie, je\u015bli potrzebujesz pomocy lub nie jeste\u015b w stanie wygodnie lub bezpiecznie usun\u0105\u0107 si\u0119 z sytuacji, w kt\u00f3rej nie chcesz si\u0119 znale\u017a\u0107, organizatorzy b\u0119d\u0105 traktowa\u0107 priorytetowo natychmiastow\u0105 i dyskretn\u0105 pomoc. Niekt\u00f3re przyk\u0142ady to: z\u0142e samopoczucie, nieudana pr\u00f3ba zorganizowania transportu, stan nietrze\u017awo\u015bci, przebywanie w samotno\u015bci lub z kim\u015b, komu nie ufasz, do\u015bwiadczy\u0142e\u015b lub by\u0142e\u015b \u015bwiadkiem naruszenia Kodeksu Post\u0119powania. Popro\u015b o pomoc wolontariusza lub organizatora imprezy w pobli\u017cu.<\/p>\r\n<p>\r\n\r\n<\/p>\r\n<p id=\"block-d2ce35f4-3253-4e0c-8540-26a097e7123a\" class=\"has-medium-font-size\"><strong>8. INFORMACJE KONTAKTOWE<\/strong><\/p>\r\n<p class=\"has-medium-font-size\">\r\n\r\n<\/p>\r\n<p id=\"block-d2ce35f4-3253-4e0c-8540-26a097e7123a\">Koordynatorzy WordCamp Gliwice 2023: Monika Swoboda, Kasia Aleszczyk, Wiesia Indeka, Maciek Swoboda, Tomek Lach.<\/p>\r\n<p>\r\n\r\n<\/p>\r\n<p id=\"block-d2ce35f4-3253-4e0c-8540-26a097e7123a\">Formularz kontaktowy znajduje si\u0119 na stronie: <a href=\"http:\/\/kontakt\">kontakt<\/a>.<\/p>\r\n<p>\r\n\r\n<\/p>\r\n<p id=\"block-d2ce35f4-3253-4e0c-8540-26a097e7123a\" class=\"has-medium-font-size\"><strong>9. LICENCJA I\u00a0UZNANIE<\/strong><\/p>\r\n<p class=\"has-medium-font-size\">\r\n\r\n<\/p>\r\n<p id=\"block-d2ce35f4-3253-4e0c-8540-26a097e7123a\">Niniejszy kodeks post\u0119powania jest bezpo\u015bredni\u0105 kopi\u0105 ze \u015bwietnego wykonania przez Open Source Bridge, ale z\u00a0podmian\u0105 na informacje naszego wydarzenia. Orygina\u0142 dost\u0119pny jest na\u00a0<a href=\"http:\/\/opensourcebridge.org\/about\/code-of-conduct\/\">http:\/\/opensourcebridge.org\/about\/code-of-conduct\/<\/a>\u00a0i\u00a0udost\u0119pniony jest pod licencj\u0105\u00a0<a href=\"http:\/\/creativecommons.org\/licenses\/by-sa\/3.0\/\">Creative Commons Attribution-ShareAlike<\/a>.<\/p>\r\n<p><\/p>","protected":false},"excerpt":{"rendered":"<p>1. CEL WordCamp Gliwice wierzy, \u017ce nasza spo\u0142eczno\u015b\u0107 powinna by\u0107 otwarta dla wszystkich. Dlatego jeste\u015bmy zobowi\u0105zani do zapewnienia przyjaznego, bezpiecznego i przyjemnego \u015brodowiska dla wszystkich, niezale\u017cnie od p\u0142ci, orientacji seksualnej, niepe\u0142nosprawno\u015bci, pochodzenia etnicznego, wyznawanej religii, preferowanego systemu operacyjnego, j\u0119zyka programowania, czy te\u017c edytora tekstowego. Niniejszy kodeks post\u0119powania zarysowuje nasze oczekiwania wobec zachowania uczestnik\u00f3w, jak i\u00a0konsekwencje, [&hellip;]<\/p>\n","protected":false},"author":5600279,"featured_media":0,"parent":0,"menu_order":0,"comment_status":"closed","ping_status":"closed","template":"page-large-header","meta":{"jetpack_post_was_ever_published":true,"footnotes":""},"class_list":["post-21","page","type-page","status-publish","hentry"],"jetpack_sharing_enabled":true,"_links":{"self":[{"href":"https:\/\/gliwice.wordcamp.org\/2023\/wp-json\/wp\/v2\/pages\/21","targetHints":{"allow":["GET"]}}],"collection":[{"href":"https:\/\/gliwice.wordcamp.org\/2023\/wp-json\/wp\/v2\/pages"}],"about":[{"href":"https:\/\/gliwice.wordcamp.org\/2023\/wp-json\/wp\/v2\/types\/page"}],"author":[{"embeddable":true,"href":"https:\/\/gliwice.wordcamp.org\/2023\/wp-json\/wp\/v2\/users\/5600279"}],"replies":[{"embeddable":true,"href":"https:\/\/gliwice.wordcamp.org\/2023\/wp-json\/wp\/v2\/comments?post=21"}],"version-history":[{"count":22,"href":"https:\/\/gliwice.wordcamp.org\/2023\/wp-json\/wp\/v2\/pages\/21\/revisions"}],"predecessor-version":[{"id":3110,"href":"https:\/\/gliwice.wordcamp.org\/2023\/wp-json\/wp\/v2\/pages\/21\/revisions\/3110"}],"wp:attachment":[{"href":"https:\/\/gliwice.wordcamp.org\/2023\/wp-json\/wp\/v2\/media?parent=21"}],"curies":[{"name":"wp","href":"https:\/\/api.w.org\/{rel}","templated":true}]}}