{"id":259,"date":"2022-12-30T20:50:47","date_gmt":"2022-12-30T19:50:47","guid":{"rendered":"https:\/\/gliwice.wordcamp.org\/2023\/?page_id=259"},"modified":"2023-03-31T17:55:59","modified_gmt":"2023-03-31T15:55:59","slug":"czym-jest-wordcamp","status":"publish","type":"page","link":"https:\/\/gliwice.wordcamp.org\/2023\/czym-jest-wordcamp\/","title":{"rendered":"Czym w og\u00f3le jest WordCamp?"},"content":{"rendered":"\n<p class=\"has-custom-blue-ryb-color has-text-color\" style=\"font-size:1.4rem\"><strong>WordCamp<\/strong> to konferencja. To trzy <strong>dni przepe\u0142nione wiedz\u0105<\/strong> o samym WordPressie, nowych trendach i internetowych technologiach. Wiedz\u0105 t\u0105 dzielimy si\u0119 podczas prelekcji, warsztat\u00f3w, korzystaj\u0105c z biznesowego mastermindu, przy stoiskach sponsorskich oraz w kuluarowych rozmowach.<\/p>\n\n\n\n<div class=\"wp-block-group alignfull has-custom-alice-blue-background-color has-background is-layout-constrained wp-container-core-group-is-layout-f36bc466 wp-block-group-is-layout-constrained\">\n<div style=\"height:5px\" aria-hidden=\"true\" class=\"wp-block-spacer\"><\/div>\n\n\n\n<h2 class=\"wp-block-heading has-custom-orange-color has-text-color\">Kto mo\u017ce wzi\u0105\u0107 udzia\u0142?<\/h2>\n\n\n\n<p><strong>Praktycznie ka\u017cdy. WordPress to obecnie najbardziej popularny system zarz\u0105dzania tre\u015bciami w Internecie. Je\u015bli wi\u0119c jakim\u015b cudem jeszcze nie dane Ci by\u0142o dzia\u0142a\u0107 w nim &#8222;od \u015brodka&#8221;, to z pewno\u015bci\u0105 jeste\u015b jego u\u017cytkownikiem w codziennym korzystaniu z dobrodziejstw \u015bwiata online.<\/strong> \ud83d\udc4d\ud83d\udcaa\ud83d\ude0d<\/p>\n\n\n\n<div style=\"height:5px\" aria-hidden=\"true\" class=\"wp-block-spacer\"><\/div>\n<\/div>\n\n\n\n<h4 class=\"wp-block-heading\" id=\"wordcamp-to-trzydniowe-wydarzenie\">WordCamp to trzydniowe wydarzenie<\/h4>\n\n\n\n<p><strong>Zaczynamy ju\u017c w pi\u0105tek (12 maja 2023)<strong> <\/strong>Dniem Kontrybucji &#8211; Contributor Day.<\/strong> <\/p>\n\n\n\n<p>Dla wszystkich uczestnik\u00f3w stanowi on przestrze\u0144 do w\u0142\u0105czenia si\u0119 w rozw\u00f3j WordPressa. To specjalny dzie\u0144, w kt\u00f3rym mo\u017cesz do\u0142o\u017cy\u0107 swoj\u0105 cegie\u0142k\u0119 i sta\u0107 si\u0119 cz\u0119\u015bci\u0105 \u015bwiatowego zespo\u0142u, rozwijaj\u0105cego WordPressa na co dzie\u0144. <\/p>\n\n\n\n<div class=\"wp-block-columns is-layout-flex wp-container-core-columns-is-layout-28f84493 wp-block-columns-is-layout-flex\">\n<div class=\"wp-block-column is-layout-flow wp-block-column-is-layout-flow\">\n<figure class=\"wp-block-image size-large\"><img loading=\"lazy\" decoding=\"async\" width=\"1024\" height=\"683\" src=\"https:\/\/gliwice.wordcamp.org\/2023\/files\/2023\/01\/contributor-lodz-1024x683.jpg\" alt=\"\" class=\"wp-image-765\" srcset=\"https:\/\/gliwice.wordcamp.org\/2023\/files\/2023\/01\/contributor-lodz-1024x683.jpg 1024w, https:\/\/gliwice.wordcamp.org\/2023\/files\/2023\/01\/contributor-lodz-300x200.jpg 300w, https:\/\/gliwice.wordcamp.org\/2023\/files\/2023\/01\/contributor-lodz-768x512.jpg 768w, https:\/\/gliwice.wordcamp.org\/2023\/files\/2023\/01\/contributor-lodz-450x300.jpg 450w, https:\/\/gliwice.wordcamp.org\/2023\/files\/2023\/01\/contributor-lodz.jpg 1500w\" sizes=\"auto, (max-width: 1024px) 100vw, 1024px\" \/><\/figure>\n<\/div>\n\n\n\n<div class=\"wp-block-column is-layout-flow wp-block-column-is-layout-flow\">\n<p style=\"margin-left:0;padding-top:0;padding-left:0\">Co wa\u017cne, to dzie\u0144 nie tylko dla developer\u00f3w. Zapraszamy ka\u017cdego, niezale\u017cnie od rodzaju i poziomu umiej\u0119tno\u015bci. <\/p>\n\n\n\n<p>Rozw\u00f3j WordPressa to nie tylko pisanie kodu, dlatego nie ma znaczenia czy jeste\u015b nauczycielem, projektantem, grafikiem czy u\u017cytkownikiem WP. Jedyne, czego potrzebujesz, to dobry nastr\u00f3j, czas i zaanga\u017cowanie. B\u0119dziesz pierwszy raz na Contributor Day?<strong> <a href=\"https:\/\/gliwice.wordcamp.org\/contributor-day\/\">Poznaj szczeg\u00f3\u0142y!<\/a><\/strong><\/p>\n<\/div>\n<\/div>\n\n\n\n<div style=\"height:10px\" aria-hidden=\"true\" class=\"wp-block-spacer\"><\/div>\n\n\n\n<h4 class=\"wp-block-heading\">Sobota i niedziela (13-14 maja 2023) to samo serce \u2764\ufe0f konferencji. <\/h4>\n\n\n\n<p>Dwa dni, kt\u00f3re staj\u0105 si\u0119 okazj\u0105 do skorzystania z prezentacji, warsztat\u00f3w i biznesowego mastermindu. Szczeg\u00f3ln\u0105 trosk\u0119 przywi\u0105zujemy do tego, by przekazywana wiedza dotyka\u0142a ka\u017cdego poziomu zaawansowania. Dlatego zar\u00f3wno pocz\u0105tkuj\u0105cy u\u017cytkownicy WordPressa, jak i jego zaawansowani developerzy z pewno\u015bci\u0105 wynios\u0105 korzy\u015bci dla siebie.<\/p>\n\n\n\n<div class=\"wp-block-columns is-layout-flex wp-container-core-columns-is-layout-28f84493 wp-block-columns-is-layout-flex\">\n<div class=\"wp-block-column is-layout-flow wp-block-column-is-layout-flow\">\n<p>Podczas eventu b\u0119dzie mo\u017cna czerpa\u0107 wiedz\u0119 z prezentacji wyg\u0142aszanych przez do\u015bwiadczonych praktyk\u00f3w WordPressa, wdra\u017ca\u0107 j\u0105 konkretnie w \u017cycie podczas warsztat\u00f3w oraz korzysta\u0107 ze wsparcia i do\u015bwiadcze\u0144 innych uczestnik\u00f3w, poddaj\u0105c swoje pomys\u0142y pod burz\u0119 m\u00f3zg\u00f3w w trakcie biznesowego mastermindu.<\/p>\n\n\n\n<p>Wszystko tak, by ka\u017cdy odni\u00f3s\u0142 korzy\u015bci najbardziej warto\u015bciowe dla siebie!<\/p>\n<\/div>\n\n\n\n<div class=\"wp-block-column is-layout-flow wp-block-column-is-layout-flow\">\n<figure class=\"wp-block-image size-large\"><img loading=\"lazy\" decoding=\"async\" width=\"1024\" height=\"682\" src=\"https:\/\/gliwice.wordcamp.org\/2023\/files\/2023\/01\/wc-poznan-1024x682.jpg\" alt=\"\" class=\"wp-image-777\" srcset=\"https:\/\/gliwice.wordcamp.org\/2023\/files\/2023\/01\/wc-poznan-1024x682.jpg 1024w, https:\/\/gliwice.wordcamp.org\/2023\/files\/2023\/01\/wc-poznan-300x200.jpg 300w, https:\/\/gliwice.wordcamp.org\/2023\/files\/2023\/01\/wc-poznan-768x512.jpg 768w, https:\/\/gliwice.wordcamp.org\/2023\/files\/2023\/01\/wc-poznan-450x300.jpg 450w, https:\/\/gliwice.wordcamp.org\/2023\/files\/2023\/01\/wc-poznan-1536x1024.jpg 1536w, https:\/\/gliwice.wordcamp.org\/2023\/files\/2023\/01\/wc-poznan.jpg 2000w\" sizes=\"auto, (max-width: 1024px) 100vw, 1024px\" \/><\/figure>\n<\/div>\n<\/div>\n\n\n\n<div style=\"height:10px\" aria-hidden=\"true\" class=\"wp-block-spacer\"><\/div>\n\n\n\n<h4 class=\"wp-block-heading\" id=\"wordcamp-to-nieformalne-spotkanie-spolecznosci-wp\">WordCamp to nieformalne spotkanie spo\u0142eczno\u015bci WP<\/h4>\n\n\n\n<p>Na co dzie\u0144 mieszkamy i pracujemy w ca\u0142ej Polsce, a niekt\u00f3rzy z nas r\u00f3wnie\u017c poza jej granicami. Jeste\u015bmy r\u00f3\u017cni, r\u00f3\u017cne mamy role \u017cyciowe i do\u015bwiadczenia. \u0141\u0105czy nas jedno &#8211; WordPress. WordCamp to czas, w kt\u00f3rym mo\u017cemy si\u0119 spotka\u0107. Czas sympatii, wsparcia i rozm\u00f3w niedoko\u0144czonych&#8230;<\/p>\n\n\n\n<p>Niezale\u017cnie czy w cz\u0119\u015bci oficjalnej, czy w tej mniej formalnej, WordCamp to sposobno\u015b\u0107 do poznania innych u\u017cytkownik\u00f3w WordPressa i wielkiej wymiany do\u015bwiadcze\u0144. Spo\u0142eczno\u015b\u0107 WordPressa to warto\u015b\u0107 dodana, kt\u00f3rej nie spos\u00f3b przeceni\u0107. Podczas eventu nawi\u0105zuj\u0105 si\u0119 nierzadko wieloletnie relacje, owocne wsp\u00f3\u0142prace, a wiele os\u00f3b poznaje swoich przysz\u0142ych pracodawc\u00f3w.<\/p>\n\n\n\n<p>I cho\u0107 konferencja nie jest ma\u0142a &#8211; przyje\u017cd\u017ca nas oko\u0142o 400 os\u00f3b &#8211; to atmosfera jest na tyle sympatyczna, \u017ce ka\u017cdy, wyje\u017cd\u017caj\u0105c, umawia si\u0119 na&#8230; kolejny WordCamp! \ud83e\udd29<\/p>\n\n\n\n<div style=\"height:20px\" aria-hidden=\"true\" class=\"wp-block-spacer\"><\/div>\n\n\n\n<figure class=\"wp-block-gallery has-nested-images columns-default is-cropped wp-block-gallery-1 is-layout-flex wp-block-gallery-is-layout-flex\">\n<figure class=\"wp-block-image size-large\"><img loading=\"lazy\" decoding=\"async\" width=\"1024\" height=\"683\" data-id=\"768\" src=\"https:\/\/gliwice.wordcamp.org\/2023\/files\/2023\/01\/mas3-1024x683.jpg\" alt=\"\" class=\"wp-image-768\" srcset=\"https:\/\/gliwice.wordcamp.org\/2023\/files\/2023\/01\/mas3-1024x683.jpg 1024w, https:\/\/gliwice.wordcamp.org\/2023\/files\/2023\/01\/mas3-300x200.jpg 300w, https:\/\/gliwice.wordcamp.org\/2023\/files\/2023\/01\/mas3-768x512.jpg 768w, https:\/\/gliwice.wordcamp.org\/2023\/files\/2023\/01\/mas3-450x300.jpg 450w, https:\/\/gliwice.wordcamp.org\/2023\/files\/2023\/01\/mas3.jpg 1200w\" sizes=\"auto, (max-width: 1024px) 100vw, 1024px\" \/><\/figure>\n\n\n\n<figure class=\"wp-block-image size-large\"><img loading=\"lazy\" decoding=\"async\" width=\"1024\" height=\"682\" data-id=\"769\" src=\"https:\/\/gliwice.wordcamp.org\/2023\/files\/2023\/01\/mas2-1024x682.jpg\" alt=\"\" class=\"wp-image-769\" srcset=\"https:\/\/gliwice.wordcamp.org\/2023\/files\/2023\/01\/mas2-1024x682.jpg 1024w, https:\/\/gliwice.wordcamp.org\/2023\/files\/2023\/01\/mas2-300x200.jpg 300w, https:\/\/gliwice.wordcamp.org\/2023\/files\/2023\/01\/mas2-768x512.jpg 768w, https:\/\/gliwice.wordcamp.org\/2023\/files\/2023\/01\/mas2-450x300.jpg 450w, https:\/\/gliwice.wordcamp.org\/2023\/files\/2023\/01\/mas2-1536x1024.jpg 1536w, https:\/\/gliwice.wordcamp.org\/2023\/files\/2023\/01\/mas2.jpg 2000w\" sizes=\"auto, (max-width: 1024px) 100vw, 1024px\" \/><\/figure>\n\n\n\n<figure class=\"wp-block-image size-large\"><img loading=\"lazy\" decoding=\"async\" width=\"1024\" height=\"688\" data-id=\"770\" src=\"https:\/\/gliwice.wordcamp.org\/2023\/files\/2023\/01\/mas1-1024x688.jpg\" alt=\"\" class=\"wp-image-770\" srcset=\"https:\/\/gliwice.wordcamp.org\/2023\/files\/2023\/01\/mas1-1024x688.jpg 1024w, https:\/\/gliwice.wordcamp.org\/2023\/files\/2023\/01\/mas1-300x202.jpg 300w, https:\/\/gliwice.wordcamp.org\/2023\/files\/2023\/01\/mas1-768x516.jpg 768w, https:\/\/gliwice.wordcamp.org\/2023\/files\/2023\/01\/mas1-446x300.jpg 446w, https:\/\/gliwice.wordcamp.org\/2023\/files\/2023\/01\/mas1.jpg 1400w\" sizes=\"auto, (max-width: 1024px) 100vw, 1024px\" \/><\/figure>\n<\/figure>\n","protected":false},"excerpt":{"rendered":"<p>WordCamp to konferencja. To trzy dni przepe\u0142nione wiedz\u0105 o samym WordPressie, nowych trendach i internetowych technologiach. Wiedz\u0105 t\u0105 dzielimy si\u0119 podczas prelekcji, warsztat\u00f3w, korzystaj\u0105c z biznesowego mastermindu, przy stoiskach sponsorskich oraz w kuluarowych rozmowach. Kto mo\u017ce wzi\u0105\u0107 udzia\u0142? Praktycznie ka\u017cdy. WordPress to obecnie najbardziej popularny system zarz\u0105dzania tre\u015bciami w Internecie. Je\u015bli wi\u0119c jakim\u015b cudem jeszcze [&hellip;]<\/p>\n","protected":false},"author":5600279,"featured_media":0,"parent":0,"menu_order":0,"comment_status":"closed","ping_status":"closed","template":"page-large-header","meta":{"jetpack_post_was_ever_published":false,"footnotes":""},"class_list":["post-259","page","type-page","status-publish","hentry"],"jetpack_sharing_enabled":true,"_links":{"self":[{"href":"https:\/\/gliwice.wordcamp.org\/2023\/wp-json\/wp\/v2\/pages\/259","targetHints":{"allow":["GET"]}}],"collection":[{"href":"https:\/\/gliwice.wordcamp.org\/2023\/wp-json\/wp\/v2\/pages"}],"about":[{"href":"https:\/\/gliwice.wordcamp.org\/2023\/wp-json\/wp\/v2\/types\/page"}],"author":[{"embeddable":true,"href":"https:\/\/gliwice.wordcamp.org\/2023\/wp-json\/wp\/v2\/users\/5600279"}],"replies":[{"embeddable":true,"href":"https:\/\/gliwice.wordcamp.org\/2023\/wp-json\/wp\/v2\/comments?post=259"}],"version-history":[{"count":74,"href":"https:\/\/gliwice.wordcamp.org\/2023\/wp-json\/wp\/v2\/pages\/259\/revisions"}],"predecessor-version":[{"id":3047,"href":"https:\/\/gliwice.wordcamp.org\/2023\/wp-json\/wp\/v2\/pages\/259\/revisions\/3047"}],"wp:attachment":[{"href":"https:\/\/gliwice.wordcamp.org\/2023\/wp-json\/wp\/v2\/media?parent=259"}],"curies":[{"name":"wp","href":"https:\/\/api.w.org\/{rel}","templated":true}]}}