{"id":264,"date":"2022-12-30T20:59:22","date_gmt":"2022-12-30T19:59:22","guid":{"rendered":"https:\/\/gliwice.wordcamp.org\/2023\/?page_id=264"},"modified":"2023-05-18T13:08:03","modified_gmt":"2023-05-18T11:08:03","slug":"patronaty","status":"publish","type":"page","link":"https:\/\/gliwice.wordcamp.org\/2023\/patronaty\/","title":{"rendered":"Patronaty"},"content":{"rendered":"\n<p class=\"has-custom-blue-ryb-color has-text-color\" style=\"font-size:1.3rem\">Honorowy Patronat Prezydenta Miasta Gliwice \ud83c\udfdb\ufe0f<\/p>\n\n\n\n<div class=\"wp-block-group is-content-justification-left is-layout-constrained wp-container-core-group-is-layout-7526a028 wp-block-group-is-layout-constrained\">\n<figure class=\"wp-block-image alignwide size-full has-custom-border is-style-default\"><img loading=\"lazy\" decoding=\"async\" width=\"1549\" height=\"609\" src=\"https:\/\/gliwice.wordcamp.org\/2023\/files\/2023\/04\/HERB-patronat-PM-kolor.jpg\" alt=\"\" class=\"wp-image-3657\" style=\"border-left-color:var(--wp--preset--color--background);border-left-style:solid;border-left-width:50px\" srcset=\"https:\/\/gliwice.wordcamp.org\/2023\/files\/2023\/04\/HERB-patronat-PM-kolor.jpg 1549w, https:\/\/gliwice.wordcamp.org\/2023\/files\/2023\/04\/HERB-patronat-PM-kolor-300x118.jpg 300w, https:\/\/gliwice.wordcamp.org\/2023\/files\/2023\/04\/HERB-patronat-PM-kolor-1024x403.jpg 1024w, https:\/\/gliwice.wordcamp.org\/2023\/files\/2023\/04\/HERB-patronat-PM-kolor-768x302.jpg 768w, https:\/\/gliwice.wordcamp.org\/2023\/files\/2023\/04\/HERB-patronat-PM-kolor-500x197.jpg 500w, https:\/\/gliwice.wordcamp.org\/2023\/files\/2023\/04\/HERB-patronat-PM-kolor-1536x604.jpg 1536w\" sizes=\"auto, (max-width: 1549px) 100vw, 1549px\" \/><\/figure>\n\n\n\n<div style=\"height:10px\" aria-hidden=\"true\" class=\"wp-block-spacer\"><\/div>\n<\/div>\n\n\n\n<p class=\"has-custom-blue-ryb-color has-text-color\" style=\"font-size:1.3rem\">WordCamp Gliwice medialnie nag\u0142a\u015bniaj\u0105 <strong>\ud83c\udf1f<\/strong><\/p>\n\n\n\n<div style=\"height:25px\" aria-hidden=\"true\" class=\"wp-block-spacer\"><\/div>\n\n\n\n<div class=\"wp-block-columns are-vertically-aligned-center is-layout-flex wp-container-core-columns-is-layout-28f84493 wp-block-columns-is-layout-flex\">\n<div class=\"wp-block-column is-vertically-aligned-center is-layout-flow wp-block-column-is-layout-flow\">\n<figure class=\"wp-block-image aligncenter size-medium\"><a href=\"https:\/\/mamstartup.pl\" target=\"_blank\" rel=\"noreferrer noopener nofollow\"><img loading=\"lazy\" decoding=\"async\" width=\"300\" height=\"51\" src=\"https:\/\/gliwice.wordcamp.org\/2023\/files\/2023\/02\/ms-logo-300x51.png\" alt=\"\" class=\"wp-image-2019\" srcset=\"https:\/\/gliwice.wordcamp.org\/2023\/files\/2023\/02\/ms-logo-300x51.png 300w, https:\/\/gliwice.wordcamp.org\/2023\/files\/2023\/02\/ms-logo-1024x175.png 1024w, https:\/\/gliwice.wordcamp.org\/2023\/files\/2023\/02\/ms-logo-768x132.png 768w, https:\/\/gliwice.wordcamp.org\/2023\/files\/2023\/02\/ms-logo-500x86.png 500w, https:\/\/gliwice.wordcamp.org\/2023\/files\/2023\/02\/ms-logo-1536x263.png 1536w, https:\/\/gliwice.wordcamp.org\/2023\/files\/2023\/02\/ms-logo.png 1600w\" sizes=\"auto, (max-width: 300px) 100vw, 300px\" \/><\/a><\/figure>\n<\/div>\n\n\n\n<div class=\"wp-block-column is-vertically-aligned-center is-layout-flow wp-block-column-is-layout-flow\">\n<figure class=\"wp-block-image aligncenter size-medium\"><a href=\"https:\/\/mmponline.pl\/\" target=\"_blank\" rel=\"noreferrer noopener nofollow\"><img loading=\"lazy\" decoding=\"async\" width=\"300\" height=\"71\" src=\"https:\/\/gliwice.wordcamp.org\/2023\/files\/2023\/03\/media_marketing_kolor-300x71.jpg\" alt=\"\" class=\"wp-image-2802\" srcset=\"https:\/\/gliwice.wordcamp.org\/2023\/files\/2023\/03\/media_marketing_kolor-300x71.jpg 300w, https:\/\/gliwice.wordcamp.org\/2023\/files\/2023\/03\/media_marketing_kolor-1024x243.jpg 1024w, https:\/\/gliwice.wordcamp.org\/2023\/files\/2023\/03\/media_marketing_kolor-768x182.jpg 768w, https:\/\/gliwice.wordcamp.org\/2023\/files\/2023\/03\/media_marketing_kolor-500x118.jpg 500w, https:\/\/gliwice.wordcamp.org\/2023\/files\/2023\/03\/media_marketing_kolor-1536x364.jpg 1536w, https:\/\/gliwice.wordcamp.org\/2023\/files\/2023\/03\/media_marketing_kolor-2048x485.jpg 2048w\" sizes=\"auto, (max-width: 300px) 100vw, 300px\" \/><\/a><\/figure>\n<\/div>\n<\/div>\n\n\n\n<div class=\"wp-block-columns are-vertically-aligned-center is-layout-flex wp-container-core-columns-is-layout-28f84493 wp-block-columns-is-layout-flex\">\n<div class=\"wp-block-column is-vertically-aligned-center is-layout-flow wp-block-column-is-layout-flow\">\n<figure class=\"wp-block-image aligncenter size-medium\"><a href=\"https:\/\/nowymarketing.pl\" target=\"_blank\" rel=\"noreferrer noopener\"><img loading=\"lazy\" decoding=\"async\" width=\"300\" height=\"56\" src=\"https:\/\/gliwice.wordcamp.org\/2023\/files\/2023\/02\/nm-300x56.png\" alt=\"\" class=\"wp-image-2020\" srcset=\"https:\/\/gliwice.wordcamp.org\/2023\/files\/2023\/02\/nm-300x56.png 300w, https:\/\/gliwice.wordcamp.org\/2023\/files\/2023\/02\/nm-500x93.png 500w, https:\/\/gliwice.wordcamp.org\/2023\/files\/2023\/02\/nm.png 558w\" sizes=\"auto, (max-width: 300px) 100vw, 300px\" \/><\/a><\/figure>\n<\/div>\n\n\n\n<div class=\"wp-block-column is-vertically-aligned-center is-layout-flow wp-block-column-is-layout-flow\">\n<figure class=\"wp-block-image aligncenter size-large is-resized\"><a href=\"https:\/\/maciejkuchnik.pl\" rel=\"nofollow\"><img loading=\"lazy\" decoding=\"async\" src=\"https:\/\/gliwice.wordcamp.org\/2023\/files\/2023\/04\/TRANSPARENT-BLUE-1024x1024.png\" alt=\"\" class=\"wp-image-3223\" width=\"150\" height=\"150\" srcset=\"https:\/\/gliwice.wordcamp.org\/2023\/files\/2023\/04\/TRANSPARENT-BLUE-1024x1024.png 1024w, https:\/\/gliwice.wordcamp.org\/2023\/files\/2023\/04\/TRANSPARENT-BLUE-300x300.png 300w, https:\/\/gliwice.wordcamp.org\/2023\/files\/2023\/04\/TRANSPARENT-BLUE-150x150.png 150w, https:\/\/gliwice.wordcamp.org\/2023\/files\/2023\/04\/TRANSPARENT-BLUE-768x768.png 768w, https:\/\/gliwice.wordcamp.org\/2023\/files\/2023\/04\/TRANSPARENT-BLUE-1536x1536.png 1536w, https:\/\/gliwice.wordcamp.org\/2023\/files\/2023\/04\/TRANSPARENT-BLUE.png 1668w\" sizes=\"auto, (max-width: 150px) 100vw, 150px\" \/><\/a><\/figure>\n<\/div>\n<\/div>\n\n\n\n<div class=\"wp-block-columns is-layout-flex wp-container-core-columns-is-layout-28f84493 wp-block-columns-is-layout-flex\">\n<div class=\"wp-block-column is-vertically-aligned-center is-layout-flow wp-block-column-is-layout-flow\">\n<figure class=\"wp-block-image aligncenter size-medium\"><a href=\"https:\/\/solid.jobs\/offers\/it\" target=\"_blank\" rel=\"noreferrer noopener nofollow\"><img loading=\"lazy\" decoding=\"async\" width=\"300\" height=\"100\" src=\"https:\/\/gliwice.wordcamp.org\/2023\/files\/2023\/03\/Logo-z-logotypem-1500x500-bc-white-f-black-300x100.png\" alt=\"\" class=\"wp-image-2840\" srcset=\"https:\/\/gliwice.wordcamp.org\/2023\/files\/2023\/03\/Logo-z-logotypem-1500x500-bc-white-f-black-300x100.png 300w, https:\/\/gliwice.wordcamp.org\/2023\/files\/2023\/03\/Logo-z-logotypem-1500x500-bc-white-f-black-1024x341.png 1024w, https:\/\/gliwice.wordcamp.org\/2023\/files\/2023\/03\/Logo-z-logotypem-1500x500-bc-white-f-black-768x256.png 768w, https:\/\/gliwice.wordcamp.org\/2023\/files\/2023\/03\/Logo-z-logotypem-1500x500-bc-white-f-black-500x167.png 500w, https:\/\/gliwice.wordcamp.org\/2023\/files\/2023\/03\/Logo-z-logotypem-1500x500-bc-white-f-black.png 1500w\" sizes=\"auto, (max-width: 300px) 100vw, 300px\" \/><\/a><\/figure>\n<\/div>\n\n\n\n<div class=\"wp-block-column is-vertically-aligned-center is-layout-flow wp-block-column-is-layout-flow\">\n<figure class=\"wp-block-image aligncenter size-large is-resized\"><a href=\"https:\/\/wartoznac.pl\" rel=\"nofollow\"><img loading=\"lazy\" decoding=\"async\" src=\"https:\/\/gliwice.wordcamp.org\/2023\/files\/2023\/03\/WZ_koral-1-1024x272.png\" alt=\"\" class=\"wp-image-2964\" width=\"300\" height=\"68\" \/><\/a><\/figure>\n<\/div>\n<\/div>\n\n\n\n<div style=\"height:15px\" aria-hidden=\"true\" class=\"wp-block-spacer\"><\/div>\n","protected":false},"excerpt":{"rendered":"<p>Honorowy Patronat Prezydenta Miasta Gliwice \ud83c\udfdb\ufe0f WordCamp Gliwice medialnie nag\u0142a\u015bniaj\u0105 \ud83c\udf1f<\/p>\n","protected":false},"author":5600279,"featured_media":0,"parent":0,"menu_order":0,"comment_status":"closed","ping_status":"closed","template":"","meta":{"jetpack_post_was_ever_published":false,"footnotes":""},"class_list":["post-264","page","type-page","status-publish","hentry"],"jetpack_sharing_enabled":true,"_links":{"self":[{"href":"https:\/\/gliwice.wordcamp.org\/2023\/wp-json\/wp\/v2\/pages\/264","targetHints":{"allow":["GET"]}}],"collection":[{"href":"https:\/\/gliwice.wordcamp.org\/2023\/wp-json\/wp\/v2\/pages"}],"about":[{"href":"https:\/\/gliwice.wordcamp.org\/2023\/wp-json\/wp\/v2\/types\/page"}],"author":[{"embeddable":true,"href":"https:\/\/gliwice.wordcamp.org\/2023\/wp-json\/wp\/v2\/users\/5600279"}],"replies":[{"embeddable":true,"href":"https:\/\/gliwice.wordcamp.org\/2023\/wp-json\/wp\/v2\/comments?post=264"}],"version-history":[{"count":26,"href":"https:\/\/gliwice.wordcamp.org\/2023\/wp-json\/wp\/v2\/pages\/264\/revisions"}],"predecessor-version":[{"id":4688,"href":"https:\/\/gliwice.wordcamp.org\/2023\/wp-json\/wp\/v2\/pages\/264\/revisions\/4688"}],"wp:attachment":[{"href":"https:\/\/gliwice.wordcamp.org\/2023\/wp-json\/wp\/v2\/media?parent=264"}],"curies":[{"name":"wp","href":"https:\/\/api.w.org\/{rel}","templated":true}]}}