{"id":7,"date":"2022-12-22T19:47:17","date_gmt":"2022-12-22T18:47:17","guid":{"rendered":"https:\/\/gliwice.wordcamp.org\/2023\/schedule\/"},"modified":"2023-05-18T13:09:06","modified_gmt":"2023-05-18T11:09:06","slug":"agenda","status":"publish","type":"page","link":"https:\/\/gliwice.wordcamp.org\/2023\/agenda\/","title":{"rendered":"Agenda"},"content":{"rendered":"\n<div class=\"wp-block-group is-layout-flow wp-block-group-is-layout-flow\" style=\"border-top-color:#dce1e5;border-top-style:solid;border-top-width:1px;border-right-color:#dce1e5;border-right-style:solid;border-right-width:1px;border-bottom-color:#dce1e5;border-bottom-style:solid;border-bottom-width:1px;border-left-color:#dce1e5;border-left-style:solid;border-left-width:1px;padding-top:var(--wp--preset--spacing--40);padding-right:var(--wp--preset--spacing--40);padding-bottom:var(--wp--preset--spacing--40);padding-left:var(--wp--preset--spacing--40)\">\n<p class=\"has-medium-font-size\">Na skr\u00f3ty: <a href=\"#piatek\" data-type=\"internal\" data-id=\"#piatek\">Pi\u0105tek 12 maja<\/a> | <a href=\"#sobota\">Sobota 13 maja<\/a> | <a href=\"#niedziela\">Niedziela 14 maja<\/a> | <a href=\"#warsztaty\" data-type=\"internal\" data-id=\"#warsztaty\">Warsztaty<\/a><\/p>\n<\/div>\n\n\n\n<div style=\"height:10px\" aria-hidden=\"true\" class=\"wp-block-spacer\"><\/div>\n\n\n\n<h3 class=\"wp-block-heading\" id=\"piatek\">Pi\u0105tek 12 maja &#8211; Contributor Day<\/h3>\n\n\n\n<div class=\"wp-block-group alignwide is-layout-constrained wp-block-group-is-layout-constrained\">\n<div\n\tclass=\"wp-block-wordcamp-schedule alignwide is-loading\"\n\t\tdata-attributes=\"{&quot;__isStylesPreview&quot;:false,&quot;align&quot;:&quot;wide&quot;,&quot;chooseSpecificDays&quot;:true,&quot;chosenDays&quot;:[&quot;2023-05-12&quot;],&quot;chooseSpecificTracks&quot;:false,&quot;chosenTrackIds&quot;:[],&quot;showCategories&quot;:false,&quot;useClientTimezone&quot;:false,&quot;className&quot;:&quot;is-style-default&quot;}\"\n>\n\tWczytywanie\u2026<\/div>\n\n\n\t<div class=\"email-form fav-session-email-form-hide\">\n\t\t<!-- Tab links -->\n\t\t<div class=\"fav-session-share-tab\">\n\t\t\t\t\t\t\t<div class=\"fav-session-tablinks\" id=\"fav-session-btn-email\">\n\t\t\t\t\tE-mail\t\t\t\t<\/div>\n\t\t\t\n\t\t\t<div class=\"fav-session-tablinks\" id=\"fav-session-btn-link\">\n\t\t\t\tOdno\u015bnik\t\t\t<\/div>\n\n\t\t\t<div class=\"fav-session-tablinks\" id=\"fav-session-btn-print\">\n\t\t\t\tDrukuj\t\t\t<\/div>\n\t\t<\/div>\n\n\t\t<!-- Tab content -->\n\t\t\t\t\t<div id=\"fav-session-tab-email\" class=\"fav-session-share-tabcontent\">\n\t\t\t\t<div id=\"fav-session-email-form\">\n\t\t\t\t\tWy\u015blij mi moj\u0105 ulubion\u0105 sesj\u0119:\n\t\t\t\t\t<form id=\"fav-sessions-form\">\n\t\t\t\t\t\t<input\n\t\t\t\t\t\t\ttype=\"text\"\n\t\t\t\t\t\t\tname=\"email_address\"\n\t\t\t\t\t\t\tid=\"fav-sessions-email-address\"\n\t\t\t\t\t\t\tplaceholder=\"me@protonmail.com\"\n\t\t\t\t\t\t\/>\n\t\t\t\t\t\t<input type=\"submit\" value=\"Wy\u015blij\" \/>\n\t\t\t\t\t<\/form>\n\t\t\t\t<\/div>\n\n\t\t\t\t<div class=\"fav-session-email-wait-spinner\"><\/div>\n\t\t\t\t<div class=\"fav-session-email-result\"><\/div>\n\t\t\t<\/div>\n\t\t\n\t\t<div id=\"fav-session-tab-link\" class=\"fav-session-share-tabcontent\">\n\t\t\t\u0141\u0105cze do udost\u0119pniania:\t\t\t<br \/>\n\t\t\t<a id=\"fav-sessions-link\" href=\"\"><\/a>\n\t\t<\/div>\n\n\t\t<div id=\"fav-session-tab-print\" class=\"fav-session-share-tabcontent\">\n\t\t\t<button id=\"fav-session-print\">\n\t\t\t\tDrukuj ulubione sesje\t\t\t<\/button>\n\t\t<\/div>\n\t<\/div>\n\n\t<a class=\"show-email-form\" href=\"javascript:\">\n\t\t<span class=\"dashicons dashicons-star-filled\"><\/span>\n\t\t<span class=\"dashicons dashicons-email-alt\"><\/span>\n\t<\/a>\n\n\t<\/div>\n\n\n\n<p><a href=\"https:\/\/gliwice.wordcamp.org\/2023\/contributor-day\/\" data-type=\"page\" data-id=\"781\">Sprawd\u017a jak wzi\u0105\u0107 udzia\u0142 w Contributor Day -&gt; <\/a><\/p>\n\n\n\n<div class=\"wp-block-group is-layout-flow wp-block-group-is-layout-flow\">\n<div style=\"height:10px\" aria-hidden=\"true\" class=\"wp-block-spacer\"><\/div>\n\n\n\n<h4 class=\"wp-block-heading\">Pi\u0105tek 12 maja &#8211; 19:00*<\/h4>\n\n\n\n<p>Po pierwszym dniu konferencji o 18:00 zapraszamy na\u00a0<a href=\"https:\/\/gliwice.wordcamp.org\/2023\/before-middle-party\/\" data-type=\"page\" data-id=\"1728\">Before Party<\/a>.\u00a0<\/p>\n\n\n\n<div style=\"height:10px\" aria-hidden=\"true\" class=\"wp-block-spacer\"><\/div>\n<\/div>\n\n\n\n<h3 class=\"wp-block-heading\" id=\"sobota\">Sobota 13 maja<\/h3>\n\n\n\n<p>Spotykamy si\u0119 w CEKu. Wszystkie prezentacje w sobot\u0119 odbywaj\u0105 si\u0119 w auli A na pierwszym pi\u0119trze. <\/p>\n\n\n\n<div class=\"wp-block-group alignwide is-layout-constrained wp-block-group-is-layout-constrained\">\n<div\n\tclass=\"wp-block-wordcamp-schedule alignwide is-loading\"\n\t\tdata-attributes=\"{&quot;__isStylesPreview&quot;:false,&quot;align&quot;:&quot;wide&quot;,&quot;chooseSpecificDays&quot;:true,&quot;chosenDays&quot;:[&quot;2023-05-13&quot;],&quot;chooseSpecificTracks&quot;:true,&quot;chosenTrackIds&quot;:[49,51],&quot;showCategories&quot;:false,&quot;useClientTimezone&quot;:false,&quot;className&quot;:&quot;is-style-default&quot;}\"\n>\n\tWczytywanie\u2026<\/div>\n\n<\/div>\n\n\n\n<div class=\"wp-block-group is-layout-flow wp-block-group-is-layout-flow\">\n<div style=\"height:10px\" aria-hidden=\"true\" class=\"wp-block-spacer\"><\/div>\n\n\n\n<h4 class=\"wp-block-heading\">Sobota 13 maja &#8211; 20:00*<\/h4>\n\n\n\n<p>Po drugim dniu konferencji o 20:00 zapraszamy na oficjalne\u00a0<a href=\"https:\/\/gliwice.wordcamp.org\/2023\/before-middle-party\/\" data-type=\"page\" data-id=\"1728\">Middle Party<\/a>.\u00a0<\/p>\n\n\n\n<div style=\"height:10px\" aria-hidden=\"true\" class=\"wp-block-spacer\"><\/div>\n<\/div>\n\n\n\n<h3 class=\"wp-block-heading\" id=\"niedziela\">Niedziela 14 maja<\/h3>\n\n\n\n<p>Spotykamy si\u0119 w tym samym miejscu &#8211; w CEKu. Prezentacje odb\u0119d\u0105 si\u0119 w dw\u00f3ch aulach &#8211; B i D na pierwszym pi\u0119trze. <\/p>\n\n\n\n<div class=\"wp-block-group alignwide is-layout-constrained wp-block-group-is-layout-constrained\">\n<div\n\tclass=\"wp-block-wordcamp-schedule alignwide is-loading\"\n\t\tdata-attributes=\"{&quot;__isStylesPreview&quot;:false,&quot;align&quot;:&quot;wide&quot;,&quot;chooseSpecificDays&quot;:true,&quot;chosenDays&quot;:[&quot;2023-05-14&quot;],&quot;chooseSpecificTracks&quot;:true,&quot;chosenTrackIds&quot;:[51,47,48],&quot;showCategories&quot;:false,&quot;useClientTimezone&quot;:false,&quot;className&quot;:&quot;is-style-default&quot;}\"\n>\n\tWczytywanie\u2026<\/div>\n\n<\/div>\n\n\n\n<div style=\"height:20px\" aria-hidden=\"true\" class=\"wp-block-spacer\"><\/div>\n\n\n\n<h3 class=\"wp-block-heading\" id=\"warsztaty\">Warsztaty &#8211; sobota 13 maja<\/h3>\n\n\n\n<div class=\"wp-block-group alignwide is-layout-constrained wp-block-group-is-layout-constrained\">\n<div\n\tclass=\"wp-block-wordcamp-schedule alignwide is-loading\"\n\t\tdata-attributes=\"{&quot;__isStylesPreview&quot;:false,&quot;align&quot;:&quot;wide&quot;,&quot;chooseSpecificDays&quot;:true,&quot;chosenDays&quot;:[&quot;2023-05-13&quot;],&quot;chooseSpecificTracks&quot;:true,&quot;chosenTrackIds&quot;:[51,56,54],&quot;showCategories&quot;:false,&quot;useClientTimezone&quot;:false,&quot;className&quot;:&quot;is-style-default&quot;}\"\n>\n\tWczytywanie\u2026<\/div>\n\n<\/div>\n\n\n\n<div style=\"height:20px\" aria-hidden=\"true\" class=\"wp-block-spacer\"><\/div>\n\n\n\n<h3 class=\"wp-block-heading\">Warsztaty &#8211; niedziela 14 maja<\/h3>\n\n\n\n<div class=\"wp-block-group alignwide is-layout-constrained wp-block-group-is-layout-constrained\">\n<div\n\tclass=\"wp-block-wordcamp-schedule alignwide is-loading\"\n\t\tdata-attributes=\"{&quot;__isStylesPreview&quot;:false,&quot;align&quot;:&quot;wide&quot;,&quot;chooseSpecificDays&quot;:true,&quot;chosenDays&quot;:[&quot;2023-05-14&quot;],&quot;chooseSpecificTracks&quot;:true,&quot;chosenTrackIds&quot;:[51,56,54],&quot;showCategories&quot;:false,&quot;useClientTimezone&quot;:false,&quot;className&quot;:&quot;is-style-default&quot;}\"\n>\n\tWczytywanie\u2026<\/div>\n\n<\/div>\n\n\n\n<div style=\"height:10px\" aria-hidden=\"true\" class=\"wp-block-spacer\"><\/div>\n","protected":false},"excerpt":{"rendered":"<p>Na skr\u00f3ty: Pi\u0105tek 12 maja | Sobota 13 maja | Niedziela 14 maja | Warsztaty Pi\u0105tek 12 maja &#8211; Contributor Day Sprawd\u017a jak wzi\u0105\u0107 udzia\u0142 w Contributor Day -&gt; Pi\u0105tek 12 maja &#8211; 19:00* Po pierwszym dniu konferencji o 18:00 zapraszamy na\u00a0Before Party.\u00a0 Sobota 13 maja Spotykamy si\u0119 w CEKu. Wszystkie prezentacje w sobot\u0119 odbywaj\u0105 [&hellip;]<\/p>\n","protected":false},"author":5600279,"featured_media":0,"parent":0,"menu_order":0,"comment_status":"closed","ping_status":"closed","template":"","meta":{"jetpack_post_was_ever_published":true,"footnotes":""},"class_list":["post-7","page","type-page","status-publish","hentry"],"jetpack_sharing_enabled":true,"_links":{"self":[{"href":"https:\/\/gliwice.wordcamp.org\/2023\/wp-json\/wp\/v2\/pages\/7","targetHints":{"allow":["GET"]}}],"collection":[{"href":"https:\/\/gliwice.wordcamp.org\/2023\/wp-json\/wp\/v2\/pages"}],"about":[{"href":"https:\/\/gliwice.wordcamp.org\/2023\/wp-json\/wp\/v2\/types\/page"}],"author":[{"embeddable":true,"href":"https:\/\/gliwice.wordcamp.org\/2023\/wp-json\/wp\/v2\/users\/5600279"}],"replies":[{"embeddable":true,"href":"https:\/\/gliwice.wordcamp.org\/2023\/wp-json\/wp\/v2\/comments?post=7"}],"version-history":[{"count":44,"href":"https:\/\/gliwice.wordcamp.org\/2023\/wp-json\/wp\/v2\/pages\/7\/revisions"}],"predecessor-version":[{"id":4689,"href":"https:\/\/gliwice.wordcamp.org\/2023\/wp-json\/wp\/v2\/pages\/7\/revisions\/4689"}],"wp:attachment":[{"href":"https:\/\/gliwice.wordcamp.org\/2023\/wp-json\/wp\/v2\/media?parent=7"}],"curies":[{"name":"wp","href":"https:\/\/api.w.org\/{rel}","templated":true}]}}