{"id":702,"date":"2023-01-10T22:05:57","date_gmt":"2023-01-10T21:05:57","guid":{"rendered":"https:\/\/gliwice.wordcamp.org\/2023\/?page_id=702"},"modified":"2023-04-20T13:05:13","modified_gmt":"2023-04-20T11:05:13","slug":"zostan-sponsorem","status":"publish","type":"page","link":"https:\/\/gliwice.wordcamp.org\/2023\/zostan-sponsorem\/","title":{"rendered":"Zosta\u0144 sponsorem"},"content":{"rendered":"\n<p class=\"has-custom-blue-ryb-color has-text-color\" style=\"font-size:1.5rem\">WordPress to CMS tworzony przez ludzi na ca\u0142ym \u015bwiecie. To projekt non-profit udost\u0119pniany u\u017cytkownikom bezp\u0142atnie.&nbsp;<strong>WordCamp jest najwi\u0119ksz\u0105 i najwa\u017cniejsz\u0105 w roku konferencj\u0105 entuzjast\u00f3w WordPressa.<\/strong>&nbsp;Do\u0142\u0105czaj\u0105c do grona naszych sponsor\u00f3w oka\u017cesz wsparcie dla projektu i staniesz si\u0119 cz\u0119\u015bci\u0105 mi\u0119dzynarodowej spo\u0142eczno\u015bci.<\/p>\n\n\n\n<div class=\"wp-block-group is-layout-constrained wp-block-group-is-layout-constrained\">\n<div class=\"wp-block-buttons is-content-justification-center is-layout-flex wp-container-core-buttons-is-layout-a89b3969 wp-block-buttons-is-layout-flex\">\n<div class=\"wp-block-button\"><a class=\"wp-block-button__link has-custom-orange-background-color has-background wp-element-button\" href=\"https:\/\/gliwice.wordcamp.org\/2023\/oferta-sponsorska\/\">Poznaj szczeg\u00f3\u0142y oferty<\/a><\/div>\n<\/div>\n\n\n\n<div class=\"wp-block-buttons is-content-justification-center is-layout-flex wp-container-core-buttons-is-layout-a89b3969 wp-block-buttons-is-layout-flex\">\n<div class=\"wp-block-button\"><a class=\"wp-block-button__link has-custom-midnight-blue-background-color has-background wp-element-button\" href=\"https:\/\/gliwice.wordcamp.org\/2023\/files\/2023\/01\/WordCamp-Gliwice-2023-oferta-sponsorska.pdf\">Pobierz ofert\u0119 w PDF<\/a><\/div>\n<\/div>\n<\/div>\n\n\n\n<div class=\"wp-block-group alignfull has-custom-alice-blue-background-color has-background is-layout-constrained wp-container-core-group-is-layout-f36bc466 wp-block-group-is-layout-constrained\">\n<div style=\"height:5px\" aria-hidden=\"true\" class=\"wp-block-spacer\"><\/div>\n\n\n\n<h2 class=\"wp-block-heading has-text-align-left has-custom-orange-color has-text-color\" style=\"font-size:2.5rem;font-style:normal;font-weight:600\">Kto mo\u017ce zosta\u0107 sponsorem?<\/h2>\n\n\n\n<p class=\"has-text-align-left\" style=\"font-size:1.4rem\"><strong>Ka\u017cdy, kto tylko ma ch\u0119\u0107 realnie wesprze\u0107 rozw\u00f3j WordPressa oraz dzia\u0142ania spo\u0142eczno\u015bci. <\/strong><\/p>\n\n\n\n<div style=\"height:20px\" aria-hidden=\"true\" class=\"wp-block-spacer\"><\/div>\n<\/div>\n\n\n\n<div style=\"height:5px\" aria-hidden=\"true\" class=\"wp-block-spacer\"><\/div>\n\n\n\n<h2 class=\"wp-block-heading\">Kr\u00f3tki rys historyczny<\/h2>\n\n\n\n<p>Tradycja WordCamp\u00f3w w Polsce si\u0119ga 2010 roku. Zosta\u0142a zapocz\u0105tkowana w \u0141odzi i od tej pory &#8211; poza pandemiczn\u0105 przerw\u0105 &#8211; kilkusetosobowa polska spo\u0142eczno\u015b\u0107 WP spotyka si\u0119 corocznie w r\u00f3\u017cnych miastach kraju. Do tej pory WordCampy odbywa\u0142y si\u0119 m.in. w \u0141odzi, Poznaniu, Lublinie, Gda\u0144sku, Warszawie, Krakowie czy we Wroc\u0142awiu. <strong>W tym roku zapraszamy do Gliwic!<\/strong><\/p>\n\n\n\n<figure class=\"wp-block-image size-large\"><img loading=\"lazy\" decoding=\"async\" width=\"1024\" height=\"438\" src=\"https:\/\/gliwice.wordcamp.org\/2023\/files\/2023\/01\/wordcamp-polska-timeline-1-1024x438.png\" alt=\"\" class=\"wp-image-1092\" srcset=\"https:\/\/gliwice.wordcamp.org\/2023\/files\/2023\/01\/wordcamp-polska-timeline-1-1024x438.png 1024w, https:\/\/gliwice.wordcamp.org\/2023\/files\/2023\/01\/wordcamp-polska-timeline-1-300x128.png 300w, https:\/\/gliwice.wordcamp.org\/2023\/files\/2023\/01\/wordcamp-polska-timeline-1-768x329.png 768w, https:\/\/gliwice.wordcamp.org\/2023\/files\/2023\/01\/wordcamp-polska-timeline-1-500x214.png 500w, https:\/\/gliwice.wordcamp.org\/2023\/files\/2023\/01\/wordcamp-polska-timeline-1-1536x657.png 1536w, https:\/\/gliwice.wordcamp.org\/2023\/files\/2023\/01\/wordcamp-polska-timeline-1.png 1839w\" sizes=\"auto, (max-width: 1024px) 100vw, 1024px\" \/><\/figure>\n\n\n\n<p>W 400-osobowym gronie b\u0119dziemy poszerza\u0107 swoj\u0105 wiedz\u0119, nabywa\u0107 nowe kompetencje, weryfikowa\u0107 biznesowe idee oraz poznawa\u0107 nowych ludzi.<\/p>\n\n\n\n<h2 class=\"wp-block-heading\">Polska spo\u0142eczno\u015b\u0107 WP to nie tylko WordCampy&#8230;<\/h2>\n\n\n\n<div class=\"wp-block-media-text alignwide is-stacked-on-mobile\" style=\"padding-left:0px\"><figure class=\"wp-block-media-text__media\"><img loading=\"lazy\" decoding=\"async\" width=\"1024\" height=\"768\" src=\"https:\/\/gliwice.wordcamp.org\/2023\/files\/2023\/01\/311366267_5314747811980715_5474108037979591636_n-1024x768.jpg\" alt=\"\" class=\"wp-image-1207 size-full\" srcset=\"https:\/\/gliwice.wordcamp.org\/2023\/files\/2023\/01\/311366267_5314747811980715_5474108037979591636_n-1024x768.jpg 1024w, https:\/\/gliwice.wordcamp.org\/2023\/files\/2023\/01\/311366267_5314747811980715_5474108037979591636_n-300x225.jpg 300w, https:\/\/gliwice.wordcamp.org\/2023\/files\/2023\/01\/311366267_5314747811980715_5474108037979591636_n-768x576.jpg 768w, https:\/\/gliwice.wordcamp.org\/2023\/files\/2023\/01\/311366267_5314747811980715_5474108037979591636_n-400x300.jpg 400w, https:\/\/gliwice.wordcamp.org\/2023\/files\/2023\/01\/311366267_5314747811980715_5474108037979591636_n-1536x1152.jpg 1536w, https:\/\/gliwice.wordcamp.org\/2023\/files\/2023\/01\/311366267_5314747811980715_5474108037979591636_n.jpg 2048w\" sizes=\"auto, (max-width: 1024px) 100vw, 1024px\" \/><\/figure><div class=\"wp-block-media-text__content\">\n<p>Regularnie spotykamy si\u0119 w wielu miejscach w kraju, r\u00f3wnie\u017c na mniejszych, lokalnych meetupach, zwanych WordUpami. Jeste\u015bmy obecni te\u017c w przestrzeni online, w kt\u00f3rej bardziej zaawansowani developerzy i u\u017cytkownicy WordPressa wspieraj\u0105 rad\u0105 i rozwi\u0105zaniami osoby mniej do\u015bwiadczone czy potrzebuj\u0105ce pomocy. Dzielimy si\u0119 wiedz\u0105, dotycz\u0105c\u0105 nie tylko samego WP, ale r\u00f3wnie\u017c jego motyw\u00f3w, wtyczek, nowych technologii i wszelkich temat\u00f3w, zwi\u0105zanych z obecno\u015bci\u0105 i dzia\u0142alno\u015bci\u0105 w Internecie. <\/p>\n<\/div><\/div>\n\n\n\n<h2 class=\"wp-block-heading\">Kim s\u0105 uczestnicy WordCampa?<\/h2>\n\n\n\n<p>Wydarzenie kierowane jest do sympatyk\u00f3w i u\u017cytkownik\u00f3w WordPressa oraz jego ekosystemu. Przyci\u0105ga zar\u00f3wno osoby korzystaj\u0105ce z WordPressa zawodowo, w swoich biznesach, jak i hobbystycznie &#8211; bloger\u00f3w i influencer\u00f3w. <\/p>\n\n\n\n<p>Konferencj\u0119 kierujemy do: <\/p>\n\n\n\n<ul class=\"wp-block-list\">\n<li>specjalist\u00f3w IT, u\u017cywaj\u0105cych WordPressa zawodowo,<\/li>\n\n\n\n<li>freelancer\u00f3w, tworz\u0105cych mniejsze WordPressowe projekty dla MSP,<\/li>\n\n\n\n<li>pracownik\u00f3w WordPress software houses,<\/li>\n\n\n\n<li>pracodawc\u00f3w, zatrudniaj\u0105cych specjalist\u00f3w r\u00f3\u017cnej ma\u015bci, znaj\u0105cych WP,<\/li>\n\n\n\n<li>firm us\u0142ugowych i produktowych, opieraj\u0105cych swoj\u0105 dzia\u0142alno\u015b\u0107 na WordPressie,<\/li>\n\n\n\n<li>w\u0142a\u015bcicieli firm i hobbyst\u00f3w, zarz\u0105dzaj\u0105cych swoimi stronami internetowymi, stworzonymi na WordPressie.<\/li>\n<\/ul>\n\n\n\n<p>G\u0142\u00f3wnym za\u0142o\u017ceniem WordCampa jest przekazywanie uczestnikom praktycznej wiedzy, sprawdzonej w polskich realiach poprzez <strong>18-minutowe prelekcje, warsztaty i biznesowy mastermind<\/strong>.<\/p>\n\n\n\n<p>W konferencji bior\u0105 udzia\u0142 reprezentanci ca\u0142ej polskiej bran\u017cy WordPress. Tu poznajemy nowych ludzi, nawi\u0105zujemy kontakty biznesowe, uczymy si\u0119 si\u0119 czego\u015b nowego niezale\u017cnie od tego czy uczestnicy s\u0105 osobami nietechnicznymi, czy specjalistami od programowania.<\/p>\n\n\n\n<p>Zwracamy uwag\u0119 na to, by wiedza przekazywana podczas WordCampa dostosowana by\u0142a do uczestnik\u00f3w na ka\u017cdym poziomie zaawansowania znajomo\u015bci tematyki WP.<\/p>\n\n\n\n<h2 class=\"wp-block-heading\">Zaistniej w spo\u0142eczno\u015bci WordPressa!<\/h2>\n\n\n\n<p>Sponsoring WordCampa to doskona\u0142a okazja, by przedstawi\u0107 us\u0142ugi i ofert\u0119 swojej firmy polskiej spo\u0142eczno\u015bci WordPressa. Materia\u0142y promocyjne umieszczone b\u0119d\u0105 w pakiecie powitalnym ka\u017cdego uczestnika oraz w dogodnych miejscach na terenie Centrum Edukacyjno-Kongresowego. <\/p>\n\n\n\n<p>Dok\u0142adamy r\u00f3wnie\u017c stara\u0144, by uczestnik\u00f3w zach\u0119ci\u0107 do odwiedzania stanowisk sponsorskich podczas eventu. Szczeg\u00f3\u0142y ustalamy indywidualnie.<\/p>\n\n\n\n<div class=\"wp-block-group is-layout-constrained wp-block-group-is-layout-constrained\">\n<div class=\"wp-block-buttons is-content-justification-center is-layout-flex wp-container-core-buttons-is-layout-a89b3969 wp-block-buttons-is-layout-flex\">\n<div class=\"wp-block-button\"><a class=\"wp-block-button__link has-custom-orange-background-color has-background wp-element-button\" href=\"https:\/\/gliwice.wordcamp.org\/2023\/oferta-sponsorska\/\">Poznaj szczeg\u00f3\u0142y oferty<\/a><\/div>\n<\/div>\n\n\n\n<div class=\"wp-block-buttons is-content-justification-center is-layout-flex wp-container-core-buttons-is-layout-a89b3969 wp-block-buttons-is-layout-flex\">\n<div class=\"wp-block-button\"><a class=\"wp-block-button__link has-custom-midnight-blue-background-color has-background wp-element-button\" href=\"https:\/\/gliwice.wordcamp.org\/2023\/files\/2023\/01\/WordCamp-Gliwice-2023-oferta-sponsorska.pdf\">Pobierz ofert\u0119 w PDF<\/a><\/div>\n<\/div>\n<\/div>\n\n\n\n<div style=\"height:15px\" aria-hidden=\"true\" class=\"wp-block-spacer\"><\/div>\n\n\n\n<div class=\"wp-block-jetpack-tiled-gallery aligncenter is-style-rectangular\"><div class=\"tiled-gallery__gallery\"><div class=\"tiled-gallery__row\"><div class=\"tiled-gallery__col\" style=\"flex-basis:68.10446%\"><figure class=\"tiled-gallery__item\"><img decoding=\"async\" srcset=\"https:\/\/i2.wp.com\/gliwice.wordcamp.org\/2023\/files\/2023\/01\/lh-1024x682.webp?strip=info&#038;w=600&#038;ssl=1 600w,https:\/\/i2.wp.com\/gliwice.wordcamp.org\/2023\/files\/2023\/01\/lh-1024x682.webp?strip=info&#038;w=900&#038;ssl=1 900w,https:\/\/i2.wp.com\/gliwice.wordcamp.org\/2023\/files\/2023\/01\/lh-1024x682.webp?strip=info&#038;w=1200&#038;ssl=1 1200w,https:\/\/i2.wp.com\/gliwice.wordcamp.org\/2023\/files\/2023\/01\/lh-1024x682.webp?strip=info&#038;w=1280&#038;ssl=1 1280w\" alt=\"\" data-height=\"853\" data-id=\"1216\" data-link=\"https:\/\/gliwice.wordcamp.org\/2023\/zostan-sponsorem\/lh\/\" data-url=\"https:\/\/gliwice.wordcamp.org\/2023\/files\/2023\/01\/lh-1024x682.webp\" data-width=\"1280\" src=\"https:\/\/i2.wp.com\/gliwice.wordcamp.org\/2023\/files\/2023\/01\/lh-1024x682.webp?ssl=1\" data-amp-layout=\"responsive\" \/><\/figure><\/div><div class=\"tiled-gallery__col\" style=\"flex-basis:31.89554%\"><figure class=\"tiled-gallery__item\"><img decoding=\"async\" srcset=\"https:\/\/i2.wp.com\/gliwice.wordcamp.org\/2023\/files\/2023\/01\/wordcamp-warszawa-2022_CF.jpg-1024x768.webp?strip=info&#038;w=600&#038;ssl=1 600w,https:\/\/i2.wp.com\/gliwice.wordcamp.org\/2023\/files\/2023\/01\/wordcamp-warszawa-2022_CF.jpg-1024x768.webp?strip=info&#038;w=900&#038;ssl=1 900w,https:\/\/i2.wp.com\/gliwice.wordcamp.org\/2023\/files\/2023\/01\/wordcamp-warszawa-2022_CF.jpg-1024x768.webp?strip=info&#038;w=1200&#038;ssl=1 1200w\" alt=\"\" data-height=\"900\" data-id=\"1220\" data-link=\"https:\/\/gliwice.wordcamp.org\/2023\/zostan-sponsorem\/wordcamp-warszawa-2022_cf-jpg\/\" data-url=\"https:\/\/gliwice.wordcamp.org\/2023\/files\/2023\/01\/wordcamp-warszawa-2022_CF.jpg-1024x768.webp\" data-width=\"1200\" src=\"https:\/\/i2.wp.com\/gliwice.wordcamp.org\/2023\/files\/2023\/01\/wordcamp-warszawa-2022_CF.jpg-1024x768.webp?ssl=1\" data-amp-layout=\"responsive\" \/><\/figure><figure class=\"tiled-gallery__item\"><img decoding=\"async\" srcset=\"https:\/\/i0.wp.com\/gliwice.wordcamp.org\/2023\/files\/2023\/01\/MG_8692.jpg-1024x682.webp?strip=info&#038;w=600&#038;ssl=1 600w,https:\/\/i0.wp.com\/gliwice.wordcamp.org\/2023\/files\/2023\/01\/MG_8692.jpg-1024x682.webp?strip=info&#038;w=900&#038;ssl=1 900w,https:\/\/i0.wp.com\/gliwice.wordcamp.org\/2023\/files\/2023\/01\/MG_8692.jpg-1024x682.webp?strip=info&#038;w=1200&#038;ssl=1 1200w,https:\/\/i0.wp.com\/gliwice.wordcamp.org\/2023\/files\/2023\/01\/MG_8692.jpg-1024x682.webp?strip=info&#038;w=1280&#038;ssl=1 1280w\" alt=\"\" data-height=\"853\" data-id=\"1224\" data-link=\"https:\/\/gliwice.wordcamp.org\/2023\/zostan-sponsorem\/mg_8692-jpg\/\" data-url=\"https:\/\/gliwice.wordcamp.org\/2023\/files\/2023\/01\/MG_8692.jpg-1024x682.webp\" data-width=\"1280\" src=\"https:\/\/i0.wp.com\/gliwice.wordcamp.org\/2023\/files\/2023\/01\/MG_8692.jpg-1024x682.webp?ssl=1\" data-amp-layout=\"responsive\" \/><\/figure><\/div><\/div><div class=\"tiled-gallery__row\"><div class=\"tiled-gallery__col\" style=\"flex-basis:50.00350%\"><figure class=\"tiled-gallery__item\"><img decoding=\"async\" srcset=\"https:\/\/i2.wp.com\/gliwice.wordcamp.org\/2023\/files\/2023\/01\/coders-labs-1024x682.webp?strip=info&#038;w=600&#038;ssl=1 600w,https:\/\/i2.wp.com\/gliwice.wordcamp.org\/2023\/files\/2023\/01\/coders-labs-1024x682.webp?strip=info&#038;w=900&#038;ssl=1 900w,https:\/\/i2.wp.com\/gliwice.wordcamp.org\/2023\/files\/2023\/01\/coders-labs-1024x682.webp?strip=info&#038;w=1200&#038;ssl=1 1200w,https:\/\/i2.wp.com\/gliwice.wordcamp.org\/2023\/files\/2023\/01\/coders-labs-1024x682.webp?strip=info&#038;w=1280&#038;ssl=1 1280w\" alt=\"\" data-height=\"853\" data-id=\"1215\" data-link=\"https:\/\/gliwice.wordcamp.org\/2023\/zostan-sponsorem\/coders-labs\/\" data-url=\"https:\/\/gliwice.wordcamp.org\/2023\/files\/2023\/01\/coders-labs-1024x682.webp\" data-width=\"1280\" src=\"https:\/\/i2.wp.com\/gliwice.wordcamp.org\/2023\/files\/2023\/01\/coders-labs-1024x682.webp?ssl=1\" data-amp-layout=\"responsive\" \/><\/figure><\/div><div class=\"tiled-gallery__col\" style=\"flex-basis:49.99650%\"><figure class=\"tiled-gallery__item\"><img decoding=\"async\" srcset=\"https:\/\/i2.wp.com\/gliwice.wordcamp.org\/2023\/files\/2023\/01\/wpdesk-1024x682.jpg?strip=info&#038;w=600&#038;ssl=1 600w,https:\/\/i2.wp.com\/gliwice.wordcamp.org\/2023\/files\/2023\/01\/wpdesk-1024x682.jpg?strip=info&#038;w=900&#038;ssl=1 900w,https:\/\/i2.wp.com\/gliwice.wordcamp.org\/2023\/files\/2023\/01\/wpdesk-1024x682.jpg?strip=info&#038;w=1200&#038;ssl=1 1200w,https:\/\/i2.wp.com\/gliwice.wordcamp.org\/2023\/files\/2023\/01\/wpdesk-1024x682.jpg?strip=info&#038;w=1500&#038;ssl=1 1500w,https:\/\/i2.wp.com\/gliwice.wordcamp.org\/2023\/files\/2023\/01\/wpdesk-1024x682.jpg?strip=info&#038;w=1800&#038;ssl=1 1800w,https:\/\/i2.wp.com\/gliwice.wordcamp.org\/2023\/files\/2023\/01\/wpdesk-1024x682.jpg?strip=info&#038;w=2000&#038;ssl=1 2000w\" alt=\"\" data-height=\"1333\" data-id=\"1217\" data-link=\"https:\/\/gliwice.wordcamp.org\/2023\/zostan-sponsorem\/wpdesk\/\" data-url=\"https:\/\/gliwice.wordcamp.org\/2023\/files\/2023\/01\/wpdesk-1024x682.jpg\" data-width=\"2000\" src=\"https:\/\/i2.wp.com\/gliwice.wordcamp.org\/2023\/files\/2023\/01\/wpdesk-1024x682.jpg?ssl=1\" data-amp-layout=\"responsive\" \/><\/figure><\/div><\/div><\/div><\/div>\n","protected":false},"excerpt":{"rendered":"<p>WordPress to CMS tworzony przez ludzi na ca\u0142ym \u015bwiecie. To projekt non-profit udost\u0119pniany u\u017cytkownikom bezp\u0142atnie.&nbsp;WordCamp jest najwi\u0119ksz\u0105 i najwa\u017cniejsz\u0105 w roku konferencj\u0105 entuzjast\u00f3w WordPressa.&nbsp;Do\u0142\u0105czaj\u0105c do grona naszych sponsor\u00f3w oka\u017cesz wsparcie dla projektu i staniesz si\u0119 cz\u0119\u015bci\u0105 mi\u0119dzynarodowej spo\u0142eczno\u015bci. Kto mo\u017ce zosta\u0107 sponsorem? Ka\u017cdy, kto tylko ma ch\u0119\u0107 realnie wesprze\u0107 rozw\u00f3j WordPressa oraz dzia\u0142ania spo\u0142eczno\u015bci. Kr\u00f3tki [&hellip;]<\/p>\n","protected":false},"author":5600279,"featured_media":0,"parent":0,"menu_order":0,"comment_status":"closed","ping_status":"closed","template":"page-large-header","meta":{"jetpack_post_was_ever_published":false,"footnotes":""},"class_list":["post-702","page","type-page","status-publish","hentry"],"jetpack_sharing_enabled":true,"_links":{"self":[{"href":"https:\/\/gliwice.wordcamp.org\/2023\/wp-json\/wp\/v2\/pages\/702","targetHints":{"allow":["GET"]}}],"collection":[{"href":"https:\/\/gliwice.wordcamp.org\/2023\/wp-json\/wp\/v2\/pages"}],"about":[{"href":"https:\/\/gliwice.wordcamp.org\/2023\/wp-json\/wp\/v2\/types\/page"}],"author":[{"embeddable":true,"href":"https:\/\/gliwice.wordcamp.org\/2023\/wp-json\/wp\/v2\/users\/5600279"}],"replies":[{"embeddable":true,"href":"https:\/\/gliwice.wordcamp.org\/2023\/wp-json\/wp\/v2\/comments?post=702"}],"version-history":[{"count":46,"href":"https:\/\/gliwice.wordcamp.org\/2023\/wp-json\/wp\/v2\/pages\/702\/revisions"}],"predecessor-version":[{"id":3844,"href":"https:\/\/gliwice.wordcamp.org\/2023\/wp-json\/wp\/v2\/pages\/702\/revisions\/3844"}],"wp:attachment":[{"href":"https:\/\/gliwice.wordcamp.org\/2023\/wp-json\/wp\/v2\/media?parent=702"}],"curies":[{"name":"wp","href":"https:\/\/api.w.org\/{rel}","templated":true}]}}