{"id":781,"date":"2023-01-15T18:48:20","date_gmt":"2023-01-15T17:48:20","guid":{"rendered":"https:\/\/gliwice.wordcamp.org\/2023\/?page_id=781"},"modified":"2023-05-18T13:06:32","modified_gmt":"2023-05-18T11:06:32","slug":"contributor-day","status":"publish","type":"page","link":"https:\/\/gliwice.wordcamp.org\/2023\/contributor-day\/","title":{"rendered":"Contributor Day"},"content":{"rendered":"\n<p class=\"has-custom-blue-ryb-color has-text-color\" style=\"font-size:1.4rem\">Contributor Day to \u015bwietny spos\u00f3b na zrobienie czego\u015b dobrego dla spo\u0142eczno\u015bci WordPressa i zdobycie nowych umiej\u0119tno\u015bci, ale przede wszystkim <strong>spos\u00f3b na poznanie nowych os\u00f3b o takich samych zainteresowaniach<\/strong>, a tak\u017ce mo\u017cliwo\u015b\u0107 wsp\u00f3lnej pracy w niezobowi\u0105zuj\u0105cej, lu\u017anej atmosferze.<\/p>\n\n\n\n<div class=\"wp-block-group is-layout-flow wp-block-group-is-layout-flow\" style=\"border-top-color:#dce1e5;border-top-style:solid;border-top-width:1px;border-right-color:#dce1e5;border-right-style:solid;border-right-width:1px;border-bottom-color:#dce1e5;border-bottom-style:solid;border-bottom-width:1px;border-left-color:#dce1e5;border-left-style:solid;border-left-width:1px;padding-top:var(--wp--preset--spacing--40);padding-right:var(--wp--preset--spacing--40);padding-bottom:var(--wp--preset--spacing--40);padding-left:var(--wp--preset--spacing--40)\">\n<p class=\"has-small-font-size\">\u21e8 Na skr\u00f3ty: <a href=\"#rejestracja\">Rejestracja<\/a> | <a href=\"#harmonogram\">Harmonogram<\/a> | <a href=\"#prepare\">Jak si\u0119 przygotowa\u0107<\/a><\/p>\n<\/div>\n\n\n\n<p>Contributor Day jest specjalnym dniem otwieraj\u0105cym trzydniowy WordCamp. Jest to czas przeznaczony na wsp\u00f3ln\u0105 prac\u0119 naszej spo\u0142eczno\u015bci nad rozwojem ca\u0142ej platformy WordPress. Ka\u017cda osoba, niezale\u017cnie od posiadanych umiej\u0119tno\u015bci czy wykonywanego zawodu, mo\u017ce do\u0142o\u017cy\u0107 swoj\u0105 cegie\u0142k\u0119 do tego ogromnego, mi\u0119dzynarodowego projektu. <\/p>\n\n\n\n<h2 class=\"wp-block-heading has-custom-orange-color has-text-color\"><strong>Kto mo\u017ce wzi\u0105\u0107 udzia\u0142? <\/strong><\/h2>\n\n\n\n<p><strong>Contributor Day jest dla wszystkich: dla programist\u00f3w, grafik\u00f3w, marketingowc\u00f3w, t\u0142umaczy, fotograf\u00f3w i os\u00f3b ka\u017cdej innej specjalizacji, z dowolnym poziomem do\u015bwiadczenia. Wszyscy jeste\u015bmy mile widziani. \u2764\ufe0f \ud83c\udf08<\/strong><\/p>\n\n\n\n<p>To ca\u0142y dzie\u0144 przeznaczony na rozwi\u0105zywanie problem\u00f3w, tworzenie nowych tre\u015bci czy dodawanie zdj\u0119\u0107 do bazy medi\u00f3w open source. B\u0119dziemy naprawia\u0107 bugi, uzupe\u0142nia\u0107 brakuj\u0105ce t\u0142umaczenia. Wszystko to w gronie pasjonat\u00f3w WordPressa.<\/p>\n\n\n\n<p>Aby wzi\u0105\u0107 udzia\u0142 w Contributor Day, musisz w pierwszej kolejno\u015bci zakupi\u0107 bilet na konferencj\u0119. Ju\u017c niebawem wszystkim ch\u0119tnym na udzia\u0142 w Contributor Day udost\u0119pnimy specjalny formularz rejestracyjny, w kt\u00f3rym b\u0119dziecie mogli zg\u0142osi\u0107 ch\u0119\u0107 udzia\u0142u w tej cz\u0119\u015bci konferencji, a tak\u017ce okre\u015bli\u0107 jakim typem umiej\u0119tno\u015bci chcesz wesprze\u0107 rozw\u00f3j WordPressa.<\/p>\n\n\n\n<h2 class=\"wp-block-heading\">Nie masz do\u015bwiadczenia? To \u017caden problem!<\/h2>\n\n\n\n<p>Contributor Day NIE JEST dniem przeznaczonym dla mistrz\u00f3w, starych wyjadaczy i najbardziej do\u015bwiadczonych os\u00f3b. To dzie\u0144 przeznaczony dla ka\u017cdej osoby zainteresowanej poznaniem fajnych ludzi i sprawdzeniem tego, co faktycznie mo\u017cna zrobi\u0107, by wspiera\u0107 rozw\u00f3j WordPressa i ca\u0142ej naszej spo\u0142eczno\u015bci. Dzi\u0119ki uczestnictwu w tej cz\u0119\u015bci konferencji dowiesz si\u0119, jak faktycznie dzia\u0142a WordPress od zaplecza i na czym polega ogromna si\u0142a naszej mi\u0119dzynarodowej spo\u0142eczno\u015bci. A tak na marginesie, na Contributor Day zawsze zbieraj\u0105 si\u0119 najfajniejsi ludzie, wi\u0119c na pewno poznasz tu nowych przyjaci\u00f3\u0142.<\/p>\n\n\n\n<div style=\"height:25px\" aria-hidden=\"true\" class=\"wp-block-spacer\"><\/div>\n\n\n\n<h2 class=\"wp-block-heading\" id=\"rejestracja\">Rejestracja na Contributor Day<\/h2>\n\n\n\n<p>Rejestracja na Contributor Day zako\u0144czy\u0142a si\u0119. <\/p>\n\n\n\n<div style=\"height:25px\" aria-hidden=\"true\" class=\"wp-block-spacer\"><\/div>\n\n\n\n<div class=\"wp-block-group alignfull has-custom-alice-blue-background-color has-background is-layout-constrained wp-block-group-is-layout-constrained\" id=\"harmonogram\">\n<div style=\"height:30px\" aria-hidden=\"true\" class=\"wp-block-spacer\"><\/div>\n\n\n\n<h2 class=\"wp-block-heading\"><strong>Harmonogram<\/strong><\/h2>\n\n\n\n<p><strong>Data:<\/strong> 12 maja 2023 <\/p>\n\n\n\n<p><strong>Szczeg\u00f3\u0142owy plan dnia:<\/strong><\/p>\n\n\n\n<ul class=\"wp-block-list\">\n<li>9:30-10:00 Rejestracja \/ Kawa&amp;Herbata<\/li>\n\n\n\n<li>10:00-10:30 Powitanie, podzia\u0142 zespo\u0142\u00f3w i rozpocz\u0119cie pracy przy stolikach. Kr\u00f3tki warsztat wprowadzaj\u0105cy dla os\u00f3b uczestnicz\u0105cych po raz pierwszy w Contributor Day<\/li>\n\n\n\n<li>10:30-12:30 Praca (Contributing)<\/li>\n\n\n\n<li>12:30-13:30 Przerwa na lunch<\/li>\n\n\n\n<li>14:30-15:30 Praca (Contributing)<\/li>\n\n\n\n<li>15:30-16:00 Podsumowanie dnia, om\u00f3wienie efekt\u00f3w pracy i zako\u0144czenie.<\/li>\n<\/ul>\n\n\n\n<div style=\"height:30px\" aria-hidden=\"true\" class=\"wp-block-spacer\"><\/div>\n<\/div>\n\n\n\n<div style=\"height:25px\" aria-hidden=\"true\" id=\"prepare\" class=\"wp-block-spacer\"><\/div>\n\n\n\n<h2 class=\"wp-block-heading\">Jak mog\u0119 si\u0119 przygotowa\u0107 na Contributor Day?&nbsp;<\/h2>\n\n\n\n<ol class=\"wp-block-list\">\n<li>Za\u0142\u00f3\u017c konto na&nbsp;<a href=\"https:\/\/login.wordpress.org\/register\">wordpress.org<\/a>. <\/li>\n\n\n\n<li>Zdj\u0119cie profilowe mo\u017cesz ustawi\u0107 za pomoc\u0105 strony <a href=\"https:\/\/gravatar.com\/\">gravatar.com<\/a>. <\/li>\n\n\n\n<li>Do\u0142\u0105cz do oficjalnego kana\u0142u Slack mi\u0119dzynarodowej spo\u0142eczno\u015bci WordPressa. Post\u0119puj zgodnie z list\u0105 krok\u00f3w:\n<ul class=\"wp-block-list\">\n<li>Zaloguj si\u0119 do swojego profilu na WordPress.org i otw\u00f3rz stron\u0119:&nbsp;<a href=\"https:\/\/make.wordpress.org\/chat\/\">WordPress + Slack<\/a>&nbsp;i kliknij specjalny link, kt\u00f3ry wygeneruje zaproszenie wysy\u0142ane na Tw\u00f3j email.<\/li>\n\n\n\n<li>Za pomoc\u0105 wiadomo\u015bci email zalogujesz si\u0119 na do aplikacji Slack. Do zalogowania u\u017cyj nast\u0119puj\u0105cego adresu email: {username}@chat.wordpress.org, gdzie {username} to Twoja nazwa u\u017cytkownika ustawiona dla profilu w wordpress.org.<\/li>\n<\/ul>\n<\/li>\n<\/ol>\n","protected":false},"excerpt":{"rendered":"<p>Contributor Day to \u015bwietny spos\u00f3b na zrobienie czego\u015b dobrego dla spo\u0142eczno\u015bci WordPressa i zdobycie nowych umiej\u0119tno\u015bci, ale przede wszystkim spos\u00f3b na poznanie nowych os\u00f3b o takich samych zainteresowaniach, a tak\u017ce mo\u017cliwo\u015b\u0107 wsp\u00f3lnej pracy w niezobowi\u0105zuj\u0105cej, lu\u017anej atmosferze. \u21e8 Na skr\u00f3ty: Rejestracja | Harmonogram | Jak si\u0119 przygotowa\u0107 Contributor Day jest specjalnym dniem otwieraj\u0105cym trzydniowy WordCamp. [&hellip;]<\/p>\n","protected":false},"author":20861145,"featured_media":0,"parent":0,"menu_order":0,"comment_status":"closed","ping_status":"closed","template":"","meta":{"jetpack_post_was_ever_published":false,"footnotes":""},"class_list":["post-781","page","type-page","status-publish","hentry"],"jetpack_sharing_enabled":true,"_links":{"self":[{"href":"https:\/\/gliwice.wordcamp.org\/2023\/wp-json\/wp\/v2\/pages\/781","targetHints":{"allow":["GET"]}}],"collection":[{"href":"https:\/\/gliwice.wordcamp.org\/2023\/wp-json\/wp\/v2\/pages"}],"about":[{"href":"https:\/\/gliwice.wordcamp.org\/2023\/wp-json\/wp\/v2\/types\/page"}],"author":[{"embeddable":true,"href":"https:\/\/gliwice.wordcamp.org\/2023\/wp-json\/wp\/v2\/users\/20861145"}],"replies":[{"embeddable":true,"href":"https:\/\/gliwice.wordcamp.org\/2023\/wp-json\/wp\/v2\/comments?post=781"}],"version-history":[{"count":34,"href":"https:\/\/gliwice.wordcamp.org\/2023\/wp-json\/wp\/v2\/pages\/781\/revisions"}],"predecessor-version":[{"id":4687,"href":"https:\/\/gliwice.wordcamp.org\/2023\/wp-json\/wp\/v2\/pages\/781\/revisions\/4687"}],"wp:attachment":[{"href":"https:\/\/gliwice.wordcamp.org\/2023\/wp-json\/wp\/v2\/media?parent=781"}],"curies":[{"name":"wp","href":"https:\/\/api.w.org\/{rel}","templated":true}]}}