{"id":10,"date":"2023-08-16T02:52:48","date_gmt":"2023-08-16T00:52:48","guid":{"rendered":"https:\/\/gliwice.wordcamp.org\/2024\/sponsors\/"},"modified":"2024-04-12T09:14:49","modified_gmt":"2024-04-12T07:14:49","slug":"sponsorzy","status":"publish","type":"page","link":"https:\/\/gliwice.wordcamp.org\/2024\/sponsorzy\/","title":{"rendered":"Sponsorzy"},"content":{"rendered":"\n<h2 class=\"wp-block-heading has-text-align-center has-secondary-color has-text-color\" style=\"font-size:1.8rem\"><strong>Sponsorzy WordCamp Gliwice \u2764\ufe0f<\/strong><\/h2>\n\n\n\n<div style=\"height:29px\" aria-hidden=\"true\" class=\"wp-block-spacer\"><\/div>\n\n\n\n<div class=\"wp-block-group alignfull sponsorzy has-tertiary-background-color has-background is-layout-constrained wp-container-core-group-is-layout-c831bf87 wp-block-group-is-layout-constrained\" style=\"margin-top:0rem;margin-bottom:4rem;padding-top:4.25rem;padding-right:var(--wp--preset--spacing--30);padding-bottom:4.25rem;padding-left:var(--wp--preset--spacing--30)\">\n<div class=\"wp-block-buttons is-content-justification-center is-layout-flex wp-container-core-buttons-is-layout-a89b3969 wp-block-buttons-is-layout-flex\">\n<div class=\"wp-block-button has-custom-width wp-block-button__width-75 has-custom-font-size is-style-fill\" style=\"font-size:1.3rem;text-transform:uppercase\"><a class=\"wp-block-button__link has-custom-blue-ryb-background-color has-background wp-element-button\" style=\"border-radius:20px\"><strong>Sponsor GLOBALNY<\/strong><\/a><\/div>\n<\/div>\n\n\n\n<div class=\"wp-block-columns alignwide are-vertically-aligned-center is-layout-flex wp-container-core-columns-is-layout-28f84493 wp-block-columns-is-layout-flex\">\n<div class=\"wp-block-column is-vertically-aligned-center is-layout-flow wp-block-column-is-layout-flow\">\n<figure class=\"wp-block-image size-full is-resized ext-import wp-duotone-varpresetduotoneprimary-foreground-1\"><img loading=\"lazy\" decoding=\"async\" width=\"651\" height=\"137\" src=\"https:\/\/gliwice.wordcamp.org\/2024\/files\/2023\/08\/bh_logo_2015.png\" alt=\"\" class=\"wp-image-28\" style=\"width:auto;height:50px\" srcset=\"https:\/\/gliwice.wordcamp.org\/2024\/files\/2023\/08\/bh_logo_2015.png 651w, https:\/\/gliwice.wordcamp.org\/2024\/files\/2023\/08\/bh_logo_2015-300x63.png 300w, https:\/\/gliwice.wordcamp.org\/2024\/files\/2023\/08\/bh_logo_2015-500x105.png 500w\" sizes=\"auto, (max-width: 651px) 100vw, 651px\" \/><\/figure>\n<\/div>\n\n\n\n<div class=\"wp-block-column is-vertically-aligned-center is-layout-flow wp-block-column-is-layout-flow\">\n<figure class=\"wp-block-image aligncenter size-full is-resized ext-import wp-duotone-varpresetduotoneprimary-foreground-2\"><img loading=\"lazy\" decoding=\"async\" width=\"960\" height=\"720\" src=\"https:\/\/gliwice.wordcamp.org\/2024\/files\/2024\/01\/Copy-of-gd-logo-480x360@2x.png\" alt=\"\" class=\"wp-image-699\" style=\"width:auto;height:150px\" srcset=\"https:\/\/gliwice.wordcamp.org\/2024\/files\/2024\/01\/Copy-of-gd-logo-480x360@2x.png 960w, https:\/\/gliwice.wordcamp.org\/2024\/files\/2024\/01\/Copy-of-gd-logo-480x360@2x-300x225.png 300w, https:\/\/gliwice.wordcamp.org\/2024\/files\/2024\/01\/Copy-of-gd-logo-480x360@2x-768x576.png 768w, https:\/\/gliwice.wordcamp.org\/2024\/files\/2024\/01\/Copy-of-gd-logo-480x360@2x-400x300.png 400w\" sizes=\"auto, (max-width: 960px) 100vw, 960px\" \/><\/figure>\n<\/div>\n\n\n\n<div class=\"wp-block-column is-vertically-aligned-center is-layout-flow wp-block-column-is-layout-flow\">\n<figure class=\"wp-block-image aligncenter size-large is-resized ext-import wp-duotone-varpresetduotoneprimary-foreground-3\"><img loading=\"lazy\" decoding=\"async\" width=\"1024\" height=\"388\" src=\"https:\/\/gliwice.wordcamp.org\/2024\/files\/2023\/08\/jetpack-logo-horizontal-color-1024x388.png\" alt=\"\" class=\"wp-image-1600\" style=\"width:340px\" srcset=\"https:\/\/gliwice.wordcamp.org\/2024\/files\/2023\/08\/jetpack-logo-horizontal-color-1024x388.png 1024w, https:\/\/gliwice.wordcamp.org\/2024\/files\/2023\/08\/jetpack-logo-horizontal-color-300x114.png 300w, https:\/\/gliwice.wordcamp.org\/2024\/files\/2023\/08\/jetpack-logo-horizontal-color-768x291.png 768w, https:\/\/gliwice.wordcamp.org\/2024\/files\/2023\/08\/jetpack-logo-horizontal-color-500x189.png 500w, https:\/\/gliwice.wordcamp.org\/2024\/files\/2023\/08\/jetpack-logo-horizontal-color-1536x582.png 1536w, https:\/\/gliwice.wordcamp.org\/2024\/files\/2023\/08\/jetpack-logo-horizontal-color.png 2046w\" sizes=\"auto, (max-width: 1024px) 100vw, 1024px\" \/><\/figure>\n<\/div>\n<\/div>\n\n\n\n<div class=\"wp-block-columns are-vertically-aligned-center is-layout-flex wp-container-core-columns-is-layout-28f84493 wp-block-columns-is-layout-flex\">\n<div class=\"wp-block-column is-vertically-aligned-center is-layout-flow wp-block-column-is-layout-flow\">\n<figure class=\"wp-block-image aligncenter size-large is-resized ext-import wp-duotone-varpresetduotoneprimary-foreground-4\"><img loading=\"lazy\" decoding=\"async\" width=\"1024\" height=\"237\" src=\"https:\/\/gliwice.wordcamp.org\/2024\/files\/2023\/08\/Copy-of-woocommerce-logo-color-black@2x-2-1024x237.png\" alt=\"\" class=\"wp-image-32\" style=\"width:auto;height:60px\" srcset=\"https:\/\/gliwice.wordcamp.org\/2024\/files\/2023\/08\/Copy-of-woocommerce-logo-color-black@2x-2-1024x237.png 1024w, https:\/\/gliwice.wordcamp.org\/2024\/files\/2023\/08\/Copy-of-woocommerce-logo-color-black@2x-2-300x69.png 300w, https:\/\/gliwice.wordcamp.org\/2024\/files\/2023\/08\/Copy-of-woocommerce-logo-color-black@2x-2-768x178.png 768w, https:\/\/gliwice.wordcamp.org\/2024\/files\/2023\/08\/Copy-of-woocommerce-logo-color-black@2x-2-500x116.png 500w, https:\/\/gliwice.wordcamp.org\/2024\/files\/2023\/08\/Copy-of-woocommerce-logo-color-black@2x-2-1536x355.png 1536w, https:\/\/gliwice.wordcamp.org\/2024\/files\/2023\/08\/Copy-of-woocommerce-logo-color-black@2x-2.png 1561w\" sizes=\"auto, (max-width: 1024px) 100vw, 1024px\" \/><\/figure>\n<\/div>\n\n\n\n<div class=\"wp-block-column is-vertically-aligned-center is-layout-flow wp-block-column-is-layout-flow\">\n<figure class=\"wp-block-image aligncenter size-full is-resized ext-import wp-duotone-varpresetduotoneprimary-foreground-5\"><img loading=\"lazy\" decoding=\"async\" width=\"900\" height=\"312\" src=\"https:\/\/gliwice.wordcamp.org\/2024\/files\/2024\/01\/wpbeginner-logo-wpcentral.png\" alt=\"\" class=\"wp-image-556\" style=\"width:auto;height:120px\" srcset=\"https:\/\/gliwice.wordcamp.org\/2024\/files\/2024\/01\/wpbeginner-logo-wpcentral.png 900w, https:\/\/gliwice.wordcamp.org\/2024\/files\/2024\/01\/wpbeginner-logo-wpcentral-300x104.png 300w, https:\/\/gliwice.wordcamp.org\/2024\/files\/2024\/01\/wpbeginner-logo-wpcentral-768x266.png 768w, https:\/\/gliwice.wordcamp.org\/2024\/files\/2024\/01\/wpbeginner-logo-wpcentral-500x173.png 500w\" sizes=\"auto, (max-width: 900px) 100vw, 900px\" \/><\/figure>\n<\/div>\n<\/div>\n<\/div>\n\n\n\n<div class=\"wp-block-buttons is-content-justification-center is-layout-flex wp-container-core-buttons-is-layout-a89b3969 wp-block-buttons-is-layout-flex\">\n<div class=\"wp-block-button has-custom-width wp-block-button__width-50 has-custom-font-size is-style-fill\" style=\"font-size:1.3rem;text-transform:uppercase\"><a class=\"wp-block-button__link has-custom-blue-ryb-background-color has-background wp-element-button\" style=\"border-radius:20px\"><strong>Sponsor z\u0142oty <\/strong><\/a><\/div>\n<\/div>\n\n\n\n<p class=\"has-text-align-center has-cyan-bluish-gray-color has-text-color has-link-color wp-elements-a94cf31e6a29761b53df0ef1761bcdf1\" style=\"margin-top:var(--wp--preset--spacing--20);margin-bottom:var(--wp--preset--spacing--70)\">dost\u0119pny 0 z 5 pakiet\u00f3w<\/p>\n\n\n\n<div class=\"wp-block-columns alignwide are-vertically-aligned-center is-layout-flex wp-container-core-columns-is-layout-28f84493 wp-block-columns-is-layout-flex\">\n<div class=\"wp-block-column is-vertically-aligned-center is-layout-flow wp-block-column-is-layout-flow\">\n<figure class=\"wp-block-image size-full ext-import wp-duotone-varpresetduotoneprimary-foreground-6\"><img loading=\"lazy\" decoding=\"async\" width=\"5000\" height=\"1900\" src=\"https:\/\/gliwice.wordcamp.org\/2024\/files\/2024\/01\/01_botguard_logo_RGB.png\" alt=\"\" class=\"wp-image-1301\" style=\"object-fit:cover\" srcset=\"https:\/\/gliwice.wordcamp.org\/2024\/files\/2024\/01\/01_botguard_logo_RGB.png 5000w, https:\/\/gliwice.wordcamp.org\/2024\/files\/2024\/01\/01_botguard_logo_RGB-300x114.png 300w, https:\/\/gliwice.wordcamp.org\/2024\/files\/2024\/01\/01_botguard_logo_RGB-1024x389.png 1024w, https:\/\/gliwice.wordcamp.org\/2024\/files\/2024\/01\/01_botguard_logo_RGB-768x292.png 768w, https:\/\/gliwice.wordcamp.org\/2024\/files\/2024\/01\/01_botguard_logo_RGB-500x190.png 500w, https:\/\/gliwice.wordcamp.org\/2024\/files\/2024\/01\/01_botguard_logo_RGB-1536x584.png 1536w, https:\/\/gliwice.wordcamp.org\/2024\/files\/2024\/01\/01_botguard_logo_RGB-2048x778.png 2048w\" sizes=\"auto, (max-width: 5000px) 100vw, 5000px\" \/><\/figure>\n<\/div>\n\n\n\n<div class=\"wp-block-column is-vertically-aligned-center is-layout-flow wp-block-column-is-layout-flow\">\n<figure class=\"wp-block-image aligncenter size-full is-resized ext-import wp-duotone-varpresetduotoneprimary-foreground-7\"><img loading=\"lazy\" decoding=\"async\" width=\"2000\" height=\"1008\" src=\"https:\/\/gliwice.wordcamp.org\/2024\/files\/2024\/02\/new_logo_nakatomi_color.jpg\" alt=\"\" class=\"wp-image-1355\" style=\"width:auto;height:130px\" srcset=\"https:\/\/gliwice.wordcamp.org\/2024\/files\/2024\/02\/new_logo_nakatomi_color.jpg 2000w, https:\/\/gliwice.wordcamp.org\/2024\/files\/2024\/02\/new_logo_nakatomi_color-300x151.jpg 300w, https:\/\/gliwice.wordcamp.org\/2024\/files\/2024\/02\/new_logo_nakatomi_color-1024x516.jpg 1024w, https:\/\/gliwice.wordcamp.org\/2024\/files\/2024\/02\/new_logo_nakatomi_color-768x387.jpg 768w, https:\/\/gliwice.wordcamp.org\/2024\/files\/2024\/02\/new_logo_nakatomi_color-500x252.jpg 500w, https:\/\/gliwice.wordcamp.org\/2024\/files\/2024\/02\/new_logo_nakatomi_color-1536x774.jpg 1536w\" sizes=\"auto, (max-width: 2000px) 100vw, 2000px\" \/><\/figure>\n<\/div>\n\n\n\n<div class=\"wp-block-column is-vertically-aligned-center is-layout-flow wp-block-column-is-layout-flow\">\n<figure class=\"wp-block-image aligncenter size-full ext-import wp-duotone-varpresetduotoneprimary-foreground-8\"><img loading=\"lazy\" decoding=\"async\" width=\"150\" height=\"150\" src=\"https:\/\/gliwice.wordcamp.org\/2024\/files\/2024\/02\/planet-pay-logov1.png\" alt=\"\" class=\"wp-image-1592\" style=\"object-fit:cover\" \/><\/figure>\n<\/div>\n<\/div>\n\n\n\n<div class=\"wp-block-columns alignwide are-vertically-aligned-center is-layout-flex wp-container-core-columns-is-layout-28f84493 wp-block-columns-is-layout-flex\">\n<div class=\"wp-block-column is-vertically-aligned-center is-layout-flow wp-block-column-is-layout-flow\">\n<figure class=\"wp-block-image aligncenter size-full is-resized ext-import wp-duotone-varpresetduotoneprimary-foreground-9\"><img loading=\"lazy\" decoding=\"async\" width=\"2560\" height=\"2560\" src=\"https:\/\/gliwice.wordcamp.org\/2024\/files\/2024\/01\/WEDOS-R-RGB-scaled.jpg\" alt=\"\" class=\"wp-image-1195\" style=\"width:auto;height:250px\" srcset=\"https:\/\/gliwice.wordcamp.org\/2024\/files\/2024\/01\/WEDOS-R-RGB-scaled.jpg 2560w, https:\/\/gliwice.wordcamp.org\/2024\/files\/2024\/01\/WEDOS-R-RGB-300x300.jpg 300w, https:\/\/gliwice.wordcamp.org\/2024\/files\/2024\/01\/WEDOS-R-RGB-1024x1024.jpg 1024w, https:\/\/gliwice.wordcamp.org\/2024\/files\/2024\/01\/WEDOS-R-RGB-150x150.jpg 150w, https:\/\/gliwice.wordcamp.org\/2024\/files\/2024\/01\/WEDOS-R-RGB-768x768.jpg 768w, https:\/\/gliwice.wordcamp.org\/2024\/files\/2024\/01\/WEDOS-R-RGB-1536x1536.jpg 1536w, https:\/\/gliwice.wordcamp.org\/2024\/files\/2024\/01\/WEDOS-R-RGB-2048x2048.jpg 2048w\" sizes=\"auto, (max-width: 2560px) 100vw, 2560px\" \/><\/figure>\n<\/div>\n\n\n\n<div class=\"wp-block-column is-vertically-aligned-center is-layout-flow wp-block-column-is-layout-flow\">\n<figure class=\"wp-block-image aligncenter size-full is-resized ext-import wp-duotone-varpresetduotoneprimary-foreground-10\"><img loading=\"lazy\" decoding=\"async\" width=\"374\" height=\"334\" src=\"https:\/\/gliwice.wordcamp.org\/2024\/files\/2024\/01\/WLC_logotype-vertical-color@2x-100.jpg\" alt=\"\" class=\"wp-image-1225\" style=\"width:auto;height:230px\" srcset=\"https:\/\/gliwice.wordcamp.org\/2024\/files\/2024\/01\/WLC_logotype-vertical-color@2x-100.jpg 374w, https:\/\/gliwice.wordcamp.org\/2024\/files\/2024\/01\/WLC_logotype-vertical-color@2x-100-300x268.jpg 300w, https:\/\/gliwice.wordcamp.org\/2024\/files\/2024\/01\/WLC_logotype-vertical-color@2x-100-336x300.jpg 336w\" sizes=\"auto, (max-width: 374px) 100vw, 374px\" \/><\/figure>\n<\/div>\n<\/div>\n\n\n\n<div style=\"height:40px\" aria-hidden=\"true\" class=\"wp-block-spacer\"><\/div>\n\n\n\n<div class=\"wp-block-buttons is-content-justification-center is-layout-flex wp-container-core-buttons-is-layout-a89b3969 wp-block-buttons-is-layout-flex\">\n<div class=\"wp-block-button has-custom-width wp-block-button__width-50 has-custom-font-size is-style-fill\" style=\"font-size:1.3rem;text-transform:uppercase\"><a class=\"wp-block-button__link has-custom-blue-ryb-background-color has-background wp-element-button\" style=\"border-radius:20px\"><strong>Sponsor MIDDLE PARTY<\/strong><\/a><\/div>\n<\/div>\n\n\n\n<p class=\"has-text-align-center has-cyan-bluish-gray-color has-text-color has-link-color wp-elements-3269a5cd16e22c5c5b1d629bf80be088\" style=\"margin-top:var(--wp--preset--spacing--20);margin-bottom:var(--wp--preset--spacing--70)\">dost\u0119pne 0 z 1<\/p>\n\n\n\n<div class=\"wp-block-query is-layout-flow wp-block-query-is-layout-flow\"><ul class=\"columns-3 wp-block-post-template is-layout-grid wp-container-core-post-template-is-layout-6d3fbd8f wp-block-post-template-is-layout-grid\"><li class=\"wp-block-post post-1418 wcb_sponsor type-wcb_sponsor status-publish hentry wcb_sponsor_level-middle-party\">\n\n<\/li><li class=\"wp-block-post post-1409 wcb_sponsor type-wcb_sponsor status-publish has-post-thumbnail hentry wcb_sponsor_level-middle-party\">\n<figure style=\"aspect-ratio:auto;\" class=\"wp-block-post-featured-image\"><a href=\"https:\/\/gliwice.wordcamp.org\/2024\/sponsor\/cyber_folks\/\" target=\"_self\"  ><img loading=\"lazy\" decoding=\"async\" width=\"2500\" height=\"834\" src=\"https:\/\/gliwice.wordcamp.org\/2024\/files\/2024\/02\/cyber_folks_logo_yellow.png\" class=\"attachment-post-thumbnail size-post-thumbnail wp-post-image\" alt=\"cyber_Folks\" style=\"width:100%;height:100%;object-fit:contain;\" srcset=\"https:\/\/gliwice.wordcamp.org\/2024\/files\/2024\/02\/cyber_folks_logo_yellow.png 2500w, https:\/\/gliwice.wordcamp.org\/2024\/files\/2024\/02\/cyber_folks_logo_yellow-300x100.png 300w, https:\/\/gliwice.wordcamp.org\/2024\/files\/2024\/02\/cyber_folks_logo_yellow-1024x342.png 1024w, https:\/\/gliwice.wordcamp.org\/2024\/files\/2024\/02\/cyber_folks_logo_yellow-768x256.png 768w, https:\/\/gliwice.wordcamp.org\/2024\/files\/2024\/02\/cyber_folks_logo_yellow-500x167.png 500w, https:\/\/gliwice.wordcamp.org\/2024\/files\/2024\/02\/cyber_folks_logo_yellow-1536x512.png 1536w, https:\/\/gliwice.wordcamp.org\/2024\/files\/2024\/02\/cyber_folks_logo_yellow-2048x683.png 2048w\" sizes=\"auto, (max-width: 2500px) 100vw, 2500px\" \/><\/a><\/figure>\n<\/li><\/ul><\/div>\n\n\n\n<div style=\"height:20px\" aria-hidden=\"true\" class=\"wp-block-spacer\"><\/div>\n\n\n\n<div class=\"wp-block-buttons is-content-justification-center is-layout-flex wp-container-core-buttons-is-layout-a89b3969 wp-block-buttons-is-layout-flex\">\n<div class=\"wp-block-button has-custom-width wp-block-button__width-50 has-custom-font-size is-style-fill\" style=\"font-size:1.3rem;text-transform:uppercase\"><a class=\"wp-block-button__link has-custom-blue-ryb-background-color has-background wp-element-button\" style=\"border-radius:20px\"><strong>Sponsor BR\u0104z<\/strong><\/a><\/div>\n<\/div>\n\n\n\n<div class=\"wp-block-columns is-layout-flex wp-container-core-columns-is-layout-28f84493 wp-block-columns-is-layout-flex\">\n<div class=\"wp-block-column is-layout-flow wp-block-column-is-layout-flow\" style=\"flex-basis:15%\"><\/div>\n\n\n\n<div class=\"wp-block-column is-layout-flow wp-block-column-is-layout-flow\" style=\"flex-basis:70%\">\n<div class=\"wp-block-query is-layout-flow wp-block-query-is-layout-flow\"><ul class=\"columns-2 wp-block-post-template is-layout-grid wp-container-core-post-template-is-layout-edd971e2 wp-block-post-template-is-layout-grid\"><li class=\"wp-block-post post-1205 wcb_sponsor type-wcb_sponsor status-publish has-post-thumbnail hentry wcb_sponsor_level-bronz\">\n<figure style=\"aspect-ratio:16\/9;\" class=\"wp-block-post-featured-image\"><a href=\"https:\/\/gliwice.wordcamp.org\/2024\/sponsor\/paq-studio\/\" target=\"_self\"  ><img loading=\"lazy\" decoding=\"async\" width=\"1200\" height=\"234\" src=\"https:\/\/gliwice.wordcamp.org\/2024\/files\/2024\/01\/logo-dark-1.png.webp\" class=\"attachment-post-thumbnail size-post-thumbnail wp-post-image\" alt=\"Paq Studio\" style=\"width:100%;height:100%;object-fit:contain;\" srcset=\"https:\/\/gliwice.wordcamp.org\/2024\/files\/2024\/01\/logo-dark-1.png.webp 1200w, https:\/\/gliwice.wordcamp.org\/2024\/files\/2024\/01\/logo-dark-1.png-300x59.webp 300w, https:\/\/gliwice.wordcamp.org\/2024\/files\/2024\/01\/logo-dark-1.png-1024x200.webp 1024w, https:\/\/gliwice.wordcamp.org\/2024\/files\/2024\/01\/logo-dark-1.png-768x150.webp 768w, https:\/\/gliwice.wordcamp.org\/2024\/files\/2024\/01\/logo-dark-1.png-500x98.webp 500w\" sizes=\"auto, (max-width: 1200px) 100vw, 1200px\" \/><\/a><\/figure>\n<\/li><li class=\"wp-block-post post-1213 wcb_sponsor type-wcb_sponsor status-publish has-post-thumbnail hentry wcb_sponsor_level-bronz\">\n<figure style=\"aspect-ratio:16\/9;\" class=\"wp-block-post-featured-image\"><a href=\"https:\/\/gliwice.wordcamp.org\/2024\/sponsor\/wp-appoitments\/\" target=\"_self\"  ><img loading=\"lazy\" decoding=\"async\" width=\"741\" height=\"84\" src=\"https:\/\/gliwice.wordcamp.org\/2024\/files\/2024\/01\/wppapointments.png\" class=\"attachment-post-thumbnail size-post-thumbnail wp-post-image\" alt=\"WP Appoitments\" style=\"width:100%;height:100%;object-fit:contain;\" srcset=\"https:\/\/gliwice.wordcamp.org\/2024\/files\/2024\/01\/wppapointments.png 741w, https:\/\/gliwice.wordcamp.org\/2024\/files\/2024\/01\/wppapointments-300x34.png 300w, https:\/\/gliwice.wordcamp.org\/2024\/files\/2024\/01\/wppapointments-500x57.png 500w\" sizes=\"auto, (max-width: 741px) 100vw, 741px\" \/><\/a><\/figure>\n<\/li><\/ul><\/div>\n<\/div>\n\n\n\n<div class=\"wp-block-column is-layout-flow wp-block-column-is-layout-flow\" style=\"flex-basis:15%\"><\/div>\n<\/div>\n\n\n\n<div class=\"wp-block-buttons is-content-justification-center is-layout-flex wp-container-core-buttons-is-layout-a89b3969 wp-block-buttons-is-layout-flex\">\n<div class=\"wp-block-button has-custom-width wp-block-button__width-50 has-custom-font-size is-style-fill\" style=\"font-size:1.3rem;text-transform:uppercase\"><a class=\"wp-block-button__link has-custom-blue-ryb-background-color has-background wp-element-button\" style=\"border-radius:20px\"><strong>Mikrosponsor<\/strong><\/a><\/div>\n<\/div>\n\n\n\n<div style=\"height:10px\" aria-hidden=\"true\" class=\"wp-block-spacer\"><\/div>\n\n\n\n<div class=\"wp-block-columns is-layout-flex wp-container-core-columns-is-layout-28f84493 wp-block-columns-is-layout-flex\">\n<div class=\"wp-block-column is-layout-flow wp-block-column-is-layout-flow\">\n<figure class=\"wp-block-image aligncenter size-full is-resized\"><a href=\"https:\/\/www.lh.pl\/\" target=\"_blank\" rel=\"noreferrer noopener\"><img loading=\"lazy\" decoding=\"async\" width=\"2048\" height=\"752\" src=\"https:\/\/gliwice.wordcamp.org\/2024\/files\/2024\/03\/logo-2.png\" alt=\"\" class=\"wp-image-2105\" style=\"width:auto;height:80px\" srcset=\"https:\/\/gliwice.wordcamp.org\/2024\/files\/2024\/03\/logo-2.png 2048w, https:\/\/gliwice.wordcamp.org\/2024\/files\/2024\/03\/logo-2-300x110.png 300w, https:\/\/gliwice.wordcamp.org\/2024\/files\/2024\/03\/logo-2-1024x376.png 1024w, https:\/\/gliwice.wordcamp.org\/2024\/files\/2024\/03\/logo-2-768x282.png 768w, https:\/\/gliwice.wordcamp.org\/2024\/files\/2024\/03\/logo-2-500x184.png 500w, https:\/\/gliwice.wordcamp.org\/2024\/files\/2024\/03\/logo-2-1536x564.png 1536w\" sizes=\"auto, (max-width: 2048px) 100vw, 2048px\" \/><\/a><\/figure>\n<\/div>\n\n\n\n<div class=\"wp-block-column is-vertically-aligned-center is-layout-flow wp-block-column-is-layout-flow\">\n<figure class=\"wp-block-image aligncenter size-full\"><a href=\"https:\/\/hotshops.pl\"><img loading=\"lazy\" decoding=\"async\" width=\"526\" height=\"81\" src=\"https:\/\/gliwice.wordcamp.org\/2024\/files\/2024\/04\/hotshops.png\" alt=\"\" class=\"wp-image-2714\" srcset=\"https:\/\/gliwice.wordcamp.org\/2024\/files\/2024\/04\/hotshops.png 526w, https:\/\/gliwice.wordcamp.org\/2024\/files\/2024\/04\/hotshops-300x46.png 300w, https:\/\/gliwice.wordcamp.org\/2024\/files\/2024\/04\/hotshops-500x77.png 500w\" sizes=\"auto, (max-width: 526px) 100vw, 526px\" \/><\/a><\/figure>\n<\/div>\n\n\n\n<div class=\"wp-block-column is-layout-flow wp-block-column-is-layout-flow\">\n<figure class=\"wp-block-image size-full\"><a href=\"https:\/\/silesiawp.pl\"><img loading=\"lazy\" decoding=\"async\" width=\"950\" height=\"350\" src=\"https:\/\/gliwice.wordcamp.org\/2024\/files\/2024\/02\/SilesiaWP.png\" alt=\"\" class=\"wp-image-1691\" srcset=\"https:\/\/gliwice.wordcamp.org\/2024\/files\/2024\/02\/SilesiaWP.png 950w, https:\/\/gliwice.wordcamp.org\/2024\/files\/2024\/02\/SilesiaWP-300x111.png 300w, https:\/\/gliwice.wordcamp.org\/2024\/files\/2024\/02\/SilesiaWP-768x283.png 768w, https:\/\/gliwice.wordcamp.org\/2024\/files\/2024\/02\/SilesiaWP-500x184.png 500w\" sizes=\"auto, (max-width: 950px) 100vw, 950px\" \/><\/a><\/figure>\n<\/div>\n\n\n\n<div class=\"wp-block-column is-layout-flow wp-block-column-is-layout-flow\">\n<figure class=\"wp-block-image aligncenter size-full is-resized\"><a href=\"https:\/\/wolfgraf.pl\" target=\"_blank\" rel=\"noreferrer noopener\"><img loading=\"lazy\" decoding=\"async\" width=\"789\" height=\"368\" src=\"https:\/\/gliwice.wordcamp.org\/2024\/files\/2024\/02\/czarno-zielone-\u2013-1.png\" alt=\"\" class=\"wp-image-1595\" style=\"width:auto;height:100px\" srcset=\"https:\/\/gliwice.wordcamp.org\/2024\/files\/2024\/02\/czarno-zielone-\u2013-1.png 789w, https:\/\/gliwice.wordcamp.org\/2024\/files\/2024\/02\/czarno-zielone-\u2013-1-300x140.png 300w, https:\/\/gliwice.wordcamp.org\/2024\/files\/2024\/02\/czarno-zielone-\u2013-1-768x358.png 768w, https:\/\/gliwice.wordcamp.org\/2024\/files\/2024\/02\/czarno-zielone-\u2013-1-500x233.png 500w\" sizes=\"auto, (max-width: 789px) 100vw, 789px\" \/><\/a><\/figure>\n<\/div>\n<\/div>\n\n\n\n<div style=\"height:40px\" aria-hidden=\"true\" class=\"wp-block-spacer\"><\/div>\n\n\n\n<div class=\"wp-block-buttons is-content-justification-center is-layout-flex wp-container-core-buttons-is-layout-a89b3969 wp-block-buttons-is-layout-flex\">\n<div class=\"wp-block-button has-custom-width wp-block-button__width-50 has-custom-font-size is-style-fill\" style=\"font-size:1.3rem;text-transform:uppercase\"><a class=\"wp-block-button__link has-custom-blue-ryb-background-color has-background wp-element-button\" style=\"border-radius:20px\"><strong>PARTNER MEDIALNY<\/strong><\/a><\/div>\n<\/div>\n\n\n\n<div style=\"height:10px\" aria-hidden=\"true\" class=\"wp-block-spacer\"><\/div>\n\n\n\n<div class=\"wp-block-columns is-layout-flex wp-container-core-columns-is-layout-28f84493 wp-block-columns-is-layout-flex\">\n<div class=\"wp-block-column is-vertically-aligned-center is-layout-flow wp-block-column-is-layout-flow\" style=\"flex-basis:10%\"><\/div>\n\n\n\n<div class=\"wp-block-column is-vertically-aligned-center is-layout-flow wp-block-column-is-layout-flow\">\n<figure class=\"wp-block-image aligncenter size-large\"><a href=\"https:\/\/crossweb.pl\"><img loading=\"lazy\" decoding=\"async\" width=\"1024\" height=\"292\" src=\"https:\/\/gliwice.wordcamp.org\/2024\/files\/2024\/03\/logo_podstawowe_PNG-1024x292.png\" alt=\"\" class=\"wp-image-2199\" srcset=\"https:\/\/gliwice.wordcamp.org\/2024\/files\/2024\/03\/logo_podstawowe_PNG-1024x292.png 1024w, https:\/\/gliwice.wordcamp.org\/2024\/files\/2024\/03\/logo_podstawowe_PNG-300x86.png 300w, https:\/\/gliwice.wordcamp.org\/2024\/files\/2024\/03\/logo_podstawowe_PNG-768x219.png 768w, https:\/\/gliwice.wordcamp.org\/2024\/files\/2024\/03\/logo_podstawowe_PNG-500x143.png 500w, https:\/\/gliwice.wordcamp.org\/2024\/files\/2024\/03\/logo_podstawowe_PNG-1536x438.png 1536w, https:\/\/gliwice.wordcamp.org\/2024\/files\/2024\/03\/logo_podstawowe_PNG.png 2000w\" sizes=\"auto, (max-width: 1024px) 100vw, 1024px\" \/><\/a><\/figure>\n<\/div>\n\n\n\n<div class=\"wp-block-column is-layout-flow wp-block-column-is-layout-flow\">\n<figure class=\"wp-block-image aligncenter size-full is-resized\"><a href=\"https:\/\/www.youtube.com\/@wordpresspopolsku\"><img loading=\"lazy\" decoding=\"async\" width=\"600\" height=\"600\" src=\"https:\/\/gliwice.wordcamp.org\/2024\/files\/2024\/04\/channels4_profile.jpg\" alt=\"\" class=\"wp-image-2634\" style=\"width:auto;height:100px\" srcset=\"https:\/\/gliwice.wordcamp.org\/2024\/files\/2024\/04\/channels4_profile.jpg 600w, https:\/\/gliwice.wordcamp.org\/2024\/files\/2024\/04\/channels4_profile-300x300.jpg 300w, https:\/\/gliwice.wordcamp.org\/2024\/files\/2024\/04\/channels4_profile-150x150.jpg 150w\" sizes=\"auto, (max-width: 600px) 100vw, 600px\" \/><\/a><\/figure>\n<\/div>\n\n\n\n<div class=\"wp-block-column is-layout-flow wp-block-column-is-layout-flow\" style=\"flex-basis:10%\"><\/div>\n<\/div>\n\n\n\n<div style=\"height:40px\" aria-hidden=\"true\" class=\"wp-block-spacer\"><\/div>\n","protected":false},"excerpt":{"rendered":"<p>Sponsorzy WordCamp Gliwice \u2764\ufe0f dost\u0119pny 0 z 5 pakiet\u00f3w dost\u0119pne 0 z 1<\/p>\n","protected":false},"author":5600279,"featured_media":0,"parent":0,"menu_order":0,"comment_status":"closed","ping_status":"closed","template":"","meta":{"jetpack_post_was_ever_published":true,"footnotes":""},"class_list":["post-10","page","type-page","status-publish","hentry"],"jetpack_sharing_enabled":true,"_links":{"self":[{"href":"https:\/\/gliwice.wordcamp.org\/2024\/wp-json\/wp\/v2\/pages\/10","targetHints":{"allow":["GET"]}}],"collection":[{"href":"https:\/\/gliwice.wordcamp.org\/2024\/wp-json\/wp\/v2\/pages"}],"about":[{"href":"https:\/\/gliwice.wordcamp.org\/2024\/wp-json\/wp\/v2\/types\/page"}],"author":[{"embeddable":true,"href":"https:\/\/gliwice.wordcamp.org\/2024\/wp-json\/wp\/v2\/users\/5600279"}],"replies":[{"embeddable":true,"href":"https:\/\/gliwice.wordcamp.org\/2024\/wp-json\/wp\/v2\/comments?post=10"}],"version-history":[{"count":52,"href":"https:\/\/gliwice.wordcamp.org\/2024\/wp-json\/wp\/v2\/pages\/10\/revisions"}],"predecessor-version":[{"id":2715,"href":"https:\/\/gliwice.wordcamp.org\/2024\/wp-json\/wp\/v2\/pages\/10\/revisions\/2715"}],"wp:attachment":[{"href":"https:\/\/gliwice.wordcamp.org\/2024\/wp-json\/wp\/v2\/media?parent=10"}],"curies":[{"name":"wp","href":"https:\/\/api.w.org\/{rel}","templated":true}]}}