{"id":12,"date":"2023-08-16T02:52:48","date_gmt":"2023-08-16T00:52:48","guid":{"rendered":"https:\/\/gliwice.wordcamp.org\/2024\/organizers\/"},"modified":"2024-02-21T10:19:39","modified_gmt":"2024-02-21T09:19:39","slug":"organizatorzy","status":"publish","type":"page","link":"https:\/\/gliwice.wordcamp.org\/2024\/organizatorzy\/","title":{"rendered":"Organizatorzy"},"content":{"rendered":"<ul class=\"wordcamp-block wordcamp-post-list has-layout-grid wordcamp-organizers has-grid-columns-2\"><li class=\"wordcamp-post-list__post wordcamp-clearfix\">\n<div class=\"wordcamp-organizer wordcamp-organizers__post slug-monika-swoboda\">\n\t<h3 class=\"wordcamp-block__item-title wordcamp-organizers__title\" style=\"text-align:left\">Monika Swoboda<\/h3>\n\t\t\t<div class=\"wordcamp-image__avatar-container align-left\">\n\t\t\t<img decoding=\"async\" src=\"https:\/\/secure.gravatar.com\/avatar\/7142f2c48741f0470e56f7f51bb62ab9273a8cbaa623b38e6ec974d5026229c3?s=150&amp;d=mm&amp;r=g\" alt=\"Awatar Monika Swoboda\" \/>\t\t<\/div>\n\t\n\t\t\t<div class=\"wordcamp-block__item-content wordcamp-organizers__content is-full\"><p>Z wykszta\u0142cenia geofizyk, z zawodu marketingowiec, z pasji front-end deweloper @<a href=\"https:\/\/jukti.pl\" data-type=\"link\" data-id=\"https:\/\/jukti.pl\">jukti.pl<\/a>. Kocham g\u00f3ry, plansz\u00f3wki i majsterkowanie.<\/p>\n<\/div>\t<\/div>\n\n<\/li><li class=\"wordcamp-post-list__post wordcamp-clearfix\">\n<div class=\"wordcamp-organizer wordcamp-organizers__post slug-kasia-aleszczyk\">\n\t<h3 class=\"wordcamp-block__item-title wordcamp-organizers__title\" style=\"text-align:left\">Kasia Aleszczyk<\/h3>\n\t\t\t<div class=\"wordcamp-image__avatar-container align-left\">\n\t\t\t<img decoding=\"async\" src=\"https:\/\/secure.gravatar.com\/avatar\/4423d00d3f3507f5aecd23e1f82efbe78bc6ebb516f600db4d7c254b47803edb?s=150&amp;d=mm&amp;r=g\" alt=\"Awatar Kasia Aleszczyk\" \/>\t\t<\/div>\n\t\n\t\t\t<div class=\"wordcamp-block__item-content wordcamp-organizers__content is-full\"><p>Od dekady skutecznie pomagam innym w relacji z WordPressem. Bloguj\u0119, pisz\u0119, TikTokuj\u0119 i nagrywam. W wolnych chwilach (kto powiedzia\u0142, \u017ce trzeba spa\u0107?) zaczytuj\u0119 si\u0119 w dobrych krymina\u0142ach. Uwielbiam wyj\u015b\u0107 przed dom i po\u015br\u00f3d \u015bpiewu ptak\u00f3w wystawi\u0107 pyszczek ku s\u0142o\u0144cu! \ud83d\ude0e<\/p>\n<\/div>\t<\/div>\n\n<\/li><li class=\"wordcamp-post-list__post wordcamp-clearfix\">\n<div class=\"wordcamp-organizer wordcamp-organizers__post slug-maciej-palmowski\">\n\t<h3 class=\"wordcamp-block__item-title wordcamp-organizers__title\" style=\"text-align:left\">Maciej Palmowski<\/h3>\n\t\t\t<div class=\"wordcamp-image__avatar-container align-left\">\n\t\t\t<img loading=\"lazy\" decoding=\"async\" width=\"150\" height=\"150\" src=\"https:\/\/gliwice.wordcamp.org\/2024\/files\/2024\/01\/maciek_color-150x150.jpg\" class=\"attachment-150x150 size-150x150 wp-post-image\" alt=\"Awatar Maciej Palmowski\" srcset=\"https:\/\/gliwice.wordcamp.org\/2024\/files\/2024\/01\/maciek_color-150x150.jpg 150w, https:\/\/gliwice.wordcamp.org\/2024\/files\/2024\/01\/maciek_color-300x300.jpg 300w, https:\/\/gliwice.wordcamp.org\/2024\/files\/2024\/01\/maciek_color-1024x1024.jpg 1024w, https:\/\/gliwice.wordcamp.org\/2024\/files\/2024\/01\/maciek_color-768x768.jpg 768w, https:\/\/gliwice.wordcamp.org\/2024\/files\/2024\/01\/maciek_color.jpg 1500w\" sizes=\"auto, (max-width: 150px) 100vw, 150px\" \/>\t\t<\/div>\n\t\n\t\t\t<div class=\"wordcamp-block__item-content wordcamp-organizers__content is-full\"><p>Jestem developerem, pracuj\u0105cym obecnie w Patchstack jako Security Community Manager. Po godzinach szukam go\u015bci do Code and Coffee Showi albo je\u017cd\u017ce na rowerze.<\/p>\n<\/div>\t<\/div>\n\n<\/li><li class=\"wordcamp-post-list__post wordcamp-clearfix\">\n<div class=\"wordcamp-organizer wordcamp-organizers__post slug-piotr-misztal\">\n\t<h3 class=\"wordcamp-block__item-title wordcamp-organizers__title\" style=\"text-align:left\">Piotr Misztal<\/h3>\n\t\t\t<div class=\"wordcamp-image__avatar-container align-left\">\n\t\t\t<img loading=\"lazy\" decoding=\"async\" width=\"150\" height=\"150\" src=\"https:\/\/gliwice.wordcamp.org\/2024\/files\/2024\/01\/PMisztal-zdjecie-150x150.jpg\" class=\"attachment-150x150 size-150x150 wp-post-image\" alt=\"Awatar Piotr Misztal\" \/>\t\t<\/div>\n\t\n\t\t\t<div class=\"wordcamp-block__item-content wordcamp-organizers__content is-full\"><p>Pasjonat WordPressa, developer i przedsi\u0119biorca, w\u0142a\u015bciciel software house i firmy szkoleniowej SzkoleniaMi.pl. Tworzy oraz rozbudowuje witryny oraz sklepy e-commerce, opracowuje indywidualne rozwi\u0105zania programistyczne, optymalizuje back-end i front-end zgodnie z potrzebami klient\u00f3w dbaj\u0105c r\u00f3wnie\u017c o dost\u0119pno\u015b\u0107 cyfrow\u0105 stron www.<br \/>Trener szkoleniowiec i egzaminator m.in. z tematyki: MS Excel, MS Project, WordPress, e-Commerce.<\/p>\n<\/div>\t<\/div>\n\n<\/li><\/ul>\n\n\n<div class=\"wp-block-group alignfull has-tertiary-background-color has-background is-layout-constrained wp-container-core-group-is-layout-48ad536f wp-block-group-is-layout-constrained\" style=\"padding-top:var(--wp--preset--spacing--70);padding-bottom:var(--wp--preset--spacing--70)\">\n<div style=\"height:5px\" aria-hidden=\"true\" class=\"wp-block-spacer\"><\/div>\n\n\n\n<h2 class=\"wp-block-heading has-secondary-color has-text-color has-link-color has-x-large-font-size wp-elements-103a98528ecbb3de81f7e921285025dd\">Dru\u017cyna Prelegenci<\/h2>\n\n\n<ul class=\"wordcamp-block wordcamp-post-list has-layout-grid wordcamp-organizers has-grid-columns-2\"><li class=\"wordcamp-post-list__post wordcamp-clearfix\">\n<div class=\"wordcamp-organizer wordcamp-organizers__post slug-maciej-palmowski\">\n\t<h3 class=\"wordcamp-block__item-title wordcamp-organizers__title\" style=\"text-align:left\">Maciej Palmowski<\/h3>\n\t\t\t<div class=\"wordcamp-image__avatar-container align-left\">\n\t\t\t<img loading=\"lazy\" decoding=\"async\" width=\"150\" height=\"150\" src=\"https:\/\/gliwice.wordcamp.org\/2024\/files\/2024\/01\/maciek_color-150x150.jpg\" class=\"attachment-150x150 size-150x150 wp-post-image\" alt=\"Awatar Maciej Palmowski\" srcset=\"https:\/\/gliwice.wordcamp.org\/2024\/files\/2024\/01\/maciek_color-150x150.jpg 150w, https:\/\/gliwice.wordcamp.org\/2024\/files\/2024\/01\/maciek_color-300x300.jpg 300w, https:\/\/gliwice.wordcamp.org\/2024\/files\/2024\/01\/maciek_color-1024x1024.jpg 1024w, https:\/\/gliwice.wordcamp.org\/2024\/files\/2024\/01\/maciek_color-768x768.jpg 768w, https:\/\/gliwice.wordcamp.org\/2024\/files\/2024\/01\/maciek_color.jpg 1500w\" sizes=\"auto, (max-width: 150px) 100vw, 150px\" \/>\t\t<\/div>\n\t\n\t\t\t<div class=\"wordcamp-block__item-content wordcamp-organizers__content is-full\"><p>Jestem developerem, pracuj\u0105cym obecnie w Patchstack jako Security Community Manager. Po godzinach szukam go\u015bci do Code and Coffee Showi albo je\u017cd\u017ce na rowerze.<\/p>\n<\/div>\t<\/div>\n\n<\/li><li class=\"wordcamp-post-list__post wordcamp-clearfix\">\n<div class=\"wordcamp-organizer wordcamp-organizers__post slug-piotr-misztal\">\n\t<h3 class=\"wordcamp-block__item-title wordcamp-organizers__title\" style=\"text-align:left\">Piotr Misztal<\/h3>\n\t\t\t<div class=\"wordcamp-image__avatar-container align-left\">\n\t\t\t<img loading=\"lazy\" decoding=\"async\" width=\"150\" height=\"150\" src=\"https:\/\/gliwice.wordcamp.org\/2024\/files\/2024\/01\/PMisztal-zdjecie-150x150.jpg\" class=\"attachment-150x150 size-150x150 wp-post-image\" alt=\"Awatar Piotr Misztal\" \/>\t\t<\/div>\n\t\n\t\t\t<div class=\"wordcamp-block__item-content wordcamp-organizers__content is-full\"><p>Pasjonat WordPressa, developer i przedsi\u0119biorca, w\u0142a\u015bciciel software house i firmy szkoleniowej SzkoleniaMi.pl. Tworzy oraz rozbudowuje witryny oraz sklepy e-commerce, opracowuje indywidualne rozwi\u0105zania programistyczne, optymalizuje back-end i front-end zgodnie z potrzebami klient\u00f3w dbaj\u0105c r\u00f3wnie\u017c o dost\u0119pno\u015b\u0107 cyfrow\u0105 stron www.<br \/>Trener szkoleniowiec i egzaminator m.in. z tematyki: MS Excel, MS Project, WordPress, e-Commerce.<\/p>\n<\/div>\t<\/div>\n\n<\/li><\/ul><\/div>\n\n\n\n<div class=\"wp-block-group alignfull has-background-background-color has-background is-layout-constrained wp-container-core-group-is-layout-48ad536f wp-block-group-is-layout-constrained\" style=\"padding-top:var(--wp--preset--spacing--70);padding-bottom:var(--wp--preset--spacing--70)\">\n<div style=\"height:5px\" aria-hidden=\"true\" class=\"wp-block-spacer\"><\/div>\n\n\n\n<h2 class=\"wp-block-heading has-secondary-color has-text-color has-link-color has-x-large-font-size wp-elements-b5a0281ea3743fc724f2d3b69684b054\">Dru\u017cyna Sponsorzy<\/h2>\n\n\n<ul class=\"wordcamp-block wordcamp-post-list has-layout-grid wordcamp-organizers has-grid-columns-2\"><li class=\"wordcamp-post-list__post wordcamp-clearfix\">\n<div class=\"wordcamp-organizer wordcamp-organizers__post slug-monika-swoboda\">\n\t<h3 class=\"wordcamp-block__item-title wordcamp-organizers__title\" style=\"text-align:left\">Monika Swoboda<\/h3>\n\t\t\t<div class=\"wordcamp-image__avatar-container align-left\">\n\t\t\t<img decoding=\"async\" src=\"https:\/\/secure.gravatar.com\/avatar\/7142f2c48741f0470e56f7f51bb62ab9273a8cbaa623b38e6ec974d5026229c3?s=150&amp;d=mm&amp;r=g\" alt=\"Awatar Monika Swoboda\" \/>\t\t<\/div>\n\t\n\t\t\t<div class=\"wordcamp-block__item-content wordcamp-organizers__content is-full\"><p>Z wykszta\u0142cenia geofizyk, z zawodu marketingowiec, z pasji front-end deweloper @<a href=\"https:\/\/jukti.pl\" data-type=\"link\" data-id=\"https:\/\/jukti.pl\">jukti.pl<\/a>. Kocham g\u00f3ry, plansz\u00f3wki i majsterkowanie.<\/p>\n<\/div>\t<\/div>\n\n<\/li><li class=\"wordcamp-post-list__post wordcamp-clearfix\">\n<div class=\"wordcamp-organizer wordcamp-organizers__post slug-maciej-palmowski\">\n\t<h3 class=\"wordcamp-block__item-title wordcamp-organizers__title\" style=\"text-align:left\">Maciej Palmowski<\/h3>\n\t\t\t<div class=\"wordcamp-image__avatar-container align-left\">\n\t\t\t<img loading=\"lazy\" decoding=\"async\" width=\"150\" height=\"150\" src=\"https:\/\/gliwice.wordcamp.org\/2024\/files\/2024\/01\/maciek_color-150x150.jpg\" class=\"attachment-150x150 size-150x150 wp-post-image\" alt=\"Awatar Maciej Palmowski\" srcset=\"https:\/\/gliwice.wordcamp.org\/2024\/files\/2024\/01\/maciek_color-150x150.jpg 150w, https:\/\/gliwice.wordcamp.org\/2024\/files\/2024\/01\/maciek_color-300x300.jpg 300w, https:\/\/gliwice.wordcamp.org\/2024\/files\/2024\/01\/maciek_color-1024x1024.jpg 1024w, https:\/\/gliwice.wordcamp.org\/2024\/files\/2024\/01\/maciek_color-768x768.jpg 768w, https:\/\/gliwice.wordcamp.org\/2024\/files\/2024\/01\/maciek_color.jpg 1500w\" sizes=\"auto, (max-width: 150px) 100vw, 150px\" \/>\t\t<\/div>\n\t\n\t\t\t<div class=\"wordcamp-block__item-content wordcamp-organizers__content is-full\"><p>Jestem developerem, pracuj\u0105cym obecnie w Patchstack jako Security Community Manager. Po godzinach szukam go\u015bci do Code and Coffee Showi albo je\u017cd\u017ce na rowerze.<\/p>\n<\/div>\t<\/div>\n\n<\/li><\/ul><\/div>\n\n\n\n<div class=\"wp-block-group alignfull has-tertiary-background-color has-background is-layout-constrained wp-container-core-group-is-layout-48ad536f wp-block-group-is-layout-constrained\" style=\"padding-top:var(--wp--preset--spacing--70);padding-bottom:var(--wp--preset--spacing--70)\">\n<div style=\"height:5px\" aria-hidden=\"true\" class=\"wp-block-spacer\"><\/div>\n\n\n\n<h2 class=\"wp-block-heading has-secondary-color has-text-color has-link-color has-x-large-font-size wp-elements-bc73914a16112cadf9aaf043dd43811a\">Dru\u017cyna Contributor Day<\/h2>\n\n\n<ul class=\"wordcamp-block wordcamp-post-list has-layout-grid wordcamp-organizers has-grid-columns-2\"><li class=\"wordcamp-post-list__post wordcamp-clearfix\">\n<div class=\"wordcamp-organizer wordcamp-organizers__post slug-krzysztof-radzikowski\">\n\t<h3 class=\"wordcamp-block__item-title wordcamp-organizers__title\" style=\"text-align:left\">Krzysztof Radzikowski<\/h3>\n\t\t\t<div class=\"wordcamp-image__avatar-container align-left\">\n\t\t\t<img decoding=\"async\" src=\"https:\/\/secure.gravatar.com\/avatar\/b43da046ed63ee8d93ebc79af505f30b5443cbfa9e626783bc228d2b7a0a81e9?s=150&amp;d=mm&amp;r=g\" alt=\"Awatar Krzysztof Radzikowski\" \/>\t\t<\/div>\n\t\n\t\t\t<div class=\"wordcamp-block__item-content wordcamp-organizers__content is-full\"><\/div>\t<\/div>\n\n<\/li><\/ul><\/div>\n\n\n\n<div class=\"wp-block-group alignfull has-background-background-color has-background is-layout-constrained wp-container-core-group-is-layout-48ad536f wp-block-group-is-layout-constrained\" style=\"padding-top:var(--wp--preset--spacing--70);padding-bottom:var(--wp--preset--spacing--70)\">\n<div style=\"height:5px\" aria-hidden=\"true\" class=\"wp-block-spacer\"><\/div>\n\n\n\n<h3 class=\"wp-block-heading has-secondary-color has-text-color has-link-color has-x-large-font-size wp-elements-f043fc079977ebbe7aafa3483719d1e1\">Dru\u017cyna Marketing &amp; Design<\/h3>\n\n\n<ul class=\"wordcamp-block wordcamp-post-list has-layout-grid wordcamp-organizers has-grid-columns-2\"><li class=\"wordcamp-post-list__post wordcamp-clearfix\">\n<div class=\"wordcamp-organizer wordcamp-organizers__post slug-kasia-aleszczyk\">\n\t<h3 class=\"wordcamp-block__item-title wordcamp-organizers__title\" style=\"text-align:left\">Kasia Aleszczyk<\/h3>\n\t\t\t<div class=\"wordcamp-image__avatar-container align-left\">\n\t\t\t<img decoding=\"async\" src=\"https:\/\/secure.gravatar.com\/avatar\/4423d00d3f3507f5aecd23e1f82efbe78bc6ebb516f600db4d7c254b47803edb?s=150&amp;d=mm&amp;r=g\" alt=\"Awatar Kasia Aleszczyk\" \/>\t\t<\/div>\n\t\n\t\t\t<div class=\"wordcamp-block__item-content wordcamp-organizers__content is-full\"><p>Od dekady skutecznie pomagam innym w relacji z WordPressem. Bloguj\u0119, pisz\u0119, TikTokuj\u0119 i nagrywam. W wolnych chwilach (kto powiedzia\u0142, \u017ce trzeba spa\u0107?) zaczytuj\u0119 si\u0119 w dobrych krymina\u0142ach. Uwielbiam wyj\u015b\u0107 przed dom i po\u015br\u00f3d \u015bpiewu ptak\u00f3w wystawi\u0107 pyszczek ku s\u0142o\u0144cu! \ud83d\ude0e<\/p>\n<\/div>\t<\/div>\n\n<\/li><li class=\"wordcamp-post-list__post wordcamp-clearfix\">\n<div class=\"wordcamp-organizer wordcamp-organizers__post slug-sylwia-stein\">\n\t<h3 class=\"wordcamp-block__item-title wordcamp-organizers__title\" style=\"text-align:left\">Sylwia Stein<\/h3>\n\t\t\t<div class=\"wordcamp-image__avatar-container align-left\">\n\t\t\t<img loading=\"lazy\" decoding=\"async\" width=\"150\" height=\"150\" src=\"https:\/\/gliwice.wordcamp.org\/2024\/files\/2024\/01\/128555768_3795439707132710_8585980158118415462_n-150x150.png\" class=\"attachment-150x150 size-150x150 wp-post-image\" alt=\"Awatar Sylwia Stein\" srcset=\"https:\/\/gliwice.wordcamp.org\/2024\/files\/2024\/01\/128555768_3795439707132710_8585980158118415462_n-150x150.png 150w, https:\/\/gliwice.wordcamp.org\/2024\/files\/2024\/01\/128555768_3795439707132710_8585980158118415462_n-300x300.png 300w, https:\/\/gliwice.wordcamp.org\/2024\/files\/2024\/01\/128555768_3795439707132710_8585980158118415462_n-768x768.png 768w, https:\/\/gliwice.wordcamp.org\/2024\/files\/2024\/01\/128555768_3795439707132710_8585980158118415462_n.png 1024w\" sizes=\"auto, (max-width: 150px) 100vw, 150px\" \/>\t\t<\/div>\n\t\n\t\t\t<div class=\"wordcamp-block__item-content wordcamp-organizers__content is-full\"><p>Mi\u0142o\u015bniczka WordPressa. Wspieram kobiety w realizacji ich stron internetowych, sklep\u00f3w, platform kursowych oraz pokazuj\u0119 im jak zacz\u0105\u0107 i rozwija\u0107 biznes (nie tylko) online. Wierz\u0119, \u017ce ka\u017cdy mo\u017ce stworzy\u0107 swoje wymarzone miejsce w sieci, czasem tylko potrzebuje dosta\u0107 kopa lub zasi\u0119gn\u0105\u0107 wsparcia.<\/p>\n<\/div>\t<\/div>\n\n<\/li><\/ul><\/div>\n\n\n\n<div class=\"wp-block-group alignfull has-tertiary-background-color has-background is-layout-constrained wp-container-core-group-is-layout-48ad536f wp-block-group-is-layout-constrained\" style=\"padding-top:var(--wp--preset--spacing--70);padding-bottom:var(--wp--preset--spacing--70)\">\n<div style=\"height:5px\" aria-hidden=\"true\" class=\"wp-block-spacer\"><\/div>\n\n\n\n<h3 class=\"wp-block-heading has-secondary-color has-text-color has-link-color has-x-large-font-size wp-elements-55bb8fda0115836eaf7b9ad14a418316\">Dru\u017cyna Wolontariusze<\/h3>\n\n\n<ul class=\"wordcamp-block wordcamp-post-list has-layout-grid wordcamp-organizers has-grid-columns-2\"><li class=\"wordcamp-post-list__post wordcamp-clearfix\">\n<div class=\"wordcamp-organizer wordcamp-organizers__post slug-andrzej-baranski\">\n\t<h3 class=\"wordcamp-block__item-title wordcamp-organizers__title\" style=\"text-align:left\">Andrzej Bara\u0144ski<\/h3>\n\t\t\t<div class=\"wordcamp-image__avatar-container align-left\">\n\t\t\t<img loading=\"lazy\" decoding=\"async\" width=\"150\" height=\"150\" src=\"https:\/\/gliwice.wordcamp.org\/2024\/files\/2024\/01\/andrzej-baranski-150x150.png\" class=\"attachment-150x150 size-150x150 wp-post-image\" alt=\"Awatar Andrzej Bara\u0144ski\" srcset=\"https:\/\/gliwice.wordcamp.org\/2024\/files\/2024\/01\/andrzej-baranski-150x150.png 150w, https:\/\/gliwice.wordcamp.org\/2024\/files\/2024\/01\/andrzej-baranski-300x300.png 300w, https:\/\/gliwice.wordcamp.org\/2024\/files\/2024\/01\/andrzej-baranski.png 401w\" sizes=\"auto, (max-width: 150px) 100vw, 150px\" \/>\t\t<\/div>\n\t\n\t\t\t<div class=\"wordcamp-block__item-content wordcamp-organizers__content is-full\"><p>Na wordpressach u\u017cywam: \u201eWindow\u2019s installer ;)\u201d Gdzie\u015b tam na kt\u00f3rym\u015b wc dodali kiedy\u015b, \u017ce uczestnicz\u0119 w wc od 2011, organizuj\u0119, pomagam, wolontariuszuj\u0119.<\/p>\n<\/div>\t<\/div>\n\n<\/li><li class=\"wordcamp-post-list__post wordcamp-clearfix\">\n<div class=\"wordcamp-organizer wordcamp-organizers__post slug-daniel-komorek\">\n\t<h3 class=\"wordcamp-block__item-title wordcamp-organizers__title\" style=\"text-align:left\">Daniel Komorek<\/h3>\n\t\t\t<div class=\"wordcamp-image__avatar-container align-left\">\n\t\t\t<img loading=\"lazy\" decoding=\"async\" width=\"150\" height=\"150\" src=\"https:\/\/gliwice.wordcamp.org\/2024\/files\/2024\/01\/komorekd-150x150.jpg\" class=\"attachment-150x150 size-150x150 wp-post-image\" alt=\"Awatar Daniel Komorek\" \/>\t\t<\/div>\n\t\n\t\t\t<div class=\"wordcamp-block__item-content wordcamp-organizers__content is-full\"><p>Jestem back-end developerem specjalizuj\u0105cym si\u0119 w projektowaniu funkcjonalnych stron oraz sklep\u00f3w internetowych w \u015brodowisku WordPressa, oraz nie tylko \ud83d\ude09 W mojej codziennej pracy skoncentrowany jestem nie tylko na tworzeniu stron internetowych, ale tak\u017ce na wspieraniu klient\u00f3w w przenoszeniu swojego biznesu do \u015bwiata online.<\/p>\n<p>Kiedy nie zajmuj\u0119 si\u0119 kodowaniem, najch\u0119tniej wsiadam na rower i odkrywam uroki jazdy na dw\u00f3ch k\u00f3\u0142kach.<\/p>\n<\/div>\t<\/div>\n\n<\/li><\/ul><\/div>\n\n\n\n<div class=\"wp-block-group alignfull has-background-background-color has-background is-layout-constrained wp-container-core-group-is-layout-48ad536f wp-block-group-is-layout-constrained\" style=\"padding-top:var(--wp--preset--spacing--70);padding-bottom:var(--wp--preset--spacing--70)\">\n<div style=\"height:5px\" aria-hidden=\"true\" class=\"wp-block-spacer\"><\/div>\n\n\n\n<h3 class=\"wp-block-heading has-secondary-color has-text-color has-link-color has-x-large-font-size wp-elements-c81f897338e5ad1e174ad0ec848c6c0e\">Dru\u017cyna Announcements<\/h3>\n\n\n<ul class=\"wordcamp-block wordcamp-post-list has-layout-grid wordcamp-organizers has-grid-columns-2\"><li class=\"wordcamp-post-list__post wordcamp-clearfix\">\n<div class=\"wordcamp-organizer wordcamp-organizers__post slug-ewa-iwanska\">\n\t<h3 class=\"wordcamp-block__item-title wordcamp-organizers__title\" style=\"text-align:left\">Ewa Iwa\u0144ska<\/h3>\n\t\t\t<div class=\"wordcamp-image__avatar-container align-left\">\n\t\t\t<img loading=\"lazy\" decoding=\"async\" width=\"150\" height=\"150\" src=\"https:\/\/gliwice.wordcamp.org\/2024\/files\/2024\/01\/404872958_407159295074915_2048896049197749159_n-150x150.jpg\" class=\"attachment-150x150 size-150x150 wp-post-image\" alt=\"Awatar Ewa Iwa\u0144ska\" \/>\t\t<\/div>\n\t\n\t\t\t<div class=\"wordcamp-block__item-content wordcamp-organizers__content is-full\"><p>Je\u015bli na konferencji us\u0142yszycie dono\u015bny, zara\u017aliwy \u015bmiech, to pod\u0105\u017cajcie za nim, a dotrzecie do mnie <img loading=\"lazy\" decoding=\"async\" height=\"16\" width=\"16\" src=\"https:\/\/static.xx.fbcdn.net\/images\/emoji.php\/v9\/t57\/1\/16\/1f609.png\" alt=\"\ud83d\ude09\"> W Gliwicach us\u0142yszycie go na pewno ze sceny, gdzie b\u0119d\u0119 zapowiada\u0107 prelegent\u00f3w i ich prezentacje <img loading=\"lazy\" decoding=\"async\" height=\"16\" width=\"16\" src=\"https:\/\/static.xx.fbcdn.net\/images\/emoji.php\/v9\/t4c\/1\/16\/1f642.png\" alt=\"\ud83d\ude42\"> W przerwach mi\u0119dzy prelekcjami i na afterze, zapraszam na mi\u0142\u0105 rozmow\u0119 (o \u017cyciu lub marketingu, albo jednym i drugim <img loading=\"lazy\" decoding=\"async\" height=\"16\" width=\"16\" src=\"https:\/\/static.xx.fbcdn.net\/images\/emoji.php\/v9\/t57\/1\/16\/1f609.png\" alt=\"\ud83d\ude09\"> ) oraz na pozytywn\u0105 dawk\u0119 energii <img loading=\"lazy\" decoding=\"async\" height=\"16\" width=\"16\" src=\"https:\/\/static.xx.fbcdn.net\/images\/emoji.php\/v9\/t4c\/1\/16\/1f642.png\" alt=\"\ud83d\ude42\"><\/p>\n<\/div>\t<\/div>\n\n<\/li><\/ul><\/div>\n","protected":false},"excerpt":{"rendered":"<p>Dru\u017cyna Prelegenci Dru\u017cyna Sponsorzy Dru\u017cyna Contributor Day Dru\u017cyna Marketing &amp; Design Dru\u017cyna Wolontariusze Dru\u017cyna Announcements<\/p>\n","protected":false},"author":5600279,"featured_media":725,"parent":0,"menu_order":0,"comment_status":"closed","ping_status":"closed","template":"","meta":{"jetpack_post_was_ever_published":false,"footnotes":""},"class_list":["post-12","page","type-page","status-publish","has-post-thumbnail","hentry"],"jetpack_sharing_enabled":true,"_links":{"self":[{"href":"https:\/\/gliwice.wordcamp.org\/2024\/wp-json\/wp\/v2\/pages\/12","targetHints":{"allow":["GET"]}}],"collection":[{"href":"https:\/\/gliwice.wordcamp.org\/2024\/wp-json\/wp\/v2\/pages"}],"about":[{"href":"https:\/\/gliwice.wordcamp.org\/2024\/wp-json\/wp\/v2\/types\/page"}],"author":[{"embeddable":true,"href":"https:\/\/gliwice.wordcamp.org\/2024\/wp-json\/wp\/v2\/users\/5600279"}],"replies":[{"embeddable":true,"href":"https:\/\/gliwice.wordcamp.org\/2024\/wp-json\/wp\/v2\/comments?post=12"}],"version-history":[{"count":22,"href":"https:\/\/gliwice.wordcamp.org\/2024\/wp-json\/wp\/v2\/pages\/12\/revisions"}],"predecessor-version":[{"id":1636,"href":"https:\/\/gliwice.wordcamp.org\/2024\/wp-json\/wp\/v2\/pages\/12\/revisions\/1636"}],"wp:featuredmedia":[{"embeddable":true,"href":"https:\/\/gliwice.wordcamp.org\/2024\/wp-json\/wp\/v2\/media\/725"}],"wp:attachment":[{"href":"https:\/\/gliwice.wordcamp.org\/2024\/wp-json\/wp\/v2\/media?parent=12"}],"curies":[{"name":"wp","href":"https:\/\/api.w.org\/{rel}","templated":true}]}}