{"id":1700,"date":"2024-03-04T11:59:21","date_gmt":"2024-03-04T10:59:21","guid":{"rendered":"https:\/\/gliwice.wordcamp.org\/2024\/?page_id=1700"},"modified":"2024-04-11T12:50:05","modified_gmt":"2024-04-11T10:50:05","slug":"middle-party","status":"publish","type":"page","link":"https:\/\/gliwice.wordcamp.org\/2024\/middle-party\/","title":{"rendered":"Middle Party"},"content":{"rendered":"\n<p>Nieodzownym punktem WordCampa jest integracja i rozmowy przy \u2615\ufe0f,\ud83e\uddc3,\ud83c\udf7b, \ud83e\udd42,\ud83c\udf78,\ud83e\uddc9,\ud83c\udf77, \ud83e\udd43 oraz tym razem billard! W sobot\u0119 13 kwietnia po intensywnym dniu pe\u0142nym prelekcji i niezapomnianych wra\u017ce\u0144 zapraszamy Was na <strong>godzin\u0119 20:00<\/strong> na middle party do <strong>Klubu Bilardowego Black Ball\u00a0<\/strong>(Gliwice, ul. Dolnych Wa\u0142\u00f3w 11<em> &#8211; boczna ul. Zwyci\u0119stwa, na przeciwko Willi Caro)<\/em>.<\/p>\n\n\n\n<p>Do naszej dyspozycji b\u0119dzie 6 sto\u0142\u00f3w, przek\u0105ski i oczywi\u015bcie vouchery do wykorzystania przy barze.<\/p>\n\n\n\n<div style=\"height:10px\" aria-hidden=\"true\" class=\"wp-block-spacer\"><\/div>\n\n\n\n<figure class=\"wp-block-image size-full\"><img loading=\"lazy\" decoding=\"async\" width=\"1024\" height=\"682\" src=\"https:\/\/gliwice.wordcamp.org\/2024\/files\/2024\/03\/IMG_0983lrg-1024x682-1.jpg\" alt=\"\" class=\"wp-image-1704\" srcset=\"https:\/\/gliwice.wordcamp.org\/2024\/files\/2024\/03\/IMG_0983lrg-1024x682-1.jpg 1024w, https:\/\/gliwice.wordcamp.org\/2024\/files\/2024\/03\/IMG_0983lrg-1024x682-1-300x200.jpg 300w, https:\/\/gliwice.wordcamp.org\/2024\/files\/2024\/03\/IMG_0983lrg-1024x682-1-768x512.jpg 768w, https:\/\/gliwice.wordcamp.org\/2024\/files\/2024\/03\/IMG_0983lrg-1024x682-1-450x300.jpg 450w\" sizes=\"auto, (max-width: 1024px) 100vw, 1024px\" \/><\/figure>\n\n\n\n<figure class=\"wp-block-gallery has-nested-images columns-default is-cropped wp-block-gallery-1 is-layout-flex wp-block-gallery-is-layout-flex\">\n<figure class=\"wp-block-image size-full\"><img loading=\"lazy\" decoding=\"async\" width=\"1024\" height=\"682\" data-id=\"1702\" src=\"https:\/\/gliwice.wordcamp.org\/2024\/files\/2024\/03\/IMG_0933lrg-1024x682-1.jpg\" alt=\"\" class=\"wp-image-1702\" srcset=\"https:\/\/gliwice.wordcamp.org\/2024\/files\/2024\/03\/IMG_0933lrg-1024x682-1.jpg 1024w, https:\/\/gliwice.wordcamp.org\/2024\/files\/2024\/03\/IMG_0933lrg-1024x682-1-300x200.jpg 300w, https:\/\/gliwice.wordcamp.org\/2024\/files\/2024\/03\/IMG_0933lrg-1024x682-1-768x512.jpg 768w, https:\/\/gliwice.wordcamp.org\/2024\/files\/2024\/03\/IMG_0933lrg-1024x682-1-450x300.jpg 450w\" sizes=\"auto, (max-width: 1024px) 100vw, 1024px\" \/><\/figure>\n\n\n\n<figure class=\"wp-block-image size-large\"><img loading=\"lazy\" decoding=\"async\" width=\"1024\" height=\"1024\" data-id=\"1410\" src=\"https:\/\/gliwice.wordcamp.org\/2024\/files\/2024\/02\/cyber_folks_sygnet-1024x1024.png\" alt=\"\" class=\"wp-image-1410\" srcset=\"https:\/\/gliwice.wordcamp.org\/2024\/files\/2024\/02\/cyber_folks_sygnet-1024x1024.png 1024w, https:\/\/gliwice.wordcamp.org\/2024\/files\/2024\/02\/cyber_folks_sygnet-300x300.png 300w, https:\/\/gliwice.wordcamp.org\/2024\/files\/2024\/02\/cyber_folks_sygnet-150x150.png 150w, https:\/\/gliwice.wordcamp.org\/2024\/files\/2024\/02\/cyber_folks_sygnet-768x768.png 768w, https:\/\/gliwice.wordcamp.org\/2024\/files\/2024\/02\/cyber_folks_sygnet.png 1080w\" sizes=\"auto, (max-width: 1024px) 100vw, 1024px\" \/><\/figure>\n\n\n\n<figure class=\"wp-block-image size-large\"><img loading=\"lazy\" decoding=\"async\" width=\"1024\" height=\"682\" data-id=\"1703\" src=\"https:\/\/gliwice.wordcamp.org\/2024\/files\/2024\/03\/IMG_0971lrg-1024x682-1.jpg\" alt=\"\" class=\"wp-image-1703\" srcset=\"https:\/\/gliwice.wordcamp.org\/2024\/files\/2024\/03\/IMG_0971lrg-1024x682-1.jpg 1024w, https:\/\/gliwice.wordcamp.org\/2024\/files\/2024\/03\/IMG_0971lrg-1024x682-1-300x200.jpg 300w, https:\/\/gliwice.wordcamp.org\/2024\/files\/2024\/03\/IMG_0971lrg-1024x682-1-768x512.jpg 768w, https:\/\/gliwice.wordcamp.org\/2024\/files\/2024\/03\/IMG_0971lrg-1024x682-1-450x300.jpg 450w\" sizes=\"auto, (max-width: 1024px) 100vw, 1024px\" \/><\/figure>\n<\/figure>\n\n\n\n<h5 class=\"wp-block-heading has-text-align-center\">Tegorocznym sponsorem Middle Party jest cyber_folks.<\/h5>\n","protected":false},"excerpt":{"rendered":"<p>Nieodzownym punktem WordCampa jest integracja i rozmowy przy \u2615\ufe0f,\ud83e\uddc3,\ud83c\udf7b, \ud83e\udd42,\ud83c\udf78,\ud83e\uddc9,\ud83c\udf77, \ud83e\udd43 oraz tym razem billard! W sobot\u0119 13 kwietnia po intensywnym dniu pe\u0142nym prelekcji i niezapomnianych wra\u017ce\u0144 zapraszamy Was na godzin\u0119 20:00 na middle party do Klubu Bilardowego Black Ball\u00a0(Gliwice, ul. Dolnych Wa\u0142\u00f3w 11 &#8211; boczna ul. Zwyci\u0119stwa, na przeciwko Willi Caro). Do naszej dyspozycji [&hellip;]<\/p>\n","protected":false},"author":5600279,"featured_media":0,"parent":0,"menu_order":0,"comment_status":"closed","ping_status":"closed","template":"","meta":{"jetpack_post_was_ever_published":false,"footnotes":""},"class_list":["post-1700","page","type-page","status-publish","hentry"],"jetpack_sharing_enabled":true,"_links":{"self":[{"href":"https:\/\/gliwice.wordcamp.org\/2024\/wp-json\/wp\/v2\/pages\/1700","targetHints":{"allow":["GET"]}}],"collection":[{"href":"https:\/\/gliwice.wordcamp.org\/2024\/wp-json\/wp\/v2\/pages"}],"about":[{"href":"https:\/\/gliwice.wordcamp.org\/2024\/wp-json\/wp\/v2\/types\/page"}],"author":[{"embeddable":true,"href":"https:\/\/gliwice.wordcamp.org\/2024\/wp-json\/wp\/v2\/users\/5600279"}],"replies":[{"embeddable":true,"href":"https:\/\/gliwice.wordcamp.org\/2024\/wp-json\/wp\/v2\/comments?post=1700"}],"version-history":[{"count":13,"href":"https:\/\/gliwice.wordcamp.org\/2024\/wp-json\/wp\/v2\/pages\/1700\/revisions"}],"predecessor-version":[{"id":2689,"href":"https:\/\/gliwice.wordcamp.org\/2024\/wp-json\/wp\/v2\/pages\/1700\/revisions\/2689"}],"wp:attachment":[{"href":"https:\/\/gliwice.wordcamp.org\/2024\/wp-json\/wp\/v2\/media?parent=1700"}],"curies":[{"name":"wp","href":"https:\/\/api.w.org\/{rel}","templated":true}]}}