{"id":629,"date":"2024-01-13T16:08:41","date_gmt":"2024-01-13T15:08:41","guid":{"rendered":"https:\/\/gliwice.wordcamp.org\/2024\/?page_id=629"},"modified":"2024-03-18T09:26:40","modified_gmt":"2024-03-18T08:26:40","slug":"oferta-sponsorska","status":"publish","type":"page","link":"https:\/\/gliwice.wordcamp.org\/2024\/oferta-sponsorska\/","title":{"rendered":"Oferta sponsorska"},"content":{"rendered":"\n<p>Sponsoring WordCampa to doskona\u0142a okazja, by przedstawi\u0107 us\u0142ugi i ofert\u0119 swojej firmy polskiej spo\u0142eczno\u015bci entuzjast\u00f3w WordPressa. <\/p>\n\n\n\n<p>Zobacz, jakie pakiety przygotowali\u015bmy w tym roku \u2b07\ufe0f \u2b07\ufe0f \u2b07\ufe0f<\/p>\n\n\n\n<div class=\"wp-block-group alignwide is-layout-constrained wp-block-group-is-layout-constrained\">\n<figure class=\"wp-block-table alignfull is-style-stripes has-small-font-size\"><table><thead><tr><th class=\"has-text-align-left\" data-align=\"left\">PAKIET<\/th><th class=\"has-text-align-center\" data-align=\"center\"><\/th><th class=\"has-text-align-center\" data-align=\"center\">Z\u0141OTO<br>(5 pakiet\u00f3w)<br><em><mark style=\"background-color:#ffffff;color:#747474\" class=\"has-inline-color\">dost\u0119pny 0 z 5 pakiet\u00f3w<\/mark><\/em><\/th><th class=\"has-text-align-center\" data-align=\"center\">SREBRO<br>(9 pakiet\u00f3w)<br><em><mark style=\"background-color:#ffffff;color:#747474\" class=\"has-inline-color\">dost\u0119pne 9 z 9 pakiet\u00f3w<\/mark><\/em><\/th><th class=\"has-text-align-center\" data-align=\"center\">BR\u0104Z<br>(bez limit\u00f3w)<\/th><th class=\"has-text-align-center\" data-align=\"center\">MIKROSPONSOR<br>(bez limit\u00f3w)<\/th><\/tr><\/thead><tbody><tr><td class=\"has-text-align-left\" data-align=\"left\">Bilety na WordCamp Gliwice<\/td><td class=\"has-text-align-center\" data-align=\"center\"><\/td><td class=\"has-text-align-center\" data-align=\"center\">3<\/td><td class=\"has-text-align-center\" data-align=\"center\">2<\/td><td class=\"has-text-align-center\" data-align=\"center\">1<\/td><td class=\"has-text-align-center\" data-align=\"center\">1<\/td><\/tr><tr><td class=\"has-text-align-left\" data-align=\"left\">Roll-up\/stand w holu<\/td><td class=\"has-text-align-center\" data-align=\"center\"><\/td><td class=\"has-text-align-center\" data-align=\"center\">+<\/td><td class=\"has-text-align-center\" data-align=\"center\">+<\/td><td class=\"has-text-align-center\" data-align=\"center\">+<\/td><td class=\"has-text-align-center\" data-align=\"center\"><\/td><\/tr><tr><td class=\"has-text-align-left\" data-align=\"left\">Stoisko<\/td><td class=\"has-text-align-center\" data-align=\"center\"><\/td><td class=\"has-text-align-center\" data-align=\"center\">+<\/td><td class=\"has-text-align-center\" data-align=\"center\">+<\/td><td class=\"has-text-align-center\" data-align=\"center\"><\/td><td class=\"has-text-align-center\" data-align=\"center\"><\/td><\/tr><tr><td class=\"has-text-align-left\" data-align=\"left\">Mo\u017cliwo\u015b\u0107 wyg\u0142oszenia niesprzeda\u017cowej prezentacji sponsorowanej<sup>1<\/sup><\/td><td class=\"has-text-align-center\" data-align=\"center\"><\/td><td class=\"has-text-align-center\" data-align=\"center\">+<\/td><td class=\"has-text-align-center\" data-align=\"center\"><\/td><td class=\"has-text-align-center\" data-align=\"center\"><\/td><td class=\"has-text-align-center\" data-align=\"center\"><\/td><\/tr><tr><td class=\"has-text-align-left\" data-align=\"left\">Udzia\u0142 w grze konferencyjnej<sup>2<\/sup><\/td><td class=\"has-text-align-center\" data-align=\"center\"><\/td><td class=\"has-text-align-center\" data-align=\"center\">+<\/td><td class=\"has-text-align-center\" data-align=\"center\">+<\/td><td class=\"has-text-align-center\" data-align=\"center\"><\/td><td class=\"has-text-align-center\" data-align=\"center\"><\/td><\/tr><tr><td class=\"has-text-align-left\" data-align=\"left\">Mo\u017cliwo\u015b\u0107 przeprowadzenia konkursu dla uczestnik\u00f3w<\/td><td class=\"has-text-align-center\" data-align=\"center\"><\/td><td class=\"has-text-align-center\" data-align=\"center\">+<\/td><td class=\"has-text-align-center\" data-align=\"center\"><\/td><td class=\"has-text-align-center\" data-align=\"center\"><\/td><td class=\"has-text-align-center\" data-align=\"center\"><\/td><\/tr><tr><td class=\"has-text-align-left\" data-align=\"left\">Logo w prezentacji mi\u0119dzy prelekcjami<\/td><td class=\"has-text-align-center\" data-align=\"center\"><\/td><td class=\"has-text-align-center\" data-align=\"center\">+<\/td><td class=\"has-text-align-center\" data-align=\"center\"><\/td><td class=\"has-text-align-center\" data-align=\"center\"><\/td><td class=\"has-text-align-center\" data-align=\"center\"><\/td><\/tr><tr><td class=\"has-text-align-left\" data-align=\"left\">Logo na \u015bciance sponsorskiej<\/td><td class=\"has-text-align-center\" data-align=\"center\"><\/td><td class=\"has-text-align-center\" data-align=\"center\">+<\/td><td class=\"has-text-align-center\" data-align=\"center\"><\/td><td class=\"has-text-align-center\" data-align=\"center\"><\/td><td class=\"has-text-align-center\" data-align=\"center\"><\/td><\/tr><tr><td class=\"has-text-align-left\" data-align=\"left\">Spersonalizowany baner do u\u017cycia w mediach w\u0142asnych<\/td><td class=\"has-text-align-center\" data-align=\"center\"><\/td><td class=\"has-text-align-center\" data-align=\"center\">+<\/td><td class=\"has-text-align-center\" data-align=\"center\">+<\/td><td class=\"has-text-align-center\" data-align=\"center\">+<\/td><td class=\"has-text-align-center\" data-align=\"center\">+<\/td><\/tr><tr><td class=\"has-text-align-left\" data-align=\"left\">Obecno\u015b\u0107 na stronie &#8222;Sponsorzy&#8221; (logo, opis, link)<\/td><td class=\"has-text-align-center\" data-align=\"center\"><\/td><td class=\"has-text-align-center\" data-align=\"center\">+<\/td><td class=\"has-text-align-center\" data-align=\"center\">+<\/td><td class=\"has-text-align-center\" data-align=\"center\">+<\/td><td class=\"has-text-align-center\" data-align=\"center\">+<\/td><\/tr><tr><td class=\"has-text-align-left\" data-align=\"left\">Podzi\u0119kowanie na kana\u0142ach spo\u0142eczno\u015bciowych WordCampa<\/td><td class=\"has-text-align-center\" data-align=\"center\"><\/td><td class=\"has-text-align-center\" data-align=\"center\">2<\/td><td class=\"has-text-align-center\" data-align=\"center\">1<\/td><td class=\"has-text-align-center\" data-align=\"center\"><\/td><td class=\"has-text-align-center\" data-align=\"center\"><\/td><\/tr><tr><td class=\"has-text-align-left\" data-align=\"left\">Podzi\u0119kowanie w mailingu do uczestnik\u00f3w<\/td><td class=\"has-text-align-center\" data-align=\"center\"><\/td><td class=\"has-text-align-center\" data-align=\"center\">+<\/td><td class=\"has-text-align-center\" data-align=\"center\">+<\/td><td class=\"has-text-align-center\" data-align=\"center\"><\/td><td class=\"has-text-align-center\" data-align=\"center\"><\/td><\/tr><tr><td class=\"has-text-align-left\" data-align=\"left\">Dedykowany wpis na blogu<sup>3<\/sup><\/td><td class=\"has-text-align-center\" data-align=\"center\"><\/td><td class=\"has-text-align-center\" data-align=\"center\">1<\/td><td class=\"has-text-align-center\" data-align=\"center\"><\/td><td class=\"has-text-align-center\" data-align=\"center\"><\/td><td class=\"has-text-align-center\" data-align=\"center\"><\/td><\/tr><tr><td class=\"has-text-align-left\" data-align=\"left\">Logo z linkiem na stronie g\u0142\u00f3wnej<\/td><td class=\"has-text-align-center\" data-align=\"center\"><\/td><td class=\"has-text-align-center\" data-align=\"center\">+<\/td><td class=\"has-text-align-center\" data-align=\"center\"><\/td><td class=\"has-text-align-center\" data-align=\"center\"><\/td><td class=\"has-text-align-center\" data-align=\"center\"><\/td><\/tr><tr><td class=\"has-text-align-left\" data-align=\"left\">Bilety na \u201cSpeakers Event\u201d<\/td><td class=\"has-text-align-center\" data-align=\"center\"><\/td><td class=\"has-text-align-center\" data-align=\"center\">3<\/td><td class=\"has-text-align-center\" data-align=\"center\">2<\/td><td class=\"has-text-align-center\" data-align=\"center\">1<\/td><td class=\"has-text-align-center\" data-align=\"center\"><\/td><\/tr><\/tbody><tfoot><tr><td class=\"has-text-align-left\" data-align=\"left\"><strong>KOSZT PAKIETU<\/strong><\/td><td class=\"has-text-align-center\" data-align=\"center\"><\/td><td class=\"has-text-align-center\" data-align=\"center\"><strong>9 000 z\u0142<\/strong><\/td><td class=\"has-text-align-center\" data-align=\"center\"><strong>6 000 z\u0142<\/strong><\/td><td class=\"has-text-align-center\" data-align=\"center\"><strong>3 000 z\u0142<\/strong><\/td><td class=\"has-text-align-center\" data-align=\"center\"><strong>1 000 z\u0142<\/strong><\/td><\/tr><\/tfoot><\/table><figcaption class=\"wp-element-caption\"><sup>1<\/sup>Pod warunkiem zg\u0142oszenia prezentacji w okresie 23.01-20.02 (okres naboru prelegent\u00f3w). | <sup>2<\/sup>Dotyczy sponsor\u00f3w, kt\u00f3rzy b\u0119d\u0105 fizycznie obecni na konferencji przy swoim stoisku. | <sup>3<\/sup>Dedykowany wpis na blogu \u2013 limit do 2000 znak\u00f3w; artyku\u0142 na bloga powinien z za\u0142o\u017cenia by\u0107 ciekawy dla czytelnik\u00f3w, zastrzegamy sobie prawo do odrzucenia wpisu zawieraj\u0105cego sam opis oferty sponsora.<\/figcaption><\/figure>\n\n\n\n<div style=\"height:20px\" aria-hidden=\"true\" class=\"wp-block-spacer\"><\/div>\n<\/div>\n\n\n\n<h2 class=\"wp-block-heading\">Zosta\u0144 mikrosponsorem<\/h2>\n\n\n\n<p>Oferta sponsorska nie jest skierowana jedynie do \u201cdu\u017cych graczy\u201d. \ud83d\ude09 Przygotowali\u015bmy j\u0105 tak, by ka\u017cdy m\u00f3g\u0142 mie\u0107 sw\u00f3j wk\u0142ad w u\u015bwietnienie naszego wsp\u00f3lnego wydarzenia.<\/p>\n\n\n\n<p>Mo\u017ce np. pracujesz w software housie i podejrzewasz, \u017ce firma mo\u017ce zyska\u0107 wizerunkowo i networkingowo na spoonsorskiej obecno\u015bci podczas WordCampa? A mo\u017ce sam\/a prowadzisz dzia\u0142alno\u015b\u0107 opart\u0105 o WordPress i sponsorskie zaanga\u017cowanie b\u0119dzie dla Ciebie form\u0105 wyra\u017cenia swojej wdzi\u0119czno\u015bci za mo\u017cliwo\u015b\u0107 korzystania z WP w pracy z Klientem? Zostaj\u0105c mikrosponsorem Wordcamp Gliwice masz mo\u017cliwo\u015b\u0107 dorzuci\u0107 swoj\u0105 cegie\u0142k\u0119 i wesprze\u0107 nasz\u0105, polsk\u0105 spo\u0142eczno\u015b\u0107 WordPressa!<\/p>\n\n\n\n<p>Ka\u017cdy, kto zakupi bilet mikrosponsora otrzyma mo\u017cliwo\u015b\u0107 umieszczenia podlinkowanego logo na naszej stronie www w zak\u0142adce Sponsorzy.<\/p>\n\n\n\n<div class=\"wp-block-buttons is-content-justification-center is-layout-flex wp-container-core-buttons-is-layout-a89b3969 wp-block-buttons-is-layout-flex\">\n<div class=\"wp-block-button\"><a class=\"wp-block-button__link wp-element-button\" href=\"https:\/\/gliwice.wordcamp.org\/2024\/bilety\/\">Kupuj\u0119 bilet mikrosponsora!<\/a><\/div>\n<\/div>\n","protected":false},"excerpt":{"rendered":"<p>Sponsoring WordCampa to doskona\u0142a okazja, by przedstawi\u0107 us\u0142ugi i ofert\u0119 swojej firmy polskiej spo\u0142eczno\u015bci entuzjast\u00f3w WordPressa. Zobacz, jakie pakiety przygotowali\u015bmy w tym roku \u2b07\ufe0f \u2b07\ufe0f \u2b07\ufe0f PAKIET Z\u0141OTO(5 pakiet\u00f3w)dost\u0119pny 0 z 5 pakiet\u00f3w SREBRO(9 pakiet\u00f3w)dost\u0119pne 9 z 9 pakiet\u00f3w BR\u0104Z(bez limit\u00f3w) MIKROSPONSOR(bez limit\u00f3w) Bilety na WordCamp Gliwice 3 2 1 1 Roll-up\/stand w holu + [&hellip;]<\/p>\n","protected":false},"author":20861145,"featured_media":787,"parent":0,"menu_order":0,"comment_status":"closed","ping_status":"closed","template":"","meta":{"jetpack_post_was_ever_published":false,"footnotes":""},"class_list":["post-629","page","type-page","status-publish","has-post-thumbnail","hentry"],"jetpack_sharing_enabled":true,"_links":{"self":[{"href":"https:\/\/gliwice.wordcamp.org\/2024\/wp-json\/wp\/v2\/pages\/629","targetHints":{"allow":["GET"]}}],"collection":[{"href":"https:\/\/gliwice.wordcamp.org\/2024\/wp-json\/wp\/v2\/pages"}],"about":[{"href":"https:\/\/gliwice.wordcamp.org\/2024\/wp-json\/wp\/v2\/types\/page"}],"author":[{"embeddable":true,"href":"https:\/\/gliwice.wordcamp.org\/2024\/wp-json\/wp\/v2\/users\/20861145"}],"replies":[{"embeddable":true,"href":"https:\/\/gliwice.wordcamp.org\/2024\/wp-json\/wp\/v2\/comments?post=629"}],"version-history":[{"count":20,"href":"https:\/\/gliwice.wordcamp.org\/2024\/wp-json\/wp\/v2\/pages\/629\/revisions"}],"predecessor-version":[{"id":2202,"href":"https:\/\/gliwice.wordcamp.org\/2024\/wp-json\/wp\/v2\/pages\/629\/revisions\/2202"}],"wp:featuredmedia":[{"embeddable":true,"href":"https:\/\/gliwice.wordcamp.org\/2024\/wp-json\/wp\/v2\/media\/787"}],"wp:attachment":[{"href":"https:\/\/gliwice.wordcamp.org\/2024\/wp-json\/wp\/v2\/media?parent=629"}],"curies":[{"name":"wp","href":"https:\/\/api.w.org\/{rel}","templated":true}]}}