{"id":7,"date":"2023-08-16T02:52:48","date_gmt":"2023-08-16T00:52:48","guid":{"rendered":"https:\/\/gliwice.wordcamp.org\/2024\/schedule\/"},"modified":"2024-04-09T10:52:46","modified_gmt":"2024-04-09T08:52:46","slug":"agenda","status":"publish","type":"page","link":"https:\/\/gliwice.wordcamp.org\/2024\/agenda\/","title":{"rendered":"Agenda"},"content":{"rendered":"\n<div class=\"wp-block-buttons is-content-justification-center is-layout-flex wp-container-core-buttons-is-layout-660f9ef0 wp-block-buttons-is-layout-flex\" style=\"margin-top:40px\">\n<div class=\"wp-block-button\"><a class=\"wp-block-button__link wp-element-button\" href=\"#sobota\">Sobota &#8211; prelekcje<\/a><\/div>\n\n\n\n<div class=\"wp-block-button\"><a class=\"wp-block-button__link wp-element-button\" href=\"#sobota-warsztaty\">Sobota &#8211; warsztaty<\/a><\/div>\n\n\n\n<div class=\"wp-block-button\"><a class=\"wp-block-button__link wp-element-button\" href=\"#niedziela\">Niedziela<\/a><\/div>\n\n\n\n<div class=\"wp-block-button\"><a class=\"wp-block-button__link wp-element-button\" href=\"#niedziela\">Contributor Day<\/a><\/div>\n<\/div>\n\n\n\n<div style=\"height:50px\" aria-hidden=\"true\" class=\"wp-block-spacer\"><\/div>\n\n\n\n<h2 class=\"wp-block-heading has-secondary-color has-text-color has-link-color wp-elements-14ec7eca0048e18ec6be6840e073c044\" id=\"sobota\"><strong>Pi\u0105tek, 12 kwietnia<\/strong><\/h2>\n\n\n\n<p>Zapraszamy na Bifor Party. Zaczynamy od 19:00 w Dobrym Zbeerze. <a href=\"https:\/\/gliwice.wordcamp.org\/2024\/bifor-party\/\">Tutaj sprawdzisz szczeg\u00f3\u0142y.<\/a><\/p>\n\n\n\n<h2 class=\"wp-block-heading has-secondary-color has-text-color has-link-color wp-elements-b5bc92f0b8796d8e52d59e1f3537982f\" id=\"sobota\"><strong>Sobota, 13 kwietnia<\/strong><\/h2>\n\n\n\n<div style=\"height:10px\" aria-hidden=\"true\" class=\"wp-block-spacer\"><\/div>\n\n\n\n<div\n\tclass=\"wp-block-wordcamp-schedule alignwide is-loading\"\n\t\tdata-attributes=\"{&quot;__isStylesPreview&quot;:false,&quot;align&quot;:&quot;wide&quot;,&quot;chooseSpecificDays&quot;:true,&quot;chosenDays&quot;:[&quot;2024-04-13&quot;],&quot;chooseSpecificTracks&quot;:true,&quot;chosenTrackIds&quot;:[43],&quot;showCategories&quot;:true,&quot;useClientTimezone&quot;:false,&quot;metadata&quot;:{&quot;name&quot;:&quot;&quot;},&quot;className&quot;:&quot;is-style-default&quot;}\"\n>\n\tWczytywanie\u2026<\/div>\n\n\n\t<div class=\"email-form fav-session-email-form-hide\">\n\t\t<!-- Tab links -->\n\t\t<div class=\"fav-session-share-tab\">\n\t\t\t\t\t\t\t<div class=\"fav-session-tablinks\" id=\"fav-session-btn-email\">\n\t\t\t\t\tE-mail\t\t\t\t<\/div>\n\t\t\t\n\t\t\t<div class=\"fav-session-tablinks\" id=\"fav-session-btn-link\">\n\t\t\t\tOdno\u015bnik\t\t\t<\/div>\n\n\t\t\t<div class=\"fav-session-tablinks\" id=\"fav-session-btn-print\">\n\t\t\t\tDrukuj\t\t\t<\/div>\n\t\t<\/div>\n\n\t\t<!-- Tab content -->\n\t\t\t\t\t<div id=\"fav-session-tab-email\" class=\"fav-session-share-tabcontent\">\n\t\t\t\t<div id=\"fav-session-email-form\">\n\t\t\t\t\tWy\u015blij mi moj\u0105 ulubion\u0105 sesj\u0119:\n\t\t\t\t\t<form id=\"fav-sessions-form\">\n\t\t\t\t\t\t<input\n\t\t\t\t\t\t\ttype=\"text\"\n\t\t\t\t\t\t\tname=\"email_address\"\n\t\t\t\t\t\t\tid=\"fav-sessions-email-address\"\n\t\t\t\t\t\t\tplaceholder=\"me@protonmail.com\"\n\t\t\t\t\t\t\/>\n\t\t\t\t\t\t<input type=\"submit\" value=\"Wy\u015blij\" \/>\n\t\t\t\t\t<\/form>\n\t\t\t\t<\/div>\n\n\t\t\t\t<div class=\"fav-session-email-wait-spinner\"><\/div>\n\t\t\t\t<div class=\"fav-session-email-result\"><\/div>\n\t\t\t<\/div>\n\t\t\n\t\t<div id=\"fav-session-tab-link\" class=\"fav-session-share-tabcontent\">\n\t\t\t\u0141\u0105cze do udost\u0119pniania:\t\t\t<br \/>\n\t\t\t<a id=\"fav-sessions-link\" href=\"\"><\/a>\n\t\t<\/div>\n\n\t\t<div id=\"fav-session-tab-print\" class=\"fav-session-share-tabcontent\">\n\t\t\t<button id=\"fav-session-print\">\n\t\t\t\tDrukuj ulubione sesje\t\t\t<\/button>\n\t\t<\/div>\n\t<\/div>\n\n\t<a class=\"show-email-form\" href=\"javascript:\">\n\t\t<span class=\"dashicons dashicons-star-filled\"><\/span>\n\t\t<span class=\"dashicons dashicons-email-alt\"><\/span>\n\t<\/a>\n\n\t\n\n\n<div style=\"height:20px\" aria-hidden=\"true\" class=\"wp-block-spacer\"><\/div>\n\n\n\n<h2 class=\"wp-block-heading has-secondary-color has-text-color has-link-color wp-elements-8f9bbddfb5d895ebf27e600fc4104f8a\" id=\"sobota-warsztaty\"><strong>Sobota, 13 kwietnia &#8211; warsztaty<\/strong><\/h2>\n\n\n\n<div style=\"height:20px\" aria-hidden=\"true\" class=\"wp-block-spacer\"><\/div>\n\n\n\n<div\n\tclass=\"wp-block-wordcamp-schedule alignwide is-loading\"\n\t\tdata-attributes=\"{&quot;__isStylesPreview&quot;:false,&quot;align&quot;:&quot;wide&quot;,&quot;chooseSpecificDays&quot;:true,&quot;chosenDays&quot;:[&quot;2024-04-13&quot;],&quot;chooseSpecificTracks&quot;:true,&quot;chosenTrackIds&quot;:[45,44],&quot;showCategories&quot;:true,&quot;useClientTimezone&quot;:false,&quot;className&quot;:&quot;is-style-default&quot;}\"\n>\n\tWczytywanie\u2026<\/div>\n\n\n\n\n<div style=\"height:10px\" aria-hidden=\"true\" class=\"wp-block-spacer\"><\/div>\n\n\n\n<h2 class=\"wp-block-heading has-secondary-color has-text-color has-link-color wp-elements-fe1389a52b5489a07ed7678dfd4c0805\"><strong>Sobota, 13 kwietnia &#8211; 20:00<\/strong><\/h2>\n\n\n\n<p>Po tym dniu konferencji o 20:00 zapraszamy na oficjalne&nbsp;<a href=\"https:\/\/gliwice.wordcamp.org\/2024\/middle-party\/\" data-type=\"page\" data-id=\"1700\">Middle Party<\/a>.&nbsp;<\/p>\n\n\n\n<div style=\"height:20px\" aria-hidden=\"true\" class=\"wp-block-spacer\"><\/div>\n\n\n\n<h2 class=\"wp-block-heading has-secondary-color has-text-color has-link-color wp-elements-35c15f761698787e4a530545b3fb78c0\" id=\"niedziela\"><strong>Niedziela, 14 kwietnia<\/strong><\/h2>\n\n\n\n<div style=\"height:20px\" aria-hidden=\"true\" class=\"wp-block-spacer\"><\/div>\n\n\n\n<div\n\tclass=\"wp-block-wordcamp-schedule alignwide is-loading\"\n\t\tdata-attributes=\"{&quot;__isStylesPreview&quot;:false,&quot;align&quot;:&quot;wide&quot;,&quot;chooseSpecificDays&quot;:true,&quot;chosenDays&quot;:[&quot;2024-04-14&quot;],&quot;chooseSpecificTracks&quot;:false,&quot;chosenTrackIds&quot;:[45,44],&quot;showCategories&quot;:true,&quot;useClientTimezone&quot;:false,&quot;className&quot;:&quot;is-style-default&quot;}\"\n>\n\tWczytywanie\u2026<\/div>\n\n\n\n\n<div style=\"height:30px\" aria-hidden=\"true\" class=\"wp-block-spacer\"><\/div>\n","protected":false},"excerpt":{"rendered":"<p>Pi\u0105tek, 12 kwietnia Zapraszamy na Bifor Party. Zaczynamy od 19:00 w Dobrym Zbeerze. Tutaj sprawdzisz szczeg\u00f3\u0142y. Sobota, 13 kwietnia Sobota, 13 kwietnia &#8211; warsztaty Sobota, 13 kwietnia &#8211; 20:00 Po tym dniu konferencji o 20:00 zapraszamy na oficjalne&nbsp;Middle Party.&nbsp; Niedziela, 14 kwietnia<\/p>\n","protected":false},"author":5600279,"featured_media":0,"parent":0,"menu_order":0,"comment_status":"closed","ping_status":"closed","template":"","meta":{"jetpack_post_was_ever_published":true,"footnotes":""},"class_list":["post-7","page","type-page","status-publish","hentry"],"jetpack_sharing_enabled":true,"_links":{"self":[{"href":"https:\/\/gliwice.wordcamp.org\/2024\/wp-json\/wp\/v2\/pages\/7","targetHints":{"allow":["GET"]}}],"collection":[{"href":"https:\/\/gliwice.wordcamp.org\/2024\/wp-json\/wp\/v2\/pages"}],"about":[{"href":"https:\/\/gliwice.wordcamp.org\/2024\/wp-json\/wp\/v2\/types\/page"}],"author":[{"embeddable":true,"href":"https:\/\/gliwice.wordcamp.org\/2024\/wp-json\/wp\/v2\/users\/5600279"}],"replies":[{"embeddable":true,"href":"https:\/\/gliwice.wordcamp.org\/2024\/wp-json\/wp\/v2\/comments?post=7"}],"version-history":[{"count":26,"href":"https:\/\/gliwice.wordcamp.org\/2024\/wp-json\/wp\/v2\/pages\/7\/revisions"}],"predecessor-version":[{"id":2596,"href":"https:\/\/gliwice.wordcamp.org\/2024\/wp-json\/wp\/v2\/pages\/7\/revisions\/2596"}],"wp:attachment":[{"href":"https:\/\/gliwice.wordcamp.org\/2024\/wp-json\/wp\/v2\/media?parent=7"}],"curies":[{"name":"wp","href":"https:\/\/api.w.org\/{rel}","templated":true}]}}