{"id":769,"date":"2024-01-23T13:38:38","date_gmt":"2024-01-23T12:38:38","guid":{"rendered":"https:\/\/gliwice.wordcamp.org\/2024\/?page_id=769"},"modified":"2024-01-23T21:07:59","modified_gmt":"2024-01-23T20:07:59","slug":"porady-i-oczekiwania-dla-prelegentow","status":"publish","type":"page","link":"https:\/\/gliwice.wordcamp.org\/2024\/porady-i-oczekiwania-dla-prelegentow\/","title":{"rendered":"Porady i oczekiwania dla prelegent\u00f3w"},"content":{"rendered":"\n<p>Jeste\u015bmy wdzi\u0119czni za Twoje zainteresowanie pomoc\u0105 w zorganizowaniu <strong>WordCamp Gliwice 2024!<\/strong><\/p>\n\n\n\n<p>Chocia\u017c bardzo cenimy to, co prelegenci wnosz\u0105 do konferencji, nie mo\u017cemy pokry\u0107 koszt\u00f3w podr\u00f3\u017cy, zakwaterowania ani wynagrodzi\u0107 (finansowo) prelegent\u00f3w za ich czas, ale:<\/p>\n\n\n\n<ol class=\"wp-block-list\">\n<li>Jako prelegent otrzymasz darmowy bilet na konferencj\u0119.<\/li>\n\n\n\n<li>Ka\u017cdy zatwierdzony przez nas prelegent otrzyma specjalny wpis na blogu oraz w mediach spo\u0142eczno\u015bciowych o swoim nadchodz\u0105cym wyst\u0105pieniu.<\/li>\n\n\n\n<li>Ka\u017cdy prelegent otrzyma najpotrzebniejsze wsparcie, zar\u00f3wno podczas prelekcji, jak i przed \u2013 zapoznamy si\u0119 z Twoj\u0105 prezentacj\u0105 i podpowiemy, jak lepiej j\u0105 przygotowa\u0107 pod k\u0105tem wyst\u0105pienia na WordCampie.<\/li>\n\n\n\n<li>Rola prelegenta to \u015bwietna okazja do pokazania swoich umiej\u0119tno\u015bci i sprawdzenia si\u0119 przed szersz\u0105 publiczno\u015bci\u0105.<\/li>\n\n\n\n<li>Ka\u017cdy prelegent otrzyma specjaln\u0105 odznak\u0119 na wordpress.org.<\/li>\n<\/ol>\n\n\n\n<p>Mamy kilka wskaz\u00f3wek i oczekiwa\u0144 dla prelegent\u00f3w, kt\u00f3rymi chcieliby\u015bmy si\u0119 z Tob\u0105 podzieli\u0107, aby pom\u00f3c Ci w przygotowaniu Twojego zg\u0142oszenia.<\/p>\n\n\n\n<div style=\"height:25px\" aria-hidden=\"true\" class=\"wp-block-spacer\"><\/div>\n\n\n\n<h2 class=\"wp-block-heading\">Wskaz\u00f3wki i oczekiwania (regulamin)<\/h2>\n\n\n\n<ol class=\"wp-block-list\">\n<li><strong>Zg\u0142o\u015b temat, kt\u00f3ry Ci\u0119 pasjonuje!<\/strong> Nie musisz by\u0107 ekspertem, ale mamy nadziej\u0119, \u017ce masz ciekaw\u0105 histori\u0119 do opowiedzenia i umiej\u0119tno\u015bci, kt\u00f3rymi mo\u017cesz si\u0119 podzieli\u0107.<\/li>\n\n\n\n<li><strong>Sprawd\u017a pisowni\u0119 i gramatyk\u0119<\/strong> w swoim zg\u0142oszeniu, szczeg\u00f3lnie nazwy marek, takich jak WordPress, WordCamp itp.<\/li>\n\n\n\n<li><strong>Przygotuj tytu\u0142 i opis prelekcji gotowy do publikacji w agendzie.<\/strong> Twoje zg\u0142oszenie zostanie opublikowane w agendzie dok\u0142adnie w takiej formie, w jakiej je prze\u015blesz.<\/li>\n\n\n\n<li>Twoje szanse wzrosn\u0105, je\u015bli zg\u0142osisz wi\u0119cej ni\u017c jedn\u0105 propozycj\u0119 &#8211; czasami dostajemy wiele zg\u0142osze\u0144 na jeden temat, wi\u0119c je\u015bli zg\u0142osisz r\u00f3\u017cne prelekcje, \u0142atwiej b\u0119dzie Ci\u0119 uwzgl\u0119dni\u0107. <strong>Jednak nie zg\u0142aszaj wi\u0119cej ni\u017c dw\u00f3ch prelekcji oraz dw\u00f3ch warsztat\u00f3w\/paneli.<\/strong> We\u017amiemy pod uwag\u0119 tylko ostatnie wys\u0142ane przez Ciebie zg\u0142oszenia. Ka\u017cdy temat zg\u0142o\u015b osobno.<\/li>\n\n\n\n<li>Unikaj temat\u00f3w lub skojarze\u0144 religijnych i politycznych.<\/li>\n\n\n\n<li>Pami\u0119taj, <strong>prezentacja nie mo\u017ce zawiera\u0107 tylko tre\u015bci komercyjnych promuj\u0105cych w\u0142asne produkty\/us\u0142ugi (w tym wtyczki).<\/strong> Zaakceptujemy jednak case study na temat konkretnego produktu\/us\u0142ugi lub wtyczki.<\/li>\n\n\n\n<li>Wszystkie prezentacje b\u0119d\u0105 wy\u015bwietlanie na laptopie konferencyjnym (brak mo\u017cliwo\u015bci podpi\u0119cia swojego sprz\u0119tu), wymagany format prezentacji to <strong>PDF<\/strong>.<\/li>\n\n\n\n<li>W swojej prezentaci <strong>musisz doda\u0107 na samym pocz\u0105tku dodatkowy slajd &#8211; stron\u0119 tytu\u0142ow\u0105<\/strong>,<strong> <\/strong>kt\u00f3r\u0105 dla Ciebie przygotujemy.<\/li>\n\n\n\n<li>Pytania publiczno\u015bci mog\u0105 pojawi\u0107 si\u0119 dopiero na sam koniec \u015bcie\u017cki tematycznej, dlatego prosimy o niezamieszczanie w prezentacji slajdu dotycz\u0105cego pyta\u0144. Sesje Q&amp;A b\u0119d\u0105 si\u0119 odbywa\u0142y na koniec slotu tematycznego (tu\u017c przed przerw\u0105).<\/li>\n\n\n\n<li>Draft prezentacji musi zosta\u0107 przes\u0142any do nas najp\u00f3\u017aniej do dnia <strong>24. marca<\/strong>, ostateczna wersja do <strong>4. kwietnia<\/strong>, ale mile widziane jest przes\u0142anie jej wcze\u015bniej, aby\u015bmy mogli j\u0105 zweryfikowa\u0107 i pom\u00f3c przy ewentualnych problemach i w\u0105tpliwo\u015bciach.<\/li>\n<\/ol>\n\n\n\n<div style=\"height:25px\" aria-hidden=\"true\" class=\"wp-block-spacer\"><\/div>\n\n\n\n<h2 class=\"wp-block-heading\">Dobre praktyki przygotowania prezentacji<\/h2>\n\n\n\n<ol class=\"wp-block-list\">\n<li>Dobra prezentacja to taka, kt\u00f3ra przykuje oko widowni. Staraj si\u0119 u\u017cywa\u0107 ciekawych ilustracji, adekwatnych screen\u00f3w. Mo\u017cesz u\u017cywa\u0107 grafik stworzonych przez AI.<\/li>\n\n\n\n<li>Unikaj slajd\u00f3w wypchanych tekstem! Nie robi\u0105 dobrego wra\u017cenia wyst\u0105pienia, podczas kt\u00f3rych prelegent m\u00f3wi dok\u0142adnie to, co jest napisane na slajdzie.<\/li>\n\n\n\n<li>Unikaj live codingu &#8211; z do\u015bwiadczenia wiemy, \u017ce podczas takich wyst\u0105pie\u0144 jest wi\u0119cej problem\u00f3w ni\u017c korzy\u015bci. Je\u017celi musisz os\u0105dzi\u0107 pewien proces tworzenia kodu \u2013 nagraj wcze\u015bniej filmik i zamie\u015b\u0107 go na slajdzie \u2013 pami\u0119taj, aby nie by\u0142 zbyt d\u0142ugi. Mo\u017cesz r\u00f3wnie\u017c pomy\u015ble\u0107 o przeprowadzeniu warsztatu zamiast prelekcji.<\/li>\n\n\n\n<li>Unikaj za\u0142\u0105czania film\u00f3w lub innych multimedi\u00f3w z zewn\u0105trz. Filmy i media osadzaj lokalnie w prezentacji (jako za\u0142\u0105cznik).<\/li>\n\n\n\n<li>Koniecznie prze\u0107wicz swoje wyst\u0105pienie wcze\u015bniej, pami\u0119taj, \u017ce musisz zmie\u015bci\u0107 si\u0119 w czasie <strong>18 minut<\/strong> i ten czas b\u0119dzie bardzo czujnie monitorowany ze wzgl\u0119du na zaplanowany program.<\/li>\n\n\n\n<li>Pami\u0119taj o sp\u00f3jno\u015bci i nie odbieganiu od tematyki prezentacji. Warto stosowa\u0107 metod\u0119 &#8222;od og\u00f3\u0142u do szczeg\u00f3\u0142u&#8221;.<\/li>\n\n\n\n<li>Postaraj si\u0119 unika\u0107 zbyt du\u017cej ilo\u015bci mem\u00f3w lub \u015bmiesznych tre\u015bci, aby nikogo nie urazi\u0107. Zapoznaj si\u0119 koniecznie z <a href=\"https:\/\/gliwice.wordcamp.org\/2024\/code-of-conduct\/\">Zasadami Post\u0119powania<\/a>.<\/li>\n<\/ol>\n\n\n\n<div style=\"height:25px\" aria-hidden=\"true\" class=\"wp-block-spacer\"><\/div>\n","protected":false},"excerpt":{"rendered":"<p>Jeste\u015bmy wdzi\u0119czni za Twoje zainteresowanie pomoc\u0105 w zorganizowaniu WordCamp Gliwice 2024! Chocia\u017c bardzo cenimy to, co prelegenci wnosz\u0105 do konferencji, nie mo\u017cemy pokry\u0107 koszt\u00f3w podr\u00f3\u017cy, zakwaterowania ani wynagrodzi\u0107 (finansowo) prelegent\u00f3w za ich czas, ale: Mamy kilka wskaz\u00f3wek i oczekiwa\u0144 dla prelegent\u00f3w, kt\u00f3rymi chcieliby\u015bmy si\u0119 z Tob\u0105 podzieli\u0107, aby pom\u00f3c Ci w przygotowaniu Twojego zg\u0142oszenia. Wskaz\u00f3wki [&hellip;]<\/p>\n","protected":false},"author":16129975,"featured_media":0,"parent":0,"menu_order":0,"comment_status":"closed","ping_status":"closed","template":"","meta":{"jetpack_post_was_ever_published":false,"footnotes":""},"class_list":["post-769","page","type-page","status-publish","hentry"],"jetpack_sharing_enabled":true,"_links":{"self":[{"href":"https:\/\/gliwice.wordcamp.org\/2024\/wp-json\/wp\/v2\/pages\/769","targetHints":{"allow":["GET"]}}],"collection":[{"href":"https:\/\/gliwice.wordcamp.org\/2024\/wp-json\/wp\/v2\/pages"}],"about":[{"href":"https:\/\/gliwice.wordcamp.org\/2024\/wp-json\/wp\/v2\/types\/page"}],"replies":[{"embeddable":true,"href":"https:\/\/gliwice.wordcamp.org\/2024\/wp-json\/wp\/v2\/comments?post=769"}],"version-history":[{"count":14,"href":"https:\/\/gliwice.wordcamp.org\/2024\/wp-json\/wp\/v2\/pages\/769\/revisions"}],"predecessor-version":[{"id":1097,"href":"https:\/\/gliwice.wordcamp.org\/2024\/wp-json\/wp\/v2\/pages\/769\/revisions\/1097"}],"author":[{"embeddable":true,"href":"https:\/\/gliwice.wordcamp.org\/2024\/wp-json\/wporg\/v1\/users\/bruno2k"}],"wp:attachment":[{"href":"https:\/\/gliwice.wordcamp.org\/2024\/wp-json\/wp\/v2\/media?parent=769"}],"curies":[{"name":"wp","href":"https:\/\/api.w.org\/{rel}","templated":true}]}}