{"id":771,"date":"2024-01-23T13:37:21","date_gmt":"2024-01-23T12:37:21","guid":{"rendered":"https:\/\/gliwice.wordcamp.org\/2024\/?page_id=771"},"modified":"2024-02-22T22:16:33","modified_gmt":"2024-02-22T21:16:33","slug":"zostan-prelegentem-na-wordcamp-gliwice-2024","status":"publish","type":"page","link":"https:\/\/gliwice.wordcamp.org\/2024\/zostan-prelegentem-na-wordcamp-gliwice-2024\/","title":{"rendered":"Zosta\u0144 prelegentem na WordCamp Gliwice 2024"},"content":{"rendered":"\n<p class=\"has-text-align-center has-tertiary-color has-primary-background-color has-text-color has-background has-link-color has-large-font-size wp-elements-38fbea8de183e9a4224ba94ef70792de\" style=\"text-transform:uppercase\"><strong>Zako\u0144czyli\u015bmy przyjmowanie zg\u0142osze\u0144. Wkr\u00f3tce skontaktujemy si\u0119 ze wszystkimi osobami, kt\u00f3re przes\u0142a\u0142y formularz. Dzi\u0119kujemy.<\/strong><\/p>\n\n\n\n<p>Je\u017celi jeste\u015b zainteresowany\/zainteresowana wyst\u0105pieniem przed szersz\u0105 publiczno\u015bci\u0105 i chcesz podzieli\u0107 si\u0119 swoj\u0105 wiedz\u0105 to masz wyj\u0105tkow\u0105 okazj\u0119 zg\u0142osi\u0107 si\u0119 do nas z w\u0142asn\u0105 prezentacj\u0105.<\/p>\n\n\n\n<p>Uczestnictwo w WordCamp Gliwice 2024 to \u015bwietna okazja na poszerzenie swojej wiedzy i umiej\u0119tno\u015bci, r\u00f3wnie\u017c jako m\u00f3wca i mentor. Zach\u0119camy Ci\u0119 do przes\u0142ania swojego zg\u0142oszenia.<\/p>\n\n\n\n<p>Mo\u017cna zg\u0142osi\u0107 swoje wyst\u0105pienie w wybranej \u015bcie\u017cce tematycznej w 1 z 3 form prelekcji:<\/p>\n\n\n\n<ul class=\"wp-block-list\">\n<li>Prezentacja<\/li>\n\n\n\n<li>Warsztaty<\/li>\n\n\n\n<li>Panel dyskusyjny (grupa min. 3 osoby)<\/li>\n<\/ul>\n\n\n\n<div style=\"height:25px\" aria-hidden=\"true\" class=\"wp-block-spacer\"><\/div>\n\n\n\n<h2 class=\"wp-block-heading\">Wa\u017cne informacje<\/h2>\n\n\n\n<ol class=\"wp-block-list\">\n<li>Nie musisz mie\u0107 wcze\u015bniejszego do\u015bwiadczenia jako prelegent.<\/li>\n\n\n\n<li>Jako prelegent otrzymasz darmowy bilet.<\/li>\n\n\n\n<li>Ka\u017cdy zatwierdzony przez nas prelegent otrzyma specjalny wpis na blogu oraz w mediach spo\u0142eczno\u015bciowych o swoim nadchodz\u0105cym wyst\u0105pieniu.<\/li>\n\n\n\n<li>Ka\u017cdy prelegent otrzyma najpotrzebniejsze wsparcie, zar\u00f3wno podczas prelekcji jak i przed \u2013 zapoznamy si\u0119 z Twoj\u0105 prezentacj\u0105 i podpowiemy jak lepiej j\u0105 przygotowa\u0107 pod k\u0105tem wyst\u0105pienia na WordCampie.<\/li>\n\n\n\n<li><strong>Prezentacja nie mo\u017ce zawiera\u0107 tylko tre\u015bci komercyjnych promuj\u0105cych w\u0142asne produkty\/us\u0142ugi (w tym wtyczki).<\/strong> Zaakceptujemy jednak case study na temat konkretnego produktu\/us\u0142ugi lub wtyczki.<\/li>\n\n\n\n<li>Rola prelegenta to \u015bwietna okazja do pokazania swoich umiej\u0119tno\u015bci i sprawdzenie si\u0119 przed szersz\u0105 publiczno\u015bci\u0105.<\/li>\n\n\n\n<li>Ka\u017cdy prelegent otrzyma specjaln\u0105 odznak\u0119 na wordpress.org.<\/li>\n<\/ol>\n\n\n\n<p><a href=\"https:\/\/gliwice.wordcamp.org\/2024\/porady-i-oczekiwania-dla-prelegentow\">Przeczytaj porady i oczekiwania dla prelegent\u00f3w oraz regulamin \u2192<\/a><\/p>\n\n\n\n<div style=\"height:25px\" aria-hidden=\"true\" class=\"wp-block-spacer\"><\/div>\n\n\n\n<h2 class=\"wp-block-heading\">Terminy<\/h2>\n\n\n\n<p><s>Formularz zg\u0142oszeniowy zosta\u0142 otwarty <strong>23 stycznia 2024 r.<\/strong><\/s><\/p>\n\n\n\n<p><s>Termin zg\u0142aszania prelekcji mija<strong> 20 lutego 2024r. o godz.  23.59.<\/strong><\/s><\/p>\n\n\n\n<p>W tym czasie mo\u017cesz przes\u0142a\u0107 swoje propozycje temat\u00f3w. Jedna osoba mo\u017ce zg\u0142osi\u0107 <strong>maksymalnie 2 prelekcje + 2 warsztaty \/ panele<\/strong>.<\/p>\n\n\n\n<p>Do <strong>24. marca<\/strong> ka\u017cdy prelegent musi dostarczy\u0107 nam gotow\u0105 prezentacj\u0119, \u017ceby\u015bmy mogli dokona\u0107 sprawdzenia pod wzgl\u0119dem technicznym oraz merytorycznym.<\/p>\n\n\n\n<div style=\"height:25px\" aria-hidden=\"true\" class=\"wp-block-spacer\"><\/div>\n\n\n\n<h2 class=\"wp-block-heading\" id=\"tematyka\">Tematyka<\/h2>\n\n\n\n<p>Konferencja odb\u0119dzie si\u0119 w Gliwicach i mi\u0119dzy innymi st\u0105d czerpiemy inspiracj\u0119 do przygotowania agendy. Has\u0142em promocyjnym miasta jest <strong>&#8222;Future is here&#8221;<\/strong>, miasta b\u0119d\u0105cego du\u017cym, innowacyjnym o\u015brodkiem technologicznym na \u015al\u0105sku, nieformaln\u0105 &#8222;Gliwick\u0105 Dolin\u0105 Krzemow\u0105&#8221;.<\/p>\n\n\n\n<p>Opr\u00f3cz tradycyjnej na WordCampach \u015bcie\u017cki dla <strong>developer\u00f3w, stawiamy na elementy biznesu i innowacyjnych technologii<\/strong>, z kt\u00f3rych spo\u0142eczno\u015b\u0107 WordPressa mo\u017ce czerpa\u0107 korzy\u015bci. <\/p>\n\n\n\n<p>Proponujemy 3 \u015bcie\u017cki tematyczne: <strong>Biznes, Technology, Future<\/strong>.<\/p>\n\n\n\n<div style=\"height:25px\" aria-hidden=\"true\" class=\"wp-block-spacer\"><\/div>\n\n\n\n<h3 class=\"wp-block-heading\" id=\"kryteria\">\u015acie\u017cki tematyczne i kryteria, kt\u00f3re musi spe\u0142ni\u0107 prezentacja<\/h3>\n\n\n\n<ol class=\"wp-block-list\">\n<li>Podczas WordCamp Gliwice prelekcje b\u0119d\u0105 podzielone na 3 \u015bcie\u017cki tematyczne: <strong>Business, <strong>Technology, <\/strong>Future<\/strong>. Prelekcja powinna wpisywa\u0107 si\u0119 w te \u015bcie\u017cki.<\/li>\n\n\n\n<li>Prelekcje powinny skupia\u0107 si\u0119 na dostarczeniu niebanalnej i nieoczywistej wiedzy lub informacji. Powinny by\u0107 <strong>mocno merytoryczne i zaawansowane technicznie<\/strong>, albo <strong>inspiruj\u0105ce i poszerzaj\u0105ce horyzonty<\/strong>.<\/li>\n\n\n\n<li>Prelekcja musi zmie\u015bci\u0107 si\u0119 w czasie <strong>18 minut<\/strong>. Nie planuj live codingu, ani t\u0142umaczenia ka\u017cdej linijki kodu czy bardzo rozbudowanego case study &#8211; do tej formy zdecydowanie lepiej sprawdz\u0105 si\u0119 <strong>warsztaty<\/strong>.<\/li>\n\n\n\n<li>Pami\u0119taj, aby temat Twojej prelekcji by\u0142 <strong>ciekawy i unikalny<\/strong>. Unikaj tematyki dla os\u00f3b pocz\u0105tkuj\u0105cych, albo przedstawiania powszechnie znanych fakt\u00f3w.<\/li>\n\n\n\n<li><strong>Prezentacja nie mo\u017ce zawiera\u0107 tylko tre\u015bci komercyjnych promuj\u0105cych w\u0142asne produkty\/us\u0142ugi (w tym wtyczki).<\/strong> Zaakceptujemy jednak case study na temat konkretnego produktu\/us\u0142ugi lub wtyczki.<\/li>\n<\/ol>\n\n\n\n<div style=\"height:25px\" aria-hidden=\"true\" class=\"wp-block-spacer\"><\/div>\n\n\n\n<h2 class=\"wp-block-heading\">Co oznacza zostanie Prelegentem na WordCamp<\/h2>\n\n\n\n<ol class=\"wp-block-list\">\n<li>Pami\u0119taj, \u017ce WordCampy to wydarzenia non-profit, czyli organizowane s\u0105 przez wolontariuszy. <strong>Wolontariuszem jest r\u00f3wnie\u017c Prelegent.<\/strong><\/li>\n\n\n\n<li>Prezentacje bran\u017cowe lub sprzeda\u017cowe nie b\u0119d\u0105 przez nas odrzucane, ale maj\u0105 mniejsz\u0105 szans\u0119 na znalezienie si\u0119 w agendzie. Planuj\u0105c swoj\u0105 prezentacj\u0119 <strong>poka\u017c przede wszystkim siebie i swoje umiej\u0119tno\u015bci<\/strong> bez zbyt mocnego nacisku na konkretn\u0105 mark\u0119.<\/li>\n\n\n\n<li>Pami\u0119taj, \u017ce rozwi\u0105zania lub firmy, kt\u00f3re nie respektuj\u0105 licencji WordPressa, czyli GPL, nie b\u0119d\u0105 promowane na WordCampie, <strong>w \u017cadnej postaci<\/strong>.<\/li>\n\n\n\n<li><strong>Ka\u017cda prezentacja musi zosta\u0107 przez nas zweryfikowana pod wzgl\u0119dem merytorycznym i technicznym.<\/strong> Chcemy unikn\u0105\u0107 niepotrzebnych niedom\u00f3wie\u0144, kontrowersyjnych informacji lub problem\u00f3w technicznych podczas trwania prezentacji. Nades\u0142anie prezentacji wcze\u015bniej przed wydarzeniem, czyli max. do <strong>24. marca<\/strong>, jest bezwzgl\u0119dnie wymagane.<\/li>\n\n\n\n<li><strong>Prelegenci, kt\u00f3rzy nie prze\u015bl\u0105 w okre\u015blonym terminie swoich prezentacji, nie wyst\u0105pi\u0105 na WordCampie, a ich miejsce zajm\u0105 prelegenci rezerwowi<\/strong>.<\/li>\n\n\n\n<li>Wprowadzamy stanowisko <strong>Backup speaker<\/strong> &#8211; je\u015bli chcia\u0142by\u015b zast\u0105pi\u0107 dowolnego prelegenta w razie jego nieobecno\u015bci podczas WordCamp Gliwice 2024 i wyra\u017casz ochot\u0119 aby zosta\u0107 zapasowym speakerem oraz wyst\u0105pi\u0107 ze swoj\u0105 prezentacj\u0105 &#8211; zaznacz to w formularzu zg\u0142oszeniowym (mo\u017cemy poinformowa\u0107 o tym fakcie w ostatnim momencie).<\/li>\n<\/ol>\n\n\n\n<p><a href=\"https:\/\/gliwice.wordcamp.org\/2024\/porady-i-oczekiwania-dla-prelegentow\">Sprawd\u017a nasze porady i oczekiwania dla prelegent\u00f3w \u2192<\/a><\/p>\n\n\n\n<div style=\"height:25px\" aria-hidden=\"true\" class=\"wp-block-spacer\"><\/div>\n\n\n\n<div class=\"wp-block-group ikonki-kolumna has-background-background-color has-background is-layout-flow wp-block-group-is-layout-flow\" style=\"padding-right:0px;padding-left:0px\">\n<h3 class=\"wp-block-heading\">Jakie profity otrzymuje prelegent?<\/h3>\n\n\n\n<p>Uczestnictwo w WordCamp Gliwice 2024 to \u015bwietna okazja na poszerzenie swojej wiedzy i umiej\u0119tno\u015bci, r\u00f3wnie\u017c jako m\u00f3wca i mentor. Chocia\u017c bardzo cenimy to, co prelegenci wnosz\u0105 do konferencji, nie mo\u017cemy pokry\u0107 koszt\u00f3w podr\u00f3\u017cy, zakwaterowania ani wynagrodzi\u0107 (finansowo) prelegent\u00f3w za ich czas, ale:<\/p>\n\n\n\n<div class=\"wp-block-columns is-layout-flex wp-container-core-columns-is-layout-28f84493 wp-block-columns-is-layout-flex\">\n<div class=\"wp-block-column is-layout-flow wp-block-column-is-layout-flow\" style=\"flex-basis:10%\">\n<i class=\"fa-solid fa-ticket-simple\"><\/i>\n<\/div>\n\n\n\n<div class=\"wp-block-column is-layout-flow wp-block-column-is-layout-flow\">\n<p>Otrzymasz darmowy bilet na WordCamp Gliwice.<\/p>\n<\/div>\n<\/div>\n\n\n\n<div class=\"wp-block-columns is-layout-flex wp-container-core-columns-is-layout-28f84493 wp-block-columns-is-layout-flex\">\n<div class=\"wp-block-column is-layout-flow wp-block-column-is-layout-flow\" style=\"flex-basis:10%\">\n<i class=\"fa-solid fa-person-circle-check\"><\/i>\n<\/div>\n\n\n\n<div class=\"wp-block-column is-layout-flow wp-block-column-is-layout-flow\">\n<p>Otrzymasz zaproszenie na kolacj\u0119 w zabytkowej kopalni Guido w Zabrzu, kt\u00f3ra odb\u0119dzie si\u0119 w pi\u0105tek 12 kwietnia &#8211; to wydarzenie dedykowane dla naszych prelegent\u00f3w oraz sponsor\u00f3w. <\/p>\n<\/div>\n<\/div>\n\n\n\n<div class=\"wp-block-columns is-layout-flex wp-container-core-columns-is-layout-28f84493 wp-block-columns-is-layout-flex\">\n<div class=\"wp-block-column is-layout-flow wp-block-column-is-layout-flow\" style=\"flex-basis:10%\">\n<i class=\"fa-sharp fa-solid fa-shield-heart\"><\/i>\n<\/div>\n\n\n\n<div class=\"wp-block-column is-layout-flow wp-block-column-is-layout-flow\">\n<p>Otrzymasz odznak\u0119 w swoim profilu na WordPress.org.<\/p>\n<\/div>\n<\/div>\n\n\n\n<div class=\"wp-block-columns is-layout-flex wp-container-core-columns-is-layout-28f84493 wp-block-columns-is-layout-flex\">\n<div class=\"wp-block-column is-layout-flow wp-block-column-is-layout-flow\" style=\"flex-basis:10%\">\n<i class=\"fa-brands fa-square-facebook\"><\/i>\n<\/div>\n\n\n\n<div class=\"wp-block-column is-layout-flow wp-block-column-is-layout-flow\">\n<p>Otrzymasz specjalny wpis na blogu oraz w mediach spo\u0142eczno\u015bciowych o swoim nadchodz\u0105cym wyst\u0105pieniu.<\/p>\n<\/div>\n<\/div>\n\n\n\n<div class=\"wp-block-columns is-layout-flex wp-container-core-columns-is-layout-28f84493 wp-block-columns-is-layout-flex\">\n<div class=\"wp-block-column is-layout-flow wp-block-column-is-layout-flow\" style=\"flex-basis:10%\">\n<i class=\"fa-solid fa-user-group-simple\"><\/i>\n<\/div>\n\n\n\n<div class=\"wp-block-column is-layout-flow wp-block-column-is-layout-flow\">\n<p>Otrzymasz najpotrzebniejsze wsparcie, zar\u00f3wno podczas prelekcji, jak i przed \u2013 zapoznamy si\u0119 z Twoj\u0105 prezentacj\u0105 i podpowiemy, jak lepiej j\u0105 przygotowa\u0107 pod k\u0105tem wyst\u0105pienia na WordCampie.<\/p>\n<\/div>\n<\/div>\n<\/div>\n\n\n\n<div style=\"height:25px\" aria-hidden=\"true\" class=\"wp-block-spacer\"><\/div>\n\n\n\n<h2 class=\"wp-block-heading has-text-align-center\">Wype\u0142nij i wy\u015blij do nas formularz zg\u0142oszeniowy, odezwiemy si\u0119 wkr\u00f3tce!<\/h2>\n\n\n\n<div style=\"height:25px\" aria-hidden=\"true\" class=\"wp-block-spacer\"><\/div>\n\n\n\n<div class=\"wp-block-buttons is-content-justification-center is-layout-flex wp-container-core-buttons-is-layout-a89b3969 wp-block-buttons-is-layout-flex\">\n<div class=\"wp-block-button\" style=\"text-transform:uppercase\"><a class=\"wp-block-button__link has-text-align-center wp-element-button\" href=\"#\">Niestety termin zg\u0142osze\u0144 ju\u017c min\u0105\u0142!<\/a><\/div>\n<\/div>\n\n\n\n<div style=\"height:25px\" aria-hidden=\"true\" class=\"wp-block-spacer\"><\/div>\n\n\n\n<p class=\"has-text-align-center\"><strong>Skontaktujemy si\u0119 ze wszystkimi osobami, kt\u00f3re wype\u0142ni\u0142y poprawnie i przes\u0142a\u0142y formularz zg\u0142oszeniowy.<\/strong><\/p>\n\n\n\n<p class=\"has-text-align-center\">Prosimy, nie kupuj jeszcze biletu na konferencj\u0119. Je\u015bli Twoje zg\u0142oszenie zostanie zaakceptowane, otrzymasz darmowy bilet jako prelegent.<\/p>\n\n\n\n<div style=\"height:25px\" aria-hidden=\"true\" class=\"wp-block-spacer\"><\/div>\n","protected":false},"excerpt":{"rendered":"<p>Zako\u0144czyli\u015bmy przyjmowanie zg\u0142osze\u0144. Wkr\u00f3tce skontaktujemy si\u0119 ze wszystkimi osobami, kt\u00f3re przes\u0142a\u0142y formularz. Dzi\u0119kujemy. Je\u017celi jeste\u015b zainteresowany\/zainteresowana wyst\u0105pieniem przed szersz\u0105 publiczno\u015bci\u0105 i chcesz podzieli\u0107 si\u0119 swoj\u0105 wiedz\u0105 to masz wyj\u0105tkow\u0105 okazj\u0119 zg\u0142osi\u0107 si\u0119 do nas z w\u0142asn\u0105 prezentacj\u0105. Uczestnictwo w WordCamp Gliwice 2024 to \u015bwietna okazja na poszerzenie swojej wiedzy i umiej\u0119tno\u015bci, r\u00f3wnie\u017c jako m\u00f3wca i [&hellip;]<\/p>\n","protected":false},"author":16129975,"featured_media":786,"parent":0,"menu_order":0,"comment_status":"closed","ping_status":"closed","template":"","meta":{"jetpack_post_was_ever_published":false,"footnotes":""},"class_list":["post-771","page","type-page","status-publish","has-post-thumbnail","hentry"],"jetpack_sharing_enabled":true,"_links":{"self":[{"href":"https:\/\/gliwice.wordcamp.org\/2024\/wp-json\/wp\/v2\/pages\/771","targetHints":{"allow":["GET"]}}],"collection":[{"href":"https:\/\/gliwice.wordcamp.org\/2024\/wp-json\/wp\/v2\/pages"}],"about":[{"href":"https:\/\/gliwice.wordcamp.org\/2024\/wp-json\/wp\/v2\/types\/page"}],"replies":[{"embeddable":true,"href":"https:\/\/gliwice.wordcamp.org\/2024\/wp-json\/wp\/v2\/comments?post=771"}],"version-history":[{"count":46,"href":"https:\/\/gliwice.wordcamp.org\/2024\/wp-json\/wp\/v2\/pages\/771\/revisions"}],"predecessor-version":[{"id":1668,"href":"https:\/\/gliwice.wordcamp.org\/2024\/wp-json\/wp\/v2\/pages\/771\/revisions\/1668"}],"author":[{"embeddable":true,"href":"https:\/\/gliwice.wordcamp.org\/2024\/wp-json\/wporg\/v1\/users\/bruno2k"}],"wp:featuredmedia":[{"embeddable":true,"href":"https:\/\/gliwice.wordcamp.org\/2024\/wp-json\/wp\/v2\/media\/786"}],"wp:attachment":[{"href":"https:\/\/gliwice.wordcamp.org\/2024\/wp-json\/wp\/v2\/media?parent=771"}],"curies":[{"name":"wp","href":"https:\/\/api.w.org\/{rel}","templated":true}]}}